{"id":825,"date":"2018-04-22T12:00:57","date_gmt":"2018-04-22T10:00:57","guid":{"rendered":"https:\/\/wavelicker.com\/?post_type=product&#038;p=825"},"modified":"2024-04-03T17:20:14","modified_gmt":"2024-04-03T15:20:14","slug":"thereminator","status":"publish","type":"product","link":"https:\/\/wavelicker.com\/fr\/produit\/thereminator\/","title":{"rendered":"Thereminator"},"content":{"rendered":"","protected":false},"excerpt":{"rendered":"<p class=\" translation-block\">Thereminator a \u00e9t\u00e9 cr\u00e9\u00e9 avec la talentueuse joueuse de Theremine Coralie Ehinger.<br>\nIl permet d'utiliser la sortie CV des antennes th\u00e9r\u00e9mine (Etherwave Plus, E-Pro, ...) et de la convertir en sortie gate et trigger.<br>\nLe potentiom\u00e8tre permet de r\u00e9gler chacune des trois distances de d\u00e9clenchement et de les mettre en m\u00e9moire dans le module (ainsi les param\u00e8tres sont m\u00e9moris\u00e9s lors de l'extinction du module). Pour chaque distance, deux types de sorties sont possibles : gate et trigger.<br>\nLes gates se d\u00e9clenchent d\u00e8s que la distance de la main est sup\u00e9rieure \u00e0 celle qui a \u00e9t\u00e9 r\u00e9gl\u00e9e et restent tant que la main ne descend pas. Cela permet de d\u00e9clencher les enveloppes et de maintenir le son.v\nLes triggers sont des impulsions courtes (environ 10ms). Ils sont destin\u00e9s \u00e0 d\u00e9clencher des signaux de percussion ou d'horloge.<\/p>\n<p><a href=\"https:\/\/wavelicker.com\/thereminator\/\">Description<\/a><\/p>","protected":false},"featured_media":837,"template":"","meta":[],"product_cat":[22],"product_tag":[],"yoast_head":"<!-- This site is optimized with the Yoast SEO plugin v21.1 - https:\/\/yoast.com\/wordpress\/plugins\/seo\/ -->\n<title>Thereminator | WaveLicker<\/title>\n<meta name=\"robots\" content=\"index, follow, max-snippet:-1, max-image-preview:large, max-video-preview:-1\" \/>\n<link rel=\"canonical\" href=\"https:\/\/wavelicker.com\/fr\/produit\/thereminator\/\" \/>\n<meta property=\"og:locale\" content=\"fr_FR\" \/>\n<meta property=\"og:type\" content=\"article\" \/>\n<meta property=\"og:title\" content=\"Thereminator | WaveLicker\" \/>\n<meta property=\"og:description\" content=\"Thereminator has been created and design with the talented theremin player Coralie Ehinger. It allows to use the CV output of the theremin antennas (Etherwave Plus, E-Pro, \u2026) and to convert it to gate and trigger output. The potentiometer makes it possible to set each of the three release distances and to store them in memory in the module (thus the parameters are memorized during the extinction of the module). For each distance two kinds of outputs are possible: gate and trigger. The gates are triggered as soon as the distance of the hand is higher than the one that has been set and stays as long as the hand does not go down. This makes it possible to trigger the envelopes and maintain the sound. Triggers are short pulses (around 10ms). They are intended to trigger percussion or clocks signals.  Description\" \/>\n<meta property=\"og:url\" content=\"https:\/\/wavelicker.com\/fr\/produit\/thereminator\/\" \/>\n<meta property=\"og:site_name\" content=\"WaveLicker\" \/>\n<meta property=\"article:publisher\" content=\"http:\/\/www.facebook.com\/wavelicker\" \/>\n<meta property=\"article:modified_time\" content=\"2024-04-03T15:20:14+00:00\" \/>\n<meta property=\"og:image\" content=\"https:\/\/wavelicker.com\/wp-content\/uploads\/2018\/05\/thereminator_woocommerce.png\" \/>\n\t<meta property=\"og:image:width\" content=\"700\" \/>\n\t<meta property=\"og:image:height\" content=\"640\" \/>\n\t<meta property=\"og:image:type\" content=\"image\/png\" \/>\n<meta name=\"twitter:card\" content=\"summary_large_image\" \/>\n<script type=\"application\/ld+json\" class=\"yoast-schema-graph\">{\"@context\":\"https:\/\/schema.org\",\"@graph\":[{\"@type\":\"WebPage\",\"@id\":\"https:\/\/wavelicker.com\/produit\/thereminator\/\",\"url\":\"https:\/\/wavelicker.com\/produit\/thereminator\/\",\"name\":\"Thereminator | WaveLicker\",\"isPartOf\":{\"@id\":\"https:\/\/wavelicker.com\/#website\"},\"datePublished\":\"2018-04-22T10:00:57+00:00\",\"dateModified\":\"2024-04-03T15:20:14+00:00\",\"breadcrumb\":{\"@id\":\"https:\/\/wavelicker.com\/produit\/thereminator\/#breadcrumb\"},\"inLanguage\":\"fr-FR\",\"potentialAction\":[{\"@type\":\"ReadAction\",\"target\":[\"https:\/\/wavelicker.com\/produit\/thereminator\/\"]}]},{\"@type\":\"BreadcrumbList\",\"@id\":\"https:\/\/wavelicker.com\/produit\/thereminator\/#breadcrumb\",\"itemListElement\":[{\"@type\":\"ListItem\",\"position\":1,\"name\":\"Accueil\",\"item\":\"https:\/\/wavelicker.com\/\"},{\"@type\":\"ListItem\",\"position\":2,\"name\":\"Shop\",\"item\":\"https:\/\/wavelicker.com\/shop\/\"},{\"@type\":\"ListItem\",\"position\":3,\"name\":\"Thereminator\"}]},{\"@type\":\"WebSite\",\"@id\":\"https:\/\/wavelicker.com\/#website\",\"url\":\"https:\/\/wavelicker.com\/\",\"name\":\"WaveLicker\",\"description\":\"Cr\u00e9ateur de synth\u00e9tiseurs modulaires\",\"publisher\":{\"@id\":\"https:\/\/wavelicker.com\/#organization\"},\"potentialAction\":[{\"@type\":\"SearchAction\",\"target\":{\"@type\":\"EntryPoint\",\"urlTemplate\":\"https:\/\/wavelicker.com\/?s={search_term_string}\"},\"query-input\":\"required name=search_term_string\"}],\"inLanguage\":\"fr-FR\"},{\"@type\":\"Organization\",\"@id\":\"https:\/\/wavelicker.com\/#organization\",\"name\":\"WaveLicker\",\"url\":\"https:\/\/wavelicker.com\/\",\"logo\":{\"@type\":\"ImageObject\",\"inLanguage\":\"fr-FR\",\"@id\":\"https:\/\/wavelicker.com\/#\/schema\/logo\/image\/\",\"url\":\"https:\/\/wavelicker.com\/wp-content\/uploads\/2017\/07\/cropped-logo_carre_545x545-1.png\",\"contentUrl\":\"https:\/\/wavelicker.com\/wp-content\/uploads\/2017\/07\/cropped-logo_carre_545x545-1.png\",\"width\":512,\"height\":512,\"caption\":\"WaveLicker\"},\"image\":{\"@id\":\"https:\/\/wavelicker.com\/#\/schema\/logo\/image\/\"},\"sameAs\":[\"http:\/\/www.facebook.com\/wavelicker\"]}]}<\/script>\n<!-- \/ Yoast SEO plugin. -->","yoast_head_json":{"title":"Thereminator | WaveLicker","robots":{"index":"index","follow":"follow","max-snippet":"max-snippet:-1","max-image-preview":"max-image-preview:large","max-video-preview":"max-video-preview:-1"},"canonical":"https:\/\/wavelicker.com\/fr\/produit\/thereminator\/","og_locale":"fr_FR","og_type":"article","og_title":"Thereminator | WaveLicker","og_description":"Thereminator has been created and design with the talented theremin player Coralie Ehinger. It allows to use the CV output of the theremin antennas (Etherwave Plus, E-Pro, \u2026) and to convert it to gate and trigger output. The potentiometer makes it possible to set each of the three release distances and to store them in memory in the module (thus the parameters are memorized during the extinction of the module). For each distance two kinds of outputs are possible: gate and trigger. The gates are triggered as soon as the distance of the hand is higher than the one that has been set and stays as long as the hand does not go down. This makes it possible to trigger the envelopes and maintain the sound. Triggers are short pulses (around 10ms). They are intended to trigger percussion or clocks signals.  Description","og_url":"https:\/\/wavelicker.com\/fr\/produit\/thereminator\/","og_site_name":"WaveLicker","article_publisher":"http:\/\/www.facebook.com\/wavelicker","article_modified_time":"2024-04-03T15:20:14+00:00","og_image":[{"width":700,"height":640,"url":"https:\/\/wavelicker.com\/wp-content\/uploads\/2018\/05\/thereminator_woocommerce.png","type":"image\/png"}],"twitter_card":"summary_large_image","schema":{"@context":"https:\/\/schema.org","@graph":[{"@type":"WebPage","@id":"https:\/\/wavelicker.com\/produit\/thereminator\/","url":"https:\/\/wavelicker.com\/produit\/thereminator\/","name":"Thereminator | WaveLicker","isPartOf":{"@id":"https:\/\/wavelicker.com\/#website"},"datePublished":"2018-04-22T10:00:57+00:00","dateModified":"2024-04-03T15:20:14+00:00","breadcrumb":{"@id":"https:\/\/wavelicker.com\/produit\/thereminator\/#breadcrumb"},"inLanguage":"fr-FR","potentialAction":[{"@type":"ReadAction","target":["https:\/\/wavelicker.com\/produit\/thereminator\/"]}]},{"@type":"BreadcrumbList","@id":"https:\/\/wavelicker.com\/produit\/thereminator\/#breadcrumb","itemListElement":[{"@type":"ListItem","position":1,"name":"Accueil","item":"https:\/\/wavelicker.com\/"},{"@type":"ListItem","position":2,"name":"Shop","item":"https:\/\/wavelicker.com\/shop\/"},{"@type":"ListItem","position":3,"name":"Thereminator"}]},{"@type":"WebSite","@id":"https:\/\/wavelicker.com\/#website","url":"https:\/\/wavelicker.com\/","name":"WaveLicker","description":"Cr\u00e9ateur de synth\u00e9tiseurs modulaires","publisher":{"@id":"https:\/\/wavelicker.com\/#organization"},"potentialAction":[{"@type":"SearchAction","target":{"@type":"EntryPoint","urlTemplate":"https:\/\/wavelicker.com\/?s={search_term_string}"},"query-input":"required name=search_term_string"}],"inLanguage":"fr-FR"},{"@type":"Organization","@id":"https:\/\/wavelicker.com\/#organization","name":"WaveLicker","url":"https:\/\/wavelicker.com\/","logo":{"@type":"ImageObject","inLanguage":"fr-FR","@id":"https:\/\/wavelicker.com\/#\/schema\/logo\/image\/","url":"https:\/\/wavelicker.com\/wp-content\/uploads\/2017\/07\/cropped-logo_carre_545x545-1.png","contentUrl":"https:\/\/wavelicker.com\/wp-content\/uploads\/2017\/07\/cropped-logo_carre_545x545-1.png","width":512,"height":512,"caption":"WaveLicker"},"image":{"@id":"https:\/\/wavelicker.com\/#\/schema\/logo\/image\/"},"sameAs":["http:\/\/www.facebook.com\/wavelicker"]}]}},"_links":{"self":[{"href":"https:\/\/wavelicker.com\/fr\/wp-json\/wp\/v2\/product\/825"}],"collection":[{"href":"https:\/\/wavelicker.com\/fr\/wp-json\/wp\/v2\/product"}],"about":[{"href":"https:\/\/wavelicker.com\/fr\/wp-json\/wp\/v2\/types\/product"}],"wp:featuredmedia":[{"embeddable":true,"href":"https:\/\/wavelicker.com\/fr\/wp-json\/wp\/v2\/media\/837"}],"wp:attachment":[{"href":"https:\/\/wavelicker.com\/fr\/wp-json\/wp\/v2\/media?parent=825"}],"wp:term":[{"taxonomy":"product_cat","embeddable":true,"href":"https:\/\/wavelicker.com\/fr\/wp-json\/wp\/v2\/product_cat?post=825"},{"taxonomy":"product_tag","embeddable":true,"href":"https:\/\/wavelicker.com\/fr\/wp-json\/wp\/v2\/product_tag?post=825"}],"curies":[{"name":"wp","href":"https:\/\/api.w.org\/{rel}","templated":true}]}}