{"id":787,"date":"2018-02-05T17:16:26","date_gmt":"2018-02-05T15:16:26","guid":{"rendered":"https:\/\/wavelicker.com\/?post_type=product&#038;p=787"},"modified":"2024-02-26T15:03:17","modified_gmt":"2024-02-26T13:03:17","slug":"toyboy","status":"publish","type":"product","link":"https:\/\/wavelicker.com\/fr\/produit\/toyboy\/","title":{"rendered":"ToyBoy"},"content":{"rendered":"","protected":false},"excerpt":{"rendered":"<p class=\" translation-block\">ToyBoy vous permet de moduler deux entr\u00e9es CV en att\u00e9nuation \u00e0 l'aide de boutons et\/ou d'un joystick PlayStation.<br>\nLa sortie \" mix \" est la somme des deux CV. La sortie \" gate \" est activ\u00e9e lorsque l'on appuie sur le joystick.<br>\nSi aucun jack n'est connect\u00e9 \u00e0 une entr\u00e9e, alors une tension fixe lui est appliqu\u00e9e. Cela permet de g\u00e9n\u00e9rer des tensions variables \u00e0 partir du potentiom\u00e8tre et \/ ou du joystick.<br>\nCette fonction est pratique pour ajouter un offset \u00e0 un CV en utilisant la sortie de mixage.<\/p>\n<p><a href=\"https:\/\/wavelicker.com\/toyboy\/\">Description<\/a><\/p>","protected":false},"featured_media":820,"template":"","meta":[],"product_cat":[22],"product_tag":[],"yoast_head":"<!-- This site is optimized with the Yoast SEO plugin v21.1 - https:\/\/yoast.com\/wordpress\/plugins\/seo\/ -->\n<title>ToyBoy | WaveLicker<\/title>\n<meta name=\"robots\" content=\"index, follow, max-snippet:-1, max-image-preview:large, max-video-preview:-1\" \/>\n<link rel=\"canonical\" href=\"https:\/\/wavelicker.com\/fr\/produit\/toyboy\/\" \/>\n<meta property=\"og:locale\" content=\"fr_FR\" \/>\n<meta property=\"og:type\" content=\"article\" \/>\n<meta property=\"og:title\" content=\"ToyBoy | WaveLicker\" \/>\n<meta property=\"og:description\" content=\"ToyBoy allows you to modulate two CV inputs in attenuvertion using knobs and \/ or a PlayStation joystick. The output \u00ab mix \u00bb is the sum of the two CVs. The gate output is activated when the joystick is pressed. If no jack is connected to an input, then a fixed voltage is applied to it. This makes it possible to generate variable voltages from the potentiometer and \/ or the joystick. This feature is convenient for adding an offset to a CV using the mix output.  Description\" \/>\n<meta property=\"og:url\" content=\"https:\/\/wavelicker.com\/fr\/produit\/toyboy\/\" \/>\n<meta property=\"og:site_name\" content=\"WaveLicker\" \/>\n<meta property=\"article:publisher\" content=\"http:\/\/www.facebook.com\/wavelicker\" \/>\n<meta property=\"article:modified_time\" content=\"2024-02-26T13:03:17+00:00\" \/>\n<meta property=\"og:image\" content=\"https:\/\/wavelicker.com\/wp-content\/uploads\/2018\/04\/toyboy_woocommerce.png\" \/>\n\t<meta property=\"og:image:width\" content=\"700\" \/>\n\t<meta property=\"og:image:height\" content=\"640\" \/>\n\t<meta property=\"og:image:type\" content=\"image\/png\" \/>\n<meta name=\"twitter:card\" content=\"summary_large_image\" \/>\n<script type=\"application\/ld+json\" class=\"yoast-schema-graph\">{\"@context\":\"https:\/\/schema.org\",\"@graph\":[{\"@type\":\"WebPage\",\"@id\":\"https:\/\/wavelicker.com\/produit\/toyboy\/\",\"url\":\"https:\/\/wavelicker.com\/produit\/toyboy\/\",\"name\":\"ToyBoy | WaveLicker\",\"isPartOf\":{\"@id\":\"https:\/\/wavelicker.com\/#website\"},\"datePublished\":\"2018-02-05T15:16:26+00:00\",\"dateModified\":\"2024-02-26T13:03:17+00:00\",\"breadcrumb\":{\"@id\":\"https:\/\/wavelicker.com\/produit\/toyboy\/#breadcrumb\"},\"inLanguage\":\"fr-FR\",\"potentialAction\":[{\"@type\":\"ReadAction\",\"target\":[\"https:\/\/wavelicker.com\/produit\/toyboy\/\"]}]},{\"@type\":\"BreadcrumbList\",\"@id\":\"https:\/\/wavelicker.com\/produit\/toyboy\/#breadcrumb\",\"itemListElement\":[{\"@type\":\"ListItem\",\"position\":1,\"name\":\"Accueil\",\"item\":\"https:\/\/wavelicker.com\/\"},{\"@type\":\"ListItem\",\"position\":2,\"name\":\"Shop\",\"item\":\"https:\/\/wavelicker.com\/shop\/\"},{\"@type\":\"ListItem\",\"position\":3,\"name\":\"ToyBoy\"}]},{\"@type\":\"WebSite\",\"@id\":\"https:\/\/wavelicker.com\/#website\",\"url\":\"https:\/\/wavelicker.com\/\",\"name\":\"WaveLicker\",\"description\":\"Cr\u00e9ateur de synth\u00e9tiseurs modulaires\",\"publisher\":{\"@id\":\"https:\/\/wavelicker.com\/#organization\"},\"potentialAction\":[{\"@type\":\"SearchAction\",\"target\":{\"@type\":\"EntryPoint\",\"urlTemplate\":\"https:\/\/wavelicker.com\/?s={search_term_string}\"},\"query-input\":\"required name=search_term_string\"}],\"inLanguage\":\"fr-FR\"},{\"@type\":\"Organization\",\"@id\":\"https:\/\/wavelicker.com\/#organization\",\"name\":\"WaveLicker\",\"url\":\"https:\/\/wavelicker.com\/\",\"logo\":{\"@type\":\"ImageObject\",\"inLanguage\":\"fr-FR\",\"@id\":\"https:\/\/wavelicker.com\/#\/schema\/logo\/image\/\",\"url\":\"https:\/\/wavelicker.com\/wp-content\/uploads\/2017\/07\/cropped-logo_carre_545x545-1.png\",\"contentUrl\":\"https:\/\/wavelicker.com\/wp-content\/uploads\/2017\/07\/cropped-logo_carre_545x545-1.png\",\"width\":512,\"height\":512,\"caption\":\"WaveLicker\"},\"image\":{\"@id\":\"https:\/\/wavelicker.com\/#\/schema\/logo\/image\/\"},\"sameAs\":[\"http:\/\/www.facebook.com\/wavelicker\"]}]}<\/script>\n<!-- \/ Yoast SEO plugin. -->","yoast_head_json":{"title":"ToyBoy | WaveLicker","robots":{"index":"index","follow":"follow","max-snippet":"max-snippet:-1","max-image-preview":"max-image-preview:large","max-video-preview":"max-video-preview:-1"},"canonical":"https:\/\/wavelicker.com\/fr\/produit\/toyboy\/","og_locale":"fr_FR","og_type":"article","og_title":"ToyBoy | WaveLicker","og_description":"ToyBoy allows you to modulate two CV inputs in attenuvertion using knobs and \/ or a PlayStation joystick. The output \u00ab mix \u00bb is the sum of the two CVs. The gate output is activated when the joystick is pressed. If no jack is connected to an input, then a fixed voltage is applied to it. This makes it possible to generate variable voltages from the potentiometer and \/ or the joystick. This feature is convenient for adding an offset to a CV using the mix output.  Description","og_url":"https:\/\/wavelicker.com\/fr\/produit\/toyboy\/","og_site_name":"WaveLicker","article_publisher":"http:\/\/www.facebook.com\/wavelicker","article_modified_time":"2024-02-26T13:03:17+00:00","og_image":[{"width":700,"height":640,"url":"https:\/\/wavelicker.com\/wp-content\/uploads\/2018\/04\/toyboy_woocommerce.png","type":"image\/png"}],"twitter_card":"summary_large_image","schema":{"@context":"https:\/\/schema.org","@graph":[{"@type":"WebPage","@id":"https:\/\/wavelicker.com\/produit\/toyboy\/","url":"https:\/\/wavelicker.com\/produit\/toyboy\/","name":"ToyBoy | WaveLicker","isPartOf":{"@id":"https:\/\/wavelicker.com\/#website"},"datePublished":"2018-02-05T15:16:26+00:00","dateModified":"2024-02-26T13:03:17+00:00","breadcrumb":{"@id":"https:\/\/wavelicker.com\/produit\/toyboy\/#breadcrumb"},"inLanguage":"fr-FR","potentialAction":[{"@type":"ReadAction","target":["https:\/\/wavelicker.com\/produit\/toyboy\/"]}]},{"@type":"BreadcrumbList","@id":"https:\/\/wavelicker.com\/produit\/toyboy\/#breadcrumb","itemListElement":[{"@type":"ListItem","position":1,"name":"Accueil","item":"https:\/\/wavelicker.com\/"},{"@type":"ListItem","position":2,"name":"Shop","item":"https:\/\/wavelicker.com\/shop\/"},{"@type":"ListItem","position":3,"name":"ToyBoy"}]},{"@type":"WebSite","@id":"https:\/\/wavelicker.com\/#website","url":"https:\/\/wavelicker.com\/","name":"WaveLicker","description":"Cr\u00e9ateur de synth\u00e9tiseurs modulaires","publisher":{"@id":"https:\/\/wavelicker.com\/#organization"},"potentialAction":[{"@type":"SearchAction","target":{"@type":"EntryPoint","urlTemplate":"https:\/\/wavelicker.com\/?s={search_term_string}"},"query-input":"required name=search_term_string"}],"inLanguage":"fr-FR"},{"@type":"Organization","@id":"https:\/\/wavelicker.com\/#organization","name":"WaveLicker","url":"https:\/\/wavelicker.com\/","logo":{"@type":"ImageObject","inLanguage":"fr-FR","@id":"https:\/\/wavelicker.com\/#\/schema\/logo\/image\/","url":"https:\/\/wavelicker.com\/wp-content\/uploads\/2017\/07\/cropped-logo_carre_545x545-1.png","contentUrl":"https:\/\/wavelicker.com\/wp-content\/uploads\/2017\/07\/cropped-logo_carre_545x545-1.png","width":512,"height":512,"caption":"WaveLicker"},"image":{"@id":"https:\/\/wavelicker.com\/#\/schema\/logo\/image\/"},"sameAs":["http:\/\/www.facebook.com\/wavelicker"]}]}},"_links":{"self":[{"href":"https:\/\/wavelicker.com\/fr\/wp-json\/wp\/v2\/product\/787"}],"collection":[{"href":"https:\/\/wavelicker.com\/fr\/wp-json\/wp\/v2\/product"}],"about":[{"href":"https:\/\/wavelicker.com\/fr\/wp-json\/wp\/v2\/types\/product"}],"wp:featuredmedia":[{"embeddable":true,"href":"https:\/\/wavelicker.com\/fr\/wp-json\/wp\/v2\/media\/820"}],"wp:attachment":[{"href":"https:\/\/wavelicker.com\/fr\/wp-json\/wp\/v2\/media?parent=787"}],"wp:term":[{"taxonomy":"product_cat","embeddable":true,"href":"https:\/\/wavelicker.com\/fr\/wp-json\/wp\/v2\/product_cat?post=787"},{"taxonomy":"product_tag","embeddable":true,"href":"https:\/\/wavelicker.com\/fr\/wp-json\/wp\/v2\/product_tag?post=787"}],"curies":[{"name":"wp","href":"https:\/\/api.w.org\/{rel}","templated":true}]}}