{"id":75,"date":"2017-07-15T20:36:25","date_gmt":"2017-07-15T18:36:25","guid":{"rendered":"https:\/\/wavelicker.com\/?post_type=product&#038;p=75"},"modified":"2024-03-22T16:39:20","modified_gmt":"2024-03-22T14:39:20","slug":"viceetversa","status":"publish","type":"product","link":"https:\/\/wavelicker.com\/fr\/produit\/viceetversa\/","title":{"rendered":"ViceEtVersa"},"content":{"rendered":"","protected":false},"excerpt":{"rendered":"<p class=\" translation-block\">ViceEtVersa a \u00e9t\u00e9 cr\u00e9\u00e9 pour un ami, Gabriel Scotti, qui voulait cette fonction pour cr\u00e9er des motifs rythmiques.<br>\nCe module divise la fr\u00e9quence de l'horloge et fonctionne particuli\u00e8rement bien avec des g\u00e9n\u00e9rateurs de rythme. Lorsqu'un signal d'horloge (Gate, Trigger, LFO, ...) arrive \u00e0 l'entr\u00e9e TRIG, la sortie passe au niveau haut (environ 10v), elle le restera jusqu'\u00e0 ce que l'entr\u00e9e TRIG revienne \u00e0 z\u00e9ro et qu'un nouveau signal arrive.<br>\nChaque fois qu'un signal de r\u00e9initialisation est d\u00e9tect\u00e9 \u00e0 l'entr\u00e9e RES, les sorties passent \u00e0 z\u00e9ro jusqu'\u00e0 ce que la tension de r\u00e9initialisation disparaisse.<br>\nLes deux parties des modules fonctionnent de la m\u00eame mani\u00e8re. Si aucun jack n'est branch\u00e9 \u00e0 l'entr\u00e9e 2, la sortie 1 est achemin\u00e9e vers la deuxi\u00e8me unit\u00e9.<br>\nViceEtVersa peut \u00e9galement \u00eatre utilis\u00e9 comme un octaveur. Si un oscillateur entre dans l'entr\u00e9e TRIG, la sortie sera un signal carr\u00e9 dont la fr\u00e9quence est inf\u00e9rieure d'une octave \u00e0 la fr\u00e9quence d'entr\u00e9e. Si aucun jack n'est branch\u00e9 \u00e0 l'entr\u00e9e 2, la fr\u00e9quence de sortie 2 sera inf\u00e9rieure de deux octaves au signal d'entr\u00e9e. Cette fonction fonctionne particuli\u00e8rement bien avec les signaux carr\u00e9s.<\/p>\n<p><a href=\"https:\/\/wavelicker.com\/viceetversa\/\">Description<\/a><\/p>","protected":false},"featured_media":821,"template":"","meta":[],"product_cat":[22],"product_tag":[],"yoast_head":"<!-- This site is optimized with the Yoast SEO plugin v21.1 - https:\/\/yoast.com\/wordpress\/plugins\/seo\/ -->\n<title>ViceEtVersa | WaveLicker<\/title>\n<meta name=\"robots\" content=\"index, follow, max-snippet:-1, max-image-preview:large, max-video-preview:-1\" \/>\n<link rel=\"canonical\" href=\"https:\/\/wavelicker.com\/fr\/produit\/viceetversa\/\" \/>\n<meta property=\"og:locale\" content=\"fr_FR\" \/>\n<meta property=\"og:type\" content=\"article\" \/>\n<meta property=\"og:title\" content=\"ViceEtVersa | WaveLicker\" \/>\n<meta property=\"og:description\" content=\"This module divides the clock frequency and works particularly well with rhythm generators. When a Clock (Gate, Trigger, LFO, \u2026) signal arrives at the TRIG input, the output goes high (about 10v), so it will remain until the TRIG input returns to zero and A new signal arrives. Each time a reset signal is detected at the RES input, the outputs will go to zero until the reset voltage disappears. The two parts of the modules work in the same way. If no jack is plugged into input 2, output 1 is routed to the second module. This module works particularly well with square signals. ViceEtVersa can also be used as an octave. If an oscillator enters the TRIG input, the output will be a square signal whose frequency is one octave lower than the incoming frequency. If no jack is plugged into input 2, output frequency 2 will be two octaves lower than the input signal.  Description\" \/>\n<meta property=\"og:url\" content=\"https:\/\/wavelicker.com\/fr\/produit\/viceetversa\/\" \/>\n<meta property=\"og:site_name\" content=\"WaveLicker\" \/>\n<meta property=\"article:publisher\" content=\"http:\/\/www.facebook.com\/wavelicker\" \/>\n<meta property=\"article:modified_time\" content=\"2024-03-22T14:39:20+00:00\" \/>\n<meta property=\"og:image\" content=\"https:\/\/wavelicker.com\/wp-content\/uploads\/2018\/04\/viceetversa_woocommerce.png\" \/>\n\t<meta property=\"og:image:width\" content=\"700\" \/>\n\t<meta property=\"og:image:height\" content=\"640\" \/>\n\t<meta property=\"og:image:type\" content=\"image\/png\" \/>\n<meta name=\"twitter:card\" content=\"summary_large_image\" \/>\n<script type=\"application\/ld+json\" class=\"yoast-schema-graph\">{\"@context\":\"https:\/\/schema.org\",\"@graph\":[{\"@type\":\"WebPage\",\"@id\":\"https:\/\/wavelicker.com\/produit\/viceetversa\/\",\"url\":\"https:\/\/wavelicker.com\/produit\/viceetversa\/\",\"name\":\"ViceEtVersa | WaveLicker\",\"isPartOf\":{\"@id\":\"https:\/\/wavelicker.com\/#website\"},\"datePublished\":\"2017-07-15T18:36:25+00:00\",\"dateModified\":\"2024-03-22T14:39:20+00:00\",\"breadcrumb\":{\"@id\":\"https:\/\/wavelicker.com\/produit\/viceetversa\/#breadcrumb\"},\"inLanguage\":\"fr-FR\",\"potentialAction\":[{\"@type\":\"ReadAction\",\"target\":[\"https:\/\/wavelicker.com\/produit\/viceetversa\/\"]}]},{\"@type\":\"BreadcrumbList\",\"@id\":\"https:\/\/wavelicker.com\/produit\/viceetversa\/#breadcrumb\",\"itemListElement\":[{\"@type\":\"ListItem\",\"position\":1,\"name\":\"Accueil\",\"item\":\"https:\/\/wavelicker.com\/\"},{\"@type\":\"ListItem\",\"position\":2,\"name\":\"Shop\",\"item\":\"https:\/\/wavelicker.com\/shop\/\"},{\"@type\":\"ListItem\",\"position\":3,\"name\":\"ViceEtVersa\"}]},{\"@type\":\"WebSite\",\"@id\":\"https:\/\/wavelicker.com\/#website\",\"url\":\"https:\/\/wavelicker.com\/\",\"name\":\"WaveLicker\",\"description\":\"Cr\u00e9ateur de synth\u00e9tiseurs modulaires\",\"publisher\":{\"@id\":\"https:\/\/wavelicker.com\/#organization\"},\"potentialAction\":[{\"@type\":\"SearchAction\",\"target\":{\"@type\":\"EntryPoint\",\"urlTemplate\":\"https:\/\/wavelicker.com\/?s={search_term_string}\"},\"query-input\":\"required name=search_term_string\"}],\"inLanguage\":\"fr-FR\"},{\"@type\":\"Organization\",\"@id\":\"https:\/\/wavelicker.com\/#organization\",\"name\":\"WaveLicker\",\"url\":\"https:\/\/wavelicker.com\/\",\"logo\":{\"@type\":\"ImageObject\",\"inLanguage\":\"fr-FR\",\"@id\":\"https:\/\/wavelicker.com\/#\/schema\/logo\/image\/\",\"url\":\"https:\/\/wavelicker.com\/wp-content\/uploads\/2017\/07\/cropped-logo_carre_545x545-1.png\",\"contentUrl\":\"https:\/\/wavelicker.com\/wp-content\/uploads\/2017\/07\/cropped-logo_carre_545x545-1.png\",\"width\":512,\"height\":512,\"caption\":\"WaveLicker\"},\"image\":{\"@id\":\"https:\/\/wavelicker.com\/#\/schema\/logo\/image\/\"},\"sameAs\":[\"http:\/\/www.facebook.com\/wavelicker\"]}]}<\/script>\n<!-- \/ Yoast SEO plugin. -->","yoast_head_json":{"title":"ViceEtVersa | WaveLicker","robots":{"index":"index","follow":"follow","max-snippet":"max-snippet:-1","max-image-preview":"max-image-preview:large","max-video-preview":"max-video-preview:-1"},"canonical":"https:\/\/wavelicker.com\/fr\/produit\/viceetversa\/","og_locale":"fr_FR","og_type":"article","og_title":"ViceEtVersa | WaveLicker","og_description":"This module divides the clock frequency and works particularly well with rhythm generators. When a Clock (Gate, Trigger, LFO, \u2026) signal arrives at the TRIG input, the output goes high (about 10v), so it will remain until the TRIG input returns to zero and A new signal arrives. Each time a reset signal is detected at the RES input, the outputs will go to zero until the reset voltage disappears. The two parts of the modules work in the same way. If no jack is plugged into input 2, output 1 is routed to the second module. This module works particularly well with square signals. ViceEtVersa can also be used as an octave. If an oscillator enters the TRIG input, the output will be a square signal whose frequency is one octave lower than the incoming frequency. If no jack is plugged into input 2, output frequency 2 will be two octaves lower than the input signal.  Description","og_url":"https:\/\/wavelicker.com\/fr\/produit\/viceetversa\/","og_site_name":"WaveLicker","article_publisher":"http:\/\/www.facebook.com\/wavelicker","article_modified_time":"2024-03-22T14:39:20+00:00","og_image":[{"width":700,"height":640,"url":"https:\/\/wavelicker.com\/wp-content\/uploads\/2018\/04\/viceetversa_woocommerce.png","type":"image\/png"}],"twitter_card":"summary_large_image","schema":{"@context":"https:\/\/schema.org","@graph":[{"@type":"WebPage","@id":"https:\/\/wavelicker.com\/produit\/viceetversa\/","url":"https:\/\/wavelicker.com\/produit\/viceetversa\/","name":"ViceEtVersa | WaveLicker","isPartOf":{"@id":"https:\/\/wavelicker.com\/#website"},"datePublished":"2017-07-15T18:36:25+00:00","dateModified":"2024-03-22T14:39:20+00:00","breadcrumb":{"@id":"https:\/\/wavelicker.com\/produit\/viceetversa\/#breadcrumb"},"inLanguage":"fr-FR","potentialAction":[{"@type":"ReadAction","target":["https:\/\/wavelicker.com\/produit\/viceetversa\/"]}]},{"@type":"BreadcrumbList","@id":"https:\/\/wavelicker.com\/produit\/viceetversa\/#breadcrumb","itemListElement":[{"@type":"ListItem","position":1,"name":"Accueil","item":"https:\/\/wavelicker.com\/"},{"@type":"ListItem","position":2,"name":"Shop","item":"https:\/\/wavelicker.com\/shop\/"},{"@type":"ListItem","position":3,"name":"ViceEtVersa"}]},{"@type":"WebSite","@id":"https:\/\/wavelicker.com\/#website","url":"https:\/\/wavelicker.com\/","name":"WaveLicker","description":"Cr\u00e9ateur de synth\u00e9tiseurs modulaires","publisher":{"@id":"https:\/\/wavelicker.com\/#organization"},"potentialAction":[{"@type":"SearchAction","target":{"@type":"EntryPoint","urlTemplate":"https:\/\/wavelicker.com\/?s={search_term_string}"},"query-input":"required name=search_term_string"}],"inLanguage":"fr-FR"},{"@type":"Organization","@id":"https:\/\/wavelicker.com\/#organization","name":"WaveLicker","url":"https:\/\/wavelicker.com\/","logo":{"@type":"ImageObject","inLanguage":"fr-FR","@id":"https:\/\/wavelicker.com\/#\/schema\/logo\/image\/","url":"https:\/\/wavelicker.com\/wp-content\/uploads\/2017\/07\/cropped-logo_carre_545x545-1.png","contentUrl":"https:\/\/wavelicker.com\/wp-content\/uploads\/2017\/07\/cropped-logo_carre_545x545-1.png","width":512,"height":512,"caption":"WaveLicker"},"image":{"@id":"https:\/\/wavelicker.com\/#\/schema\/logo\/image\/"},"sameAs":["http:\/\/www.facebook.com\/wavelicker"]}]}},"_links":{"self":[{"href":"https:\/\/wavelicker.com\/fr\/wp-json\/wp\/v2\/product\/75"}],"collection":[{"href":"https:\/\/wavelicker.com\/fr\/wp-json\/wp\/v2\/product"}],"about":[{"href":"https:\/\/wavelicker.com\/fr\/wp-json\/wp\/v2\/types\/product"}],"wp:featuredmedia":[{"embeddable":true,"href":"https:\/\/wavelicker.com\/fr\/wp-json\/wp\/v2\/media\/821"}],"wp:attachment":[{"href":"https:\/\/wavelicker.com\/fr\/wp-json\/wp\/v2\/media?parent=75"}],"wp:term":[{"taxonomy":"product_cat","embeddable":true,"href":"https:\/\/wavelicker.com\/fr\/wp-json\/wp\/v2\/product_cat?post=75"},{"taxonomy":"product_tag","embeddable":true,"href":"https:\/\/wavelicker.com\/fr\/wp-json\/wp\/v2\/product_tag?post=75"}],"curies":[{"name":"wp","href":"https:\/\/api.w.org\/{rel}","templated":true}]}}