{"id":860,"date":"2018-12-17T23:11:24","date_gmt":"2018-12-17T21:11:24","guid":{"rendered":"https:\/\/wavelicker.com\/?page_id=860"},"modified":"2022-02-27T15:51:44","modified_gmt":"2022-02-27T13:51:44","slug":"merryxmas","status":"publish","type":"page","link":"https:\/\/wavelicker.com\/fr\/merryxmas\/","title":{"rendered":"merryXmas description"},"content":{"rendered":"<div id=\"cs-content\" class=\"cs-content\"><div class=\"x-section e860-1 mnw-0\"><div class=\"x-row x-container max width e860-2 mnw-1 mnw-2\"><div class=\"x-row-inner\"><div class=\"x-col e860-3 mnw-4\"><div class=\"x-text x-text-headline e860-4 mnw-5 mnw-6 mnw-7 mnw-8\"><div class=\"x-text-content\"><div class=\"x-text-content-text\"><h1 class=\"x-text-content-text-primary\">merryXmas<\/h1><\/div><\/div><\/div><\/div><\/div><\/div><div class=\"x-row x-container max width e860-5 mnw-1 mnw-3\"><div class=\"x-row-inner\"><div class=\"x-col e860-6 mnw-4\"><span class=\"x-image e860-7 mnw-h\"><img src=\"https:\/\/wavelicker.com\/wp-content\/uploads\/2022\/01\/merryXmas._woocommerce.png\" width=\"350\" height=\"320\" alt=\"Image\" loading=\"lazy\"><\/span><\/div><div class=\"x-col e860-8 mnw-4\"><\/div><\/div><\/div><div class=\"x-row x-container max width e860-9 mnw-1 mnw-2\"><div class=\"x-row-inner\"><div class=\"x-col e860-10 mnw-4\"><div class=\"x-text x-text-headline e860-11 mnw-5 mnw-7 mnw-8 mnw-9 mnw-a mnw-b\"><div class=\"x-text-content\"><div class=\"x-text-content-text\"><h2 class=\"x-text-content-text-primary\">Comment cela fonctionne<\/h2><\/div><\/div><\/div><div class=\"x-text e860-12 mnw-j\">\u00c0 mi-chemin entre la bo\u00eete \u00e0 musique et la carte de v\u0153ux, merryXmas est un s\u00e9quenceur de musique pr\u00e9enregistr\u00e9e.<br><br>\nAvec le potentiom\u00e8tre, il est possible de r\u00e9gler la vitesse de la chanson, de tr\u00e8s lente \u00e0 tr\u00e8s rapide : en avant et en arri\u00e8re.<br>\nLes chansons sortent en audio LoFi avec 5 formes d'onde disponibles et en CV \/ Gate.<br><br>\nEn appuyant sur la touche de s\u00e9lection pendant quelques secondes, le morceau passe en mode de tirage al\u00e9atoire : les notes du morceau sont jou\u00e9es dans un ordre al\u00e9atoire.<\/div><div class=\"x-text x-text-headline e860-13 mnw-5 mnw-c mnw-d mnw-e\"><div class=\"x-text-content\"><div class=\"x-text-content-text\"><h3 class=\"x-text-content-text-primary\">Mode alternatif du module<\/h3><\/div><\/div><\/div><div class=\"x-text e860-14 mnw-j\">Le module propose \u00e9galement 8 contr\u00f4les diff\u00e9rents de formes diff\u00e9rentes dont le potentiom\u00e8tre contr\u00f4les la vitesse.<\/div><\/div><\/div><\/div><div class=\"x-row x-container max width e860-15 mnw-1 mnw-2\"><div class=\"x-row-inner\"><div class=\"x-col e860-16 mnw-4\"><div class=\"x-text x-text-headline e860-17 mnw-5 mnw-8 mnw-b mnw-c\"><div class=\"x-text-content\"><div class=\"x-text-content-text\"><h2 class=\"x-text-content-text-primary\">Sp\u00e9cifications<\/h2><\/div><\/div><\/div><div class=\"x-text e860-18 mnw-j\"><b>Largeur : <\/b>4hp (20mm)<br>\n<b>Profondeur : <\/b>35mm<br>\n<b>+12V : <\/b>80mA<br>\n<b>-12V : <\/b>0mA<br>\n<br>\n<b>Audio : <\/b>+\/- 5V<br>\n<b>Gate : <\/b>Bas : 0V \/ Haut : env. 10V<br>\n<b>CV : <\/b>0V to 5V<\/div><div class=\"x-text x-text-headline e860-19 mnw-5 mnw-c mnw-d mnw-e\"><div class=\"x-text-content\"><div class=\"x-text-content-text\"><h3 class=\"x-text-content-text-primary\">Chansons disponibles<\/h3><\/div><\/div><\/div><div class=\"x-text e860-20 mnw-j\"><b>\u20131\u2013 We wish you a Merry Christmas<br>\n\u20132\u2013 Vive le Vent !<br>\n\u20133\u2013 Les Anges dans nos Campagnes<br>\n\u20134\u2013 Cantique Suisse<br>\n\u20135\u2013 Peer Gynt: Dans l'antre du roi de la montagne (Grieg)<br>\n\u20136\u2013 J\u00e9sus, que ma Joie Demeure (JS Bach)<br>\n\u20137\u2013 Pr\u00e9lude (JS Bach)<br>\n\u20138\u2013 On The Run: s\u00e9quence du Synthi (Pink Floyd)<\/b><\/div><\/div><\/div><\/div><div class=\"x-row x-container max width e860-21 mnw-1 mnw-2\"><div class=\"x-row-inner\"><div class=\"x-col e860-22 mnw-4\"><div class=\"x-text x-text-headline e860-23 mnw-5 mnw-b mnw-c mnw-e\"><div class=\"x-text-content\"><div class=\"x-text-content-text\"><h2 class=\"x-text-content-text-primary\">Manuel d'Utilisation<\/h2><\/div><\/div><\/div><div class=\"x-text x-text-headline e860-24 mnw-5 mnw-c mnw-d mnw-e\"><div class=\"x-text-content\"><div class=\"x-text-content-text\"><h3 class=\"x-text-content-text-primary\">Mode Traditionnel:<\/h3><\/div><\/div><\/div><div class=\"x-text e860-25 mnw-j\">- Le bouton de s\u00e9lection vous permet de choisir la chanson<br>\n- Le potentiom\u00e8tre permet de r\u00e9gler la vitesse :<br>\n\u2013 Tr\u00e8s lent au centre<br>\n- du centre vers la droite : de lent \u00e0 tr\u00e8s rapide, le morceau est jou\u00e9 \"\u00e0 l'endroit\".<br>\n- du centre vers la gauche : de lent \u00e0 tr\u00e8s rapide, le morceau est jou\u00e9 \"\u00e0 l'envers\".<br>\nPour symboliser le fait que les LEDs montent ou descendent.<br><br>\n- Lorsque l'on appuie sur le bouton alors que le potentiom\u00e8tre est en position centrale, la forme d'onde du signal audio change :<br>\n<b>\u20131\u2013 Sinuso\u00efde<\/b><br>\n<b>\u20132\u2013 Triangle<\/b><br>\n<b>\u20133\u2013 Dent de scie montante<\/b><br>\n<b>\u20134\u2013 Carr\u00e9<\/b><br>\n<b>\u20135\u2013 Signal \u00ab T\u00e9lephone \u00bb (2 sinuso\u00efdes)<\/b><br><br>\n\u2013 Lorsque vous appuyez sur la touche de s\u00e9lection pendant quelques secondes, le morceau passe en mode al\u00e9atoire.<br>\nPour le symboliser, les LED s'allument en rythme de fa\u00e7on al\u00e9atoire.<br>\n\n<\/div><div class=\"x-text x-text-headline e860-26 mnw-5 mnw-c mnw-e mnw-f\"><div class=\"x-text-content\"><div class=\"x-text-content-text\"><h4 class=\"x-text-content-text-primary\">Mode al\u00e9atoire des chansons<\/h4><\/div><\/div><\/div><div class=\"x-text e860-27 mnw-j\">En appuyant sur la touche de s\u00e9lection pendant quelques secondes, le morceau passe en mode de tirage al\u00e9atoire : les notes du morceau sont jou\u00e9es dans un ordre al\u00e9atoire.<br>\n- Du centre \u00e0 la droite : de lent \u00e0 tr\u00e8s rapide, les touches conservent la valeur temporelle du morceau et les silences sont maintenus.<br>\n\u2013 Du centre vers la gauche : de lent \u00e0 tr\u00e8s rapide, chaque touche est jou\u00e9e \u00e0 la m\u00eame valeur temporelle, tous les silences sont supprim\u00e9s.<br><\/div><div class=\"x-text x-text-headline e860-28 mnw-5 mnw-c mnw-e mnw-f\"><div class=\"x-text-content\"><div class=\"x-text-content-text\"><h4 class=\"x-text-content-text-primary\">Mode al\u00e9atoire : mapping des notes de chaque chanson<\/h4><\/div><\/div><\/div><div class=\"x-text e860-29 mnw-j\">Voici une repr\u00e9sentation graphique de la distribution des touches pour chaque chanson, et donc de leur probabilit\u00e9 d'\u00eatre tir\u00e9es.<br><\/div><span class=\"x-image e860-30 mnw-h mnw-i\"><img src=\"https:\/\/wavelicker.com\/wp-content\/uploads\/2018\/12\/we_wish_you_a_merryXmass_probability.png\" width=\"853\" height=\"397\" alt=\"Image\" loading=\"lazy\"><\/span><span class=\"x-image e860-31 mnw-h mnw-i\"><img src=\"https:\/\/wavelicker.com\/wp-content\/uploads\/2018\/12\/jingle_bells_probability.png\" width=\"853\" height=\"397\" alt=\"Image\" loading=\"lazy\"><\/span><span class=\"x-image e860-32 mnw-h mnw-i\"><img src=\"https:\/\/wavelicker.com\/wp-content\/uploads\/2018\/12\/ange_dans_nos-campagnes_probability.png\" width=\"853\" height=\"397\" alt=\"Image\" loading=\"lazy\"><\/span><span class=\"x-image e860-33 mnw-h mnw-i\"><img src=\"https:\/\/wavelicker.com\/wp-content\/uploads\/2018\/12\/cantique_suisse_probability.png\" width=\"853\" height=\"397\" alt=\"Image\" loading=\"lazy\"><\/span><span class=\"x-image e860-34 mnw-h mnw-i\"><img src=\"https:\/\/wavelicker.com\/wp-content\/uploads\/2018\/12\/hall_of_the_mountain_king_probability.png\" width=\"853\" height=\"397\" alt=\"Image\" loading=\"lazy\"><\/span><span class=\"x-image e860-35 mnw-h mnw-i\"><img src=\"https:\/\/wavelicker.com\/wp-content\/uploads\/2018\/12\/jesus_ma_joie_demeure_probability.png\" width=\"853\" height=\"397\" alt=\"Image\" loading=\"lazy\"><\/span><span class=\"x-image e860-36 mnw-h mnw-i\"><img src=\"https:\/\/wavelicker.com\/wp-content\/uploads\/2018\/12\/Prelude_probability.png\" width=\"853\" height=\"397\" alt=\"Image\" loading=\"lazy\"><\/span><span class=\"x-image e860-37 mnw-h mnw-i\"><img src=\"https:\/\/wavelicker.com\/wp-content\/uploads\/2018\/12\/on_the_run_probability.png\" width=\"853\" height=\"397\" alt=\"Image\" loading=\"lazy\"><\/span><div class=\"x-text x-text-headline e860-38 mnw-5 mnw-7 mnw-a mnw-d mnw-e mnw-g\"><div class=\"x-text-content\"><div class=\"x-text-content-text\"><h3 class=\"x-text-content-text-primary\">Mode alternatif : formes d'ondes<\/h3><\/div><\/div><\/div><div class=\"x-text e860-39 mnw-j\">- Pour passer au mode alternatif, il suffit d'appuyer sur le bouton et de le maintenir enfonc\u00e9 lorsque le potentiom\u00e8tre est en position centrale.<br>\n- Le bouton de s\u00e9lection permet ensuite de passer d'un contr\u00f4le \u00e0 l'autre.<br>\nPour montrer visuellement que le mode alternatif est activ\u00e9, les LED ne clignotent pas, indiquant uniquement le contr\u00f4le courant.<\/div><div class=\"x-text e860-40 mnw-j\">Le module propose \u00e9galement 8 contr\u00f4les diff\u00e9rents de formes diff\u00e9rentes dont le potentiom\u00e8tre contr\u00f4les la vitesse.<br>\n<b>\u20131\u2013 Sinuso\u00efde<\/b><br>\n<b>\u20132\u2013 Triangle<\/b><br>\n<b>\u20133\u2013 Dent de scie montante<\/b><br>\n<b>\u20134\u2013 Dent de scie d\u00e9croissante<\/b><br>\n<b>\u20135\u2013 Carr\u00e9<\/b><br>\n<b>\u20136\u2013 Signal \u00ab T\u00e9lephone \u00bb (2 sinuso\u00efdes)<\/b><br><br>\nPour ces 6 premiers modes, les signaux sont disponibles dans la gamme audio (sortie audio), en LFO positif (0V - 5V), la sortie gate est haute lorsque le LFO est&gt; 2.5V.<br><br>\n<b>\u20137\u2013 Faux \u00ab Sample &amp; Hold \u00bb<\/b><br>\nFor this mode, the keys are randomly determined (noise => quantizer). The knob controls the speed of the note change.<br>Sur la sortie Audio, la hauteur d'une onde carr\u00e9e est modul\u00e9e par ce Sample &amp; Hold, sur la sortie CV : le CV de la note et sur la porte une impulsion en fonction de la vitesse.<br><br>\n\n<b>\u20138\u2013 G\u00e9n\u00e9rateur de buit \/ chaos<\/b><br>\nSortie audio:<br>\nG\u00e9n\u00e9rateur de bruit, le potentiom\u00e8tre permet de r\u00e9gler le \u00ab grain du bruit \u00bb de quelques tirs par minute fa\u00e7on compteur Geiger \u00e0 un son tr\u00e8s prononc\u00e9 et brut (mati\u00e8re fondue) pour finir sur un bruit filtr\u00e9 beaucoup plus doux.<br>\n\nSortie CV:<br>\nG\u00e9n\u00e9rateur de chaos, le signal fluctue de fa\u00e7on al\u00e9atoire entre 0V et 5V. Le potentiom\u00e8tre contr\u00f4le le taux de fluctuation.<br>\nSortie gate:<br>\nDes impulsions courtes sont g\u00e9n\u00e9r\u00e9es en accord avec le g\u00e9n\u00e9rateur de chaos.\n<\/div><\/div><\/div><\/div><\/div><\/div>","protected":false},"excerpt":{"rendered":"<p>merryXmasHow it worksHalfway between the music box and the greeting card, merryXmas is a sequencer of pre-recorded music. With the potentiometer, it is possible to adjust the speed of the &#8230; <\/p>\n<div><a href=\"https:\/\/wavelicker.com\/fr\/merryxmas\/\" class=\"more-link\">Read More<\/a><\/div>","protected":false},"author":1,"featured_media":0,"parent":0,"menu_order":0,"comment_status":"closed","ping_status":"closed","template":"template-blank-4.php","meta":[],"yoast_head":"<!-- This site is optimized with the Yoast SEO plugin v21.1 - https:\/\/yoast.com\/wordpress\/plugins\/seo\/ -->\n<title>merryXmas description | WaveLicker<\/title>\n<meta name=\"robots\" content=\"index, follow, max-snippet:-1, max-image-preview:large, max-video-preview:-1\" \/>\n<link rel=\"canonical\" href=\"https:\/\/wavelicker.com\/fr\/merryxmas\/\" \/>\n<meta property=\"og:locale\" content=\"fr_FR\" \/>\n<meta property=\"og:type\" content=\"article\" \/>\n<meta property=\"og:title\" content=\"merryXmas description | WaveLicker\" \/>\n<meta property=\"og:description\" content=\"merryXmasHow it worksHalfway between the music box and the greeting card, merryXmas is a sequencer of pre-recorded music. With the potentiometer, it is possible to adjust the speed of the ... Read More\" \/>\n<meta property=\"og:url\" content=\"https:\/\/wavelicker.com\/fr\/merryxmas\/\" \/>\n<meta property=\"og:site_name\" content=\"WaveLicker\" \/>\n<meta property=\"article:publisher\" content=\"http:\/\/www.facebook.com\/wavelicker\" \/>\n<meta property=\"article:modified_time\" content=\"2022-02-27T13:51:44+00:00\" \/>\n<meta name=\"twitter:card\" content=\"summary_large_image\" \/>\n<meta name=\"twitter:label1\" content=\"Dur\u00e9e de lecture estim\u00e9e\" \/>\n\t<meta name=\"twitter:data1\" content=\"5 minutes\" \/>\n<script type=\"application\/ld+json\" class=\"yoast-schema-graph\">{\"@context\":\"https:\/\/schema.org\",\"@graph\":[{\"@type\":\"WebPage\",\"@id\":\"https:\/\/wavelicker.com\/merryxmas\/\",\"url\":\"https:\/\/wavelicker.com\/merryxmas\/\",\"name\":\"merryXmas description | WaveLicker\",\"isPartOf\":{\"@id\":\"https:\/\/wavelicker.com\/#website\"},\"datePublished\":\"2018-12-17T21:11:24+00:00\",\"dateModified\":\"2022-02-27T13:51:44+00:00\",\"breadcrumb\":{\"@id\":\"https:\/\/wavelicker.com\/merryxmas\/#breadcrumb\"},\"inLanguage\":\"fr-FR\",\"potentialAction\":[{\"@type\":\"ReadAction\",\"target\":[\"https:\/\/wavelicker.com\/merryxmas\/\"]}]},{\"@type\":\"BreadcrumbList\",\"@id\":\"https:\/\/wavelicker.com\/merryxmas\/#breadcrumb\",\"itemListElement\":[{\"@type\":\"ListItem\",\"position\":1,\"name\":\"Accueil\",\"item\":\"https:\/\/wavelicker.com\/\"},{\"@type\":\"ListItem\",\"position\":2,\"name\":\"merryXmas description\"}]},{\"@type\":\"WebSite\",\"@id\":\"https:\/\/wavelicker.com\/#website\",\"url\":\"https:\/\/wavelicker.com\/\",\"name\":\"WaveLicker\",\"description\":\"Cr\u00e9ateur de synth\u00e9tiseurs modulaires\",\"publisher\":{\"@id\":\"https:\/\/wavelicker.com\/#organization\"},\"potentialAction\":[{\"@type\":\"SearchAction\",\"target\":{\"@type\":\"EntryPoint\",\"urlTemplate\":\"https:\/\/wavelicker.com\/?s={search_term_string}\"},\"query-input\":\"required name=search_term_string\"}],\"inLanguage\":\"fr-FR\"},{\"@type\":\"Organization\",\"@id\":\"https:\/\/wavelicker.com\/#organization\",\"name\":\"WaveLicker\",\"url\":\"https:\/\/wavelicker.com\/\",\"logo\":{\"@type\":\"ImageObject\",\"inLanguage\":\"fr-FR\",\"@id\":\"https:\/\/wavelicker.com\/#\/schema\/logo\/image\/\",\"url\":\"https:\/\/wavelicker.com\/wp-content\/uploads\/2017\/07\/cropped-logo_carre_545x545-1.png\",\"contentUrl\":\"https:\/\/wavelicker.com\/wp-content\/uploads\/2017\/07\/cropped-logo_carre_545x545-1.png\",\"width\":512,\"height\":512,\"caption\":\"WaveLicker\"},\"image\":{\"@id\":\"https:\/\/wavelicker.com\/#\/schema\/logo\/image\/\"},\"sameAs\":[\"http:\/\/www.facebook.com\/wavelicker\"]}]}<\/script>\n<!-- \/ Yoast SEO plugin. -->","yoast_head_json":{"title":"merryXmas description | WaveLicker","robots":{"index":"index","follow":"follow","max-snippet":"max-snippet:-1","max-image-preview":"max-image-preview:large","max-video-preview":"max-video-preview:-1"},"canonical":"https:\/\/wavelicker.com\/fr\/merryxmas\/","og_locale":"fr_FR","og_type":"article","og_title":"merryXmas description | WaveLicker","og_description":"merryXmasHow it worksHalfway between the music box and the greeting card, merryXmas is a sequencer of pre-recorded music. With the potentiometer, it is possible to adjust the speed of the ... Read More","og_url":"https:\/\/wavelicker.com\/fr\/merryxmas\/","og_site_name":"WaveLicker","article_publisher":"http:\/\/www.facebook.com\/wavelicker","article_modified_time":"2022-02-27T13:51:44+00:00","twitter_card":"summary_large_image","twitter_misc":{"Dur\u00e9e de lecture estim\u00e9e":"5 minutes"},"schema":{"@context":"https:\/\/schema.org","@graph":[{"@type":"WebPage","@id":"https:\/\/wavelicker.com\/merryxmas\/","url":"https:\/\/wavelicker.com\/merryxmas\/","name":"merryXmas description | WaveLicker","isPartOf":{"@id":"https:\/\/wavelicker.com\/#website"},"datePublished":"2018-12-17T21:11:24+00:00","dateModified":"2022-02-27T13:51:44+00:00","breadcrumb":{"@id":"https:\/\/wavelicker.com\/merryxmas\/#breadcrumb"},"inLanguage":"fr-FR","potentialAction":[{"@type":"ReadAction","target":["https:\/\/wavelicker.com\/merryxmas\/"]}]},{"@type":"BreadcrumbList","@id":"https:\/\/wavelicker.com\/merryxmas\/#breadcrumb","itemListElement":[{"@type":"ListItem","position":1,"name":"Accueil","item":"https:\/\/wavelicker.com\/"},{"@type":"ListItem","position":2,"name":"merryXmas description"}]},{"@type":"WebSite","@id":"https:\/\/wavelicker.com\/#website","url":"https:\/\/wavelicker.com\/","name":"WaveLicker","description":"Cr\u00e9ateur de synth\u00e9tiseurs modulaires","publisher":{"@id":"https:\/\/wavelicker.com\/#organization"},"potentialAction":[{"@type":"SearchAction","target":{"@type":"EntryPoint","urlTemplate":"https:\/\/wavelicker.com\/?s={search_term_string}"},"query-input":"required name=search_term_string"}],"inLanguage":"fr-FR"},{"@type":"Organization","@id":"https:\/\/wavelicker.com\/#organization","name":"WaveLicker","url":"https:\/\/wavelicker.com\/","logo":{"@type":"ImageObject","inLanguage":"fr-FR","@id":"https:\/\/wavelicker.com\/#\/schema\/logo\/image\/","url":"https:\/\/wavelicker.com\/wp-content\/uploads\/2017\/07\/cropped-logo_carre_545x545-1.png","contentUrl":"https:\/\/wavelicker.com\/wp-content\/uploads\/2017\/07\/cropped-logo_carre_545x545-1.png","width":512,"height":512,"caption":"WaveLicker"},"image":{"@id":"https:\/\/wavelicker.com\/#\/schema\/logo\/image\/"},"sameAs":["http:\/\/www.facebook.com\/wavelicker"]}]}},"_links":{"self":[{"href":"https:\/\/wavelicker.com\/fr\/wp-json\/wp\/v2\/pages\/860"}],"collection":[{"href":"https:\/\/wavelicker.com\/fr\/wp-json\/wp\/v2\/pages"}],"about":[{"href":"https:\/\/wavelicker.com\/fr\/wp-json\/wp\/v2\/types\/page"}],"author":[{"embeddable":true,"href":"https:\/\/wavelicker.com\/fr\/wp-json\/wp\/v2\/users\/1"}],"replies":[{"embeddable":true,"href":"https:\/\/wavelicker.com\/fr\/wp-json\/wp\/v2\/comments?post=860"}],"version-history":[{"count":64,"href":"https:\/\/wavelicker.com\/fr\/wp-json\/wp\/v2\/pages\/860\/revisions"}],"predecessor-version":[{"id":1905,"href":"https:\/\/wavelicker.com\/fr\/wp-json\/wp\/v2\/pages\/860\/revisions\/1905"}],"wp:attachment":[{"href":"https:\/\/wavelicker.com\/fr\/wp-json\/wp\/v2\/media?parent=860"}],"curies":[{"name":"wp","href":"https:\/\/api.w.org\/{rel}","templated":true}]}}