{"id":81,"date":"2017-07-16T08:24:32","date_gmt":"2017-07-16T07:24:32","guid":{"rendered":"https:\/\/wavelicker.com\/?page_id=81"},"modified":"2022-02-21T22:42:05","modified_gmt":"2022-02-21T20:42:05","slug":"history","status":"publish","type":"page","link":"https:\/\/wavelicker.com\/fr\/history\/","title":{"rendered":"Historique"},"content":{"rendered":"<div id=\"cs-content\" class=\"cs-content\"><div class=\"x-section e81-1 m29-0 m29-1\"><div class=\"x-row x-container max width e81-2 m29-3 m29-4\"><div class=\"x-row-inner\"><div class=\"x-col e81-3 m29-6 m29-7 m29-8\"><div class=\"x-text e81-4 m29-c m29-d\">Apr\u00e8s avoir longtemps bricol\u00e9, Alain a appris l'\u00e9lectronique et la programmation de microcontr\u00f4leurs.<br>\nIl con\u00e7oit des synth\u00e9tiseurs modulaires qu'il commercialise sous la marque WaveLicker depuis 2016.<\/div><\/div><div class=\"x-col e81-5 m29-6 m29-8 m29-9 m29-a\"><div class=\"x-bg\" aria-hidden=\"true\"><div class=\"x-bg-layer-lower-image\" style=\" background-image: url(https:\/\/wavelicker.com\/wp-content\/uploads\/2022\/01\/alain_portrait.jpg); background-repeat: no-repeat; background-position: center; background-size: contain;\"><\/div><\/div><hr class=\"x-line e81-6 m29-f\"><\/hr><\/div><\/div><\/div><\/div><div class=\"x-section e81-7 m29-0 m29-2\"><div class=\"x-row x-container max width e81-8 m29-3 m29-5\"><div class=\"x-row-inner\"><div class=\"x-col e81-9 m29-8 m29-a m29-b\"><div class=\"x-text x-text-headline e81-10 m29-g\"><div class=\"x-text-content\"><div class=\"x-text-content-text\"><h1 class=\"x-text-content-text-primary\">Historique<\/h1><\/div><\/div><\/div><div class=\"x-text e81-11 m29-c m29-e\">Passionn\u00e9 par les synth\u00e9tiseurs depuis mon enfance, j\u2019ai mis petit \u00e0 petit les doigts dans la musique \u00e9lectronique. Tout d\u2019abord de mani\u00e8re artisanale en triturant des sons avec des micro-contacts, des p\u00e9dales d\u2019effets bons march\u00e9s, ou encore un clavier ma\u00eetre et divers synth\u00e9tiseurs de seconde main acquis dans des puces.<br><br>\n\nEn 2010, je d\u00e9couvre par hasard le Dark Energy de Doepfer sur une vid\u00e9o Youtube. Je suis, de suite, fortement intrigu\u00e9 par ce bo\u00eetier noir aux panels de bois, sans clavier et qui, dans cette vid\u00e9o, faisait des sons \u00e9tranges. J\u2019en commande un et c\u2019est cela qui me fait entrer dans le monde de la synth\u00e8se modulaire. Cette petite machine avec ses nombreuses entr\u00e9es et sorties m\u2019a de suite passionn\u00e9 et tr\u00e8s vite l\u2019envie me prend de vouloir augmenter les possibilit\u00e9s de cet instrument en sortant le fer \u00e0 souder. N\u2019y connaissant rien en \u00e9lectronique (si ce n\u2019est la Loi d\u2019Ohm apprise durant mes cours de physique), je remarque qu\u2019en modifiant un anti-moustique, c\u2019est-\u00e0-dire en lui rempla\u00e7ant une r\u00e9sistance par un potentiom\u00e8tre et en changeant un condensateur, j\u2019avais obtenu un oscillateur carr\u00e9 \u00e0 basse fr\u00e9quence pouvant moduler les entr\u00e9es de mon Dark Energy. Je construis \u00e9galement un g\u00e9n\u00e9rateur de bruit blanc. Puis assez vite, la fabrication d\u2019une caisse en bois devient une n\u00e9cessit\u00e9 afin de pouvoir accueillir les modules dont je trouve les sch\u00e9mas \u00e9lectroniques ici et l\u00e0.<br><br>\n\nEn 2013, je d\u00e9couvre Arduino et mon premier essai est de cr\u00e9er un g\u00e9n\u00e9rateur de morse pour reproduire le rythme de Radioactivity de Kraftwerk. Puis, voulant en savoir plus, j\u2019effectue une formation sur la programmation de micro-contr\u00f4leurs donn\u00e9e par des professeurs de l\u2019EPFL sur la plateforme Coursera.<br><br>\n\nDe fil en aiguille, en comprenant mieux le fonctionnement des diff\u00e9rents circuits \u00e9lectroniques et en sachant comment programmer des processeurs, j\u2019ai envie de construire mes propres modules.<br><br>\n\nQuelques mois plus tard, lors d\u2019une conf\u00e9rence donn\u00e9e \u00e0 Lausanne au <a href=\"http:\/\/www.node-rdv.ch\">Festival N\/O\/D\/E<\/a> donn\u00e9e par un illustre cr\u00e9ateur de modules de synth\u00e9tiseur, g\u00e9nie dans son domaine, c\u2019est le choc : je me reconnais dans son t\u00e9moignage et je d\u00e9cide, \u00e0 ma modeste petite \u00e9chelle, de me lancer \u00e9galement dans l\u2019aventure.<br><br>\n\nEn 2016, j'ai trouv\u00e9 un nom et un logo qui me correspondent : WaveLicker<br><br>\n\nEn juillet 2017, sortie de ViceEtVersa, premier module r\u00e9alis\u00e9 de bout en bout et termin\u00e9. Bien des projets, trop ambitieux pour un premier jet, sont mis de c\u00f4t\u00e9. Ce module tout simple me permet d\u2019apprendre le processus complet n\u00e9cessaire \u00e0 la fabrication d\u2019un instrument de ce type : dessin du sch\u00e9ma, tests sur breadboard, dessin du circuit imprim\u00e9 pour impression chez un fabricant de PCB. Comme je suis autodidacte, tout ce processus doit s\u2019apprendre, prend du temps et n\u00e9cessite de corriger bien des erreurs de d\u00e9butant.<br><br>\n\nEn parall\u00e8le, en 2016, je contribue \u00e0 optimiser le code des 888 synth\u00e9tiseurs de la structure d\u2019<a href=\"http:\/\/powapowa.ch\/production\/horizons-irresolus\">Horizons Irr\u00e9solus<\/a>\" pr\u00e9sent\u00e9e durant le Festival Electron dans un hangar du CERN.<br><br>\n\nJe cr\u00e9e \u00e9galement un bo\u00eetier pour la th\u00e9r\u00e9ministe Coralie Ehinger. Cette interface lui permet de pouvoir d\u00e9clencher GATE et Trigger depuis l\u2019antenne de volume de son Etherwave Pro, cette fonction n\u2019existant pas de base sur ce mod\u00e8le de th\u00e9r\u00e9mine. Ce prototype deviendra plus tard Thereminator.<br><br>\n<div class=\"x-resp-embed x-is-video x-is-youtube\"><iframe loading=\"lazy\" title=\"Use of the Gate in Theremin playing \/ E-pro Theremin &amp; Volca Sample\" width=\"930\" height=\"523\" src=\"https:\/\/www.youtube.com\/embed\/W0qEiyz6td0?feature=oembed\" frameborder=\"0\" allow=\"accelerometer; autoplay; clipboard-write; encrypted-media; gyroscope; picture-in-picture\" allowfullscreen><\/iframe><\/div>\n\n<\/div><\/div><\/div><\/div><\/div><\/div>","protected":false},"excerpt":{"rendered":"<p>After tinkering for a long time, Alain learned electronics and microcontrollers programmation. He designs modular synthesizers that he sells under the WaveLicker brand since 2016.HistoryPassionate about synthesizers since my childhood, &#8230; <\/p>\n<div><a href=\"https:\/\/wavelicker.com\/fr\/history\/\" class=\"more-link\">Read More<\/a><\/div>","protected":false},"author":1,"featured_media":0,"parent":0,"menu_order":0,"comment_status":"closed","ping_status":"closed","template":"template-blank-4.php","meta":[],"yoast_head":"<!-- This site is optimized with the Yoast SEO plugin v21.1 - https:\/\/yoast.com\/wordpress\/plugins\/seo\/ -->\n<title>[:fr]Historique de WaveLicker, Cr\u00e9ateur de synth\u00e9tiseurs modulaires[:en]WaveLicker History, Modular synth manufacturer[:]<\/title>\n<meta name=\"robots\" content=\"index, follow, max-snippet:-1, max-image-preview:large, max-video-preview:-1\" \/>\n<link rel=\"canonical\" href=\"https:\/\/wavelicker.com\/fr\/history\/\" \/>\n<meta property=\"og:locale\" content=\"fr_FR\" \/>\n<meta property=\"og:type\" content=\"article\" \/>\n<meta property=\"og:title\" content=\"[:fr]Historique de WaveLicker, Cr\u00e9ateur de synth\u00e9tiseurs modulaires[:en]WaveLicker History, Modular synth manufacturer[:]\" \/>\n<meta property=\"og:description\" content=\"After tinkering for a long time, Alain learned electronics and microcontrollers programmation. He designs modular synthesizers that he sells under the WaveLicker brand since 2016.HistoryPassionate about synthesizers since my childhood, ... Read More\" \/>\n<meta property=\"og:url\" content=\"https:\/\/wavelicker.com\/fr\/history\/\" \/>\n<meta property=\"og:site_name\" content=\"WaveLicker\" \/>\n<meta property=\"article:publisher\" content=\"http:\/\/www.facebook.com\/wavelicker\" \/>\n<meta property=\"article:modified_time\" content=\"2022-02-21T20:42:05+00:00\" \/>\n<meta name=\"twitter:card\" content=\"summary_large_image\" \/>\n<meta name=\"twitter:label1\" content=\"Dur\u00e9e de lecture estim\u00e9e\" \/>\n\t<meta name=\"twitter:data1\" content=\"3 minutes\" \/>\n<script type=\"application\/ld+json\" class=\"yoast-schema-graph\">{\"@context\":\"https:\/\/schema.org\",\"@graph\":[{\"@type\":\"WebPage\",\"@id\":\"https:\/\/wavelicker.com\/fr\/history\/\",\"url\":\"https:\/\/wavelicker.com\/fr\/history\/\",\"name\":\"[:fr]Historique de WaveLicker, Cr\u00e9ateur de synth\u00e9tiseurs modulaires[:en]WaveLicker History, Modular synth manufacturer[:]\",\"isPartOf\":{\"@id\":\"https:\/\/wavelicker.com\/#website\"},\"datePublished\":\"2017-07-16T07:24:32+00:00\",\"dateModified\":\"2022-02-21T20:42:05+00:00\",\"breadcrumb\":{\"@id\":\"https:\/\/wavelicker.com\/fr\/history\/#breadcrumb\"},\"inLanguage\":\"fr-FR\",\"potentialAction\":[{\"@type\":\"ReadAction\",\"target\":[\"https:\/\/wavelicker.com\/fr\/history\/\"]}]},{\"@type\":\"BreadcrumbList\",\"@id\":\"https:\/\/wavelicker.com\/fr\/history\/#breadcrumb\",\"itemListElement\":[{\"@type\":\"ListItem\",\"position\":1,\"name\":\"Accueil\",\"item\":\"https:\/\/wavelicker.com\/\"},{\"@type\":\"ListItem\",\"position\":2,\"name\":\"History\"}]},{\"@type\":\"WebSite\",\"@id\":\"https:\/\/wavelicker.com\/#website\",\"url\":\"https:\/\/wavelicker.com\/\",\"name\":\"WaveLicker\",\"description\":\"Cr\u00e9ateur de synth\u00e9tiseurs modulaires\",\"publisher\":{\"@id\":\"https:\/\/wavelicker.com\/#organization\"},\"potentialAction\":[{\"@type\":\"SearchAction\",\"target\":{\"@type\":\"EntryPoint\",\"urlTemplate\":\"https:\/\/wavelicker.com\/?s={search_term_string}\"},\"query-input\":\"required name=search_term_string\"}],\"inLanguage\":\"fr-FR\"},{\"@type\":\"Organization\",\"@id\":\"https:\/\/wavelicker.com\/#organization\",\"name\":\"WaveLicker\",\"url\":\"https:\/\/wavelicker.com\/\",\"logo\":{\"@type\":\"ImageObject\",\"inLanguage\":\"fr-FR\",\"@id\":\"https:\/\/wavelicker.com\/#\/schema\/logo\/image\/\",\"url\":\"https:\/\/wavelicker.com\/wp-content\/uploads\/2017\/07\/cropped-logo_carre_545x545-1.png\",\"contentUrl\":\"https:\/\/wavelicker.com\/wp-content\/uploads\/2017\/07\/cropped-logo_carre_545x545-1.png\",\"width\":512,\"height\":512,\"caption\":\"WaveLicker\"},\"image\":{\"@id\":\"https:\/\/wavelicker.com\/#\/schema\/logo\/image\/\"},\"sameAs\":[\"http:\/\/www.facebook.com\/wavelicker\"]}]}<\/script>\n<!-- \/ Yoast SEO plugin. -->","yoast_head_json":{"title":"[:fr]Historique de WaveLicker, Cr\u00e9ateur de synth\u00e9tiseurs modulaires[:en]WaveLicker History, Modular synth manufacturer[:]","robots":{"index":"index","follow":"follow","max-snippet":"max-snippet:-1","max-image-preview":"max-image-preview:large","max-video-preview":"max-video-preview:-1"},"canonical":"https:\/\/wavelicker.com\/fr\/history\/","og_locale":"fr_FR","og_type":"article","og_title":"[:fr]Historique de WaveLicker, Cr\u00e9ateur de synth\u00e9tiseurs modulaires[:en]WaveLicker History, Modular synth manufacturer[:]","og_description":"After tinkering for a long time, Alain learned electronics and microcontrollers programmation. He designs modular synthesizers that he sells under the WaveLicker brand since 2016.HistoryPassionate about synthesizers since my childhood, ... Read More","og_url":"https:\/\/wavelicker.com\/fr\/history\/","og_site_name":"WaveLicker","article_publisher":"http:\/\/www.facebook.com\/wavelicker","article_modified_time":"2022-02-21T20:42:05+00:00","twitter_card":"summary_large_image","twitter_misc":{"Dur\u00e9e de lecture estim\u00e9e":"3 minutes"},"schema":{"@context":"https:\/\/schema.org","@graph":[{"@type":"WebPage","@id":"https:\/\/wavelicker.com\/fr\/history\/","url":"https:\/\/wavelicker.com\/fr\/history\/","name":"[:fr]Historique de WaveLicker, Cr\u00e9ateur de synth\u00e9tiseurs modulaires[:en]WaveLicker History, Modular synth manufacturer[:]","isPartOf":{"@id":"https:\/\/wavelicker.com\/#website"},"datePublished":"2017-07-16T07:24:32+00:00","dateModified":"2022-02-21T20:42:05+00:00","breadcrumb":{"@id":"https:\/\/wavelicker.com\/fr\/history\/#breadcrumb"},"inLanguage":"fr-FR","potentialAction":[{"@type":"ReadAction","target":["https:\/\/wavelicker.com\/fr\/history\/"]}]},{"@type":"BreadcrumbList","@id":"https:\/\/wavelicker.com\/fr\/history\/#breadcrumb","itemListElement":[{"@type":"ListItem","position":1,"name":"Accueil","item":"https:\/\/wavelicker.com\/"},{"@type":"ListItem","position":2,"name":"History"}]},{"@type":"WebSite","@id":"https:\/\/wavelicker.com\/#website","url":"https:\/\/wavelicker.com\/","name":"WaveLicker","description":"Cr\u00e9ateur de synth\u00e9tiseurs modulaires","publisher":{"@id":"https:\/\/wavelicker.com\/#organization"},"potentialAction":[{"@type":"SearchAction","target":{"@type":"EntryPoint","urlTemplate":"https:\/\/wavelicker.com\/?s={search_term_string}"},"query-input":"required name=search_term_string"}],"inLanguage":"fr-FR"},{"@type":"Organization","@id":"https:\/\/wavelicker.com\/#organization","name":"WaveLicker","url":"https:\/\/wavelicker.com\/","logo":{"@type":"ImageObject","inLanguage":"fr-FR","@id":"https:\/\/wavelicker.com\/#\/schema\/logo\/image\/","url":"https:\/\/wavelicker.com\/wp-content\/uploads\/2017\/07\/cropped-logo_carre_545x545-1.png","contentUrl":"https:\/\/wavelicker.com\/wp-content\/uploads\/2017\/07\/cropped-logo_carre_545x545-1.png","width":512,"height":512,"caption":"WaveLicker"},"image":{"@id":"https:\/\/wavelicker.com\/#\/schema\/logo\/image\/"},"sameAs":["http:\/\/www.facebook.com\/wavelicker"]}]}},"_links":{"self":[{"href":"https:\/\/wavelicker.com\/fr\/wp-json\/wp\/v2\/pages\/81"}],"collection":[{"href":"https:\/\/wavelicker.com\/fr\/wp-json\/wp\/v2\/pages"}],"about":[{"href":"https:\/\/wavelicker.com\/fr\/wp-json\/wp\/v2\/types\/page"}],"author":[{"embeddable":true,"href":"https:\/\/wavelicker.com\/fr\/wp-json\/wp\/v2\/users\/1"}],"replies":[{"embeddable":true,"href":"https:\/\/wavelicker.com\/fr\/wp-json\/wp\/v2\/comments?post=81"}],"version-history":[{"count":19,"href":"https:\/\/wavelicker.com\/fr\/wp-json\/wp\/v2\/pages\/81\/revisions"}],"predecessor-version":[{"id":1794,"href":"https:\/\/wavelicker.com\/fr\/wp-json\/wp\/v2\/pages\/81\/revisions\/1794"}],"wp:attachment":[{"href":"https:\/\/wavelicker.com\/fr\/wp-json\/wp\/v2\/media?parent=81"}],"curies":[{"name":"wp","href":"https:\/\/api.w.org\/{rel}","templated":true}]}}