{"id":767,"date":"2018-01-07T00:42:13","date_gmt":"2018-01-06T22:42:13","guid":{"rendered":"https:\/\/wavelicker.com\/?page_id=767"},"modified":"2022-02-27T16:03:47","modified_gmt":"2022-02-27T14:03:47","slug":"toyboy","status":"publish","type":"page","link":"https:\/\/wavelicker.com\/fr\/toyboy\/","title":{"rendered":"ToyBoy description"},"content":{"rendered":"<div id=\"cs-content\" class=\"cs-content\"><div class=\"x-section e767-1 mlb-0\"><div class=\"x-row x-container max width e767-2 mlb-1 mlb-2\"><div class=\"x-row-inner\"><div class=\"x-col e767-3 mlb-4\"><div class=\"x-text x-text-headline e767-4 mlb-5 mlb-6 mlb-7 mlb-8\"><div class=\"x-text-content\"><div class=\"x-text-content-text\"><h1 class=\"x-text-content-text-primary\">ToyBoy<\/h1><\/div><\/div><\/div><\/div><\/div><\/div><div class=\"x-row x-container max width e767-5 mlb-1 mlb-3\"><div class=\"x-row-inner\"><div class=\"x-col e767-6 mlb-4\"><span class=\"x-image e767-7 mlb-e\"><img src=\"https:\/\/wavelicker.com\/wp-content\/uploads\/2018\/04\/toyboy_woocommerce.png\" width=\"350\" height=\"320\" alt=\"Image\" loading=\"lazy\"><\/span><\/div><div class=\"x-col e767-8 mlb-4\"><a class=\"x-anchor x-anchor-button e767-9 mlb-f\" tabindex=\"0\" href=\"https:\/\/wavelicker.com\/fr\/?add-to-cart=787\"><div class=\"x-anchor-content\"><div class=\"x-anchor-text\"><span class=\"x-anchor-text-primary\">Ajouter au panier<\/span><\/div><\/div><\/a><\/div><\/div><\/div><div class=\"x-row x-container max width e767-10 mlb-1 mlb-2\"><div class=\"x-row-inner\"><div class=\"x-col e767-11 mlb-4\"><div class=\"x-text x-text-headline e767-12 mlb-5 mlb-7 mlb-8 mlb-9 mlb-a\"><div class=\"x-text-content\"><div class=\"x-text-content-text\"><h2 class=\"x-text-content-text-primary\">Comment cela fonctionne<\/h2><\/div><\/div><\/div><div class=\"x-text e767-13 mlb-g mlb-h\">ToyBoy vous permet de moduler deux entr\u00e9es CV en att\u00e9nuation \u00e0 l'aide de boutons et\/ou d'un joystick PlayStation.<br><br>\nLa sortie \" mix \" est la somme des deux CV. La sortie \" gate \" est activ\u00e9e lorsque l'on appuie sur le joystick.<br><br>\nSi aucun jack n'est connect\u00e9 \u00e0 une entr\u00e9e, alors une tension fixe lui est appliqu\u00e9e. Cela permet de g\u00e9n\u00e9rer des tensions variables \u00e0 partir du potentiom\u00e8tre et \/ ou du joystick.<br><br>Cette fonction est pratique pour ajouter un offset \u00e0 un CV en utilisant la sortie de mixage.<\/div><\/div><\/div><\/div><div class=\"x-row x-container max width e767-14 mlb-1 mlb-2\"><div class=\"x-row-inner\"><div class=\"x-col e767-15 mlb-4\"><div class=\"x-text x-text-headline e767-16 mlb-5 mlb-8 mlb-a mlb-b\"><div class=\"x-text-content\"><div class=\"x-text-content-text\"><h2 class=\"x-text-content-text-primary\">Sp\u00e9cifications<\/h2><\/div><\/div><\/div><div class=\"x-text e767-17 mlb-g mlb-i\"><b>Largeur : <\/b>8hp (40mm)<br>\n<b>Profondeur : <\/b>35mm<br>\n<b>+12V : <\/b>10mA<br>\n<b>-12V : <\/b>4mA<br><br>\n\n<b>CV d'entr\u00e9e : <\/b>entre -5V et +5V<br>\n<b>CV de sortie : <\/b>-10V \u00e0 +10V<br>\n<b>Sortie Gate : <\/b>env. 10V<\/div><\/div><\/div><\/div><div class=\"x-row x-container max width e767-18 mlb-1 mlb-2\"><div class=\"x-row-inner\"><div class=\"x-col e767-19 mlb-4\"><div class=\"x-text x-text-headline e767-20 mlb-5 mlb-7 mlb-9 mlb-a mlb-c\"><div class=\"x-text-content\"><div class=\"x-text-content-text\"><h2 class=\"x-text-content-text-primary\">Id\u00e9es de Patch<\/h2><\/div><\/div><\/div><div class=\"x-text x-text-headline e767-21 mlb-5 mlb-b mlb-c mlb-d\"><div class=\"x-text-content\"><div class=\"x-text-content-text\"><h3 class=\"x-text-content-text-primary\">Sans aucune entr\u00e9e connect\u00e9e<\/h3><\/div><\/div><\/div><div class=\"x-text e767-22 mlb-g mlb-h\">\u2013 Connectez la sortie X \u00e0 une entr\u00e9e CV (fr\u00e9quence de coupure d'un filtre par exemple).<br>\n\u2013 Connectez la sortie Y \u00e0 une autre entr\u00e9e CV (amplitude d'un VCA, par exemple).<br>\nUtilisez le joystick pour contr\u00f4ler les deux param\u00e8tres avec votre doigt.<\/div><div class=\"x-text x-text-headline e767-23 mlb-5 mlb-b mlb-c mlb-d\"><div class=\"x-text-content\"><div class=\"x-text-content-text\"><h3 class=\"x-text-content-text-primary\">Avec un LFO dont la vitesse est contr\u00f4l\u00e9e par CV<\/h3><\/div><\/div><\/div><div class=\"x-text e767-24 mlb-g mlb-h\">\u2013 Connectez la sortie X \u00e0 l'entr\u00e9e Rate du LFO.<br>\n\u2013 Connectez la sortie du LFO \u00e0 l'entr\u00e9e Y de ToyBoy.<br>\n\u2013 Connectez la sortie Y de ToyBoy \u00e0 la coupure d'un filtre par exemple.<br>\nUtilisez le joystick pour moduler la vitesse du LFO et son intensit\u00e9.<\/div><div class=\"x-text x-text-headline e767-25 mlb-5 mlb-b mlb-c mlb-d\"><div class=\"x-text-content\"><div class=\"x-text-content-text\"><h3 class=\"x-text-content-text-primary\">Avec un LFO<\/h3><\/div><\/div><\/div><div class=\"x-text e767-26 mlb-g mlb-h\">\u2013 Connectez deux formes d'onde d'un LFO aux deux entr\u00e9es CV.<br>\n\u2013 Utilisez la sortie de mixage dont la forme peut \u00eatre modul\u00e9e par le Joystick.<\/div><div class=\"x-text x-text-headline e767-27 mlb-5 mlb-b mlb-c mlb-d\"><div class=\"x-text-content\"><div class=\"x-text-content-text\"><h3 class=\"x-text-content-text-primary\">Avec un LFO<\/h3><\/div><\/div><\/div><div class=\"x-text e767-28 mlb-g mlb-h\">\u2013 Connectez une forme d'onde \u00e0 l'entr\u00e9e X.<br>\n\u2013 Ne connectez rien en Y.<br>\n\u2013 Utiliser la sortie de mixage dont l'att\u00e9nuation est modul\u00e9e en X et d\u00e9cal\u00e9e en Y.<\/div><div class=\"x-text x-text-headline e767-29 mlb-5 mlb-b mlb-c mlb-d\"><div class=\"x-text-content\"><div class=\"x-text-content-text\"><h3 class=\"x-text-content-text-primary\">Avec une enveloppe et un VCA<\/h3><\/div><\/div><\/div><div class=\"x-text e767-30 mlb-g mlb-h\">\u2013 Connectez la sortie du gate du ToyBoy \u00e0 une enveloppe connect\u00e9e \u00e0 un VCA.<br>\nL'enveloppe est d\u00e9clench\u00e9e en appuyant sur le joystick. Entrez votre texte ici ! L'\u00e9l\u00e9ment texte est destin\u00e9 aux textes longs qui peuvent comprendre plusieurs paragraphes.<\/div><\/div><\/div><\/div><\/div><\/div>","protected":false},"excerpt":{"rendered":"<p>ToyBoyAdd to BasketHow it worksToyBoy allows you to modulate two CV inputs in attenuvertion using knobs and \/ or a PlayStation joystick. The output \u00ab mix \u00bb is the sum &#8230; <\/p>\n<div><a href=\"https:\/\/wavelicker.com\/fr\/toyboy\/\" class=\"more-link\">Read More<\/a><\/div>","protected":false},"author":1,"featured_media":0,"parent":0,"menu_order":0,"comment_status":"closed","ping_status":"closed","template":"template-blank-4.php","meta":[],"yoast_head":"<!-- This site is optimized with the Yoast SEO plugin v21.1 - https:\/\/yoast.com\/wordpress\/plugins\/seo\/ -->\n<title>ToyBoy description | WaveLicker<\/title>\n<meta name=\"robots\" content=\"index, follow, max-snippet:-1, max-image-preview:large, max-video-preview:-1\" \/>\n<link rel=\"canonical\" href=\"https:\/\/wavelicker.com\/fr\/toyboy\/\" \/>\n<meta property=\"og:locale\" content=\"fr_FR\" \/>\n<meta property=\"og:type\" content=\"article\" \/>\n<meta property=\"og:title\" content=\"ToyBoy description | WaveLicker\" \/>\n<meta property=\"og:description\" content=\"ToyBoyAdd to BasketHow it worksToyBoy allows you to modulate two CV inputs in attenuvertion using knobs and \/ or a PlayStation joystick. The output \u00ab mix \u00bb is the sum ... Read More\" \/>\n<meta property=\"og:url\" content=\"https:\/\/wavelicker.com\/fr\/toyboy\/\" \/>\n<meta property=\"og:site_name\" content=\"WaveLicker\" \/>\n<meta property=\"article:publisher\" content=\"http:\/\/www.facebook.com\/wavelicker\" \/>\n<meta property=\"article:modified_time\" content=\"2022-02-27T14:03:47+00:00\" \/>\n<meta name=\"twitter:card\" content=\"summary_large_image\" \/>\n<meta name=\"twitter:label1\" content=\"Dur\u00e9e de lecture estim\u00e9e\" \/>\n\t<meta name=\"twitter:data1\" content=\"3 minutes\" \/>\n<script type=\"application\/ld+json\" class=\"yoast-schema-graph\">{\"@context\":\"https:\/\/schema.org\",\"@graph\":[{\"@type\":\"WebPage\",\"@id\":\"https:\/\/wavelicker.com\/toyboy\/\",\"url\":\"https:\/\/wavelicker.com\/toyboy\/\",\"name\":\"ToyBoy description | WaveLicker\",\"isPartOf\":{\"@id\":\"https:\/\/wavelicker.com\/#website\"},\"datePublished\":\"2018-01-06T22:42:13+00:00\",\"dateModified\":\"2022-02-27T14:03:47+00:00\",\"breadcrumb\":{\"@id\":\"https:\/\/wavelicker.com\/toyboy\/#breadcrumb\"},\"inLanguage\":\"fr-FR\",\"potentialAction\":[{\"@type\":\"ReadAction\",\"target\":[\"https:\/\/wavelicker.com\/toyboy\/\"]}]},{\"@type\":\"BreadcrumbList\",\"@id\":\"https:\/\/wavelicker.com\/toyboy\/#breadcrumb\",\"itemListElement\":[{\"@type\":\"ListItem\",\"position\":1,\"name\":\"Accueil\",\"item\":\"https:\/\/wavelicker.com\/\"},{\"@type\":\"ListItem\",\"position\":2,\"name\":\"ToyBoy description\"}]},{\"@type\":\"WebSite\",\"@id\":\"https:\/\/wavelicker.com\/#website\",\"url\":\"https:\/\/wavelicker.com\/\",\"name\":\"WaveLicker\",\"description\":\"Cr\u00e9ateur de synth\u00e9tiseurs modulaires\",\"publisher\":{\"@id\":\"https:\/\/wavelicker.com\/#organization\"},\"potentialAction\":[{\"@type\":\"SearchAction\",\"target\":{\"@type\":\"EntryPoint\",\"urlTemplate\":\"https:\/\/wavelicker.com\/?s={search_term_string}\"},\"query-input\":\"required name=search_term_string\"}],\"inLanguage\":\"fr-FR\"},{\"@type\":\"Organization\",\"@id\":\"https:\/\/wavelicker.com\/#organization\",\"name\":\"WaveLicker\",\"url\":\"https:\/\/wavelicker.com\/\",\"logo\":{\"@type\":\"ImageObject\",\"inLanguage\":\"fr-FR\",\"@id\":\"https:\/\/wavelicker.com\/#\/schema\/logo\/image\/\",\"url\":\"https:\/\/wavelicker.com\/wp-content\/uploads\/2017\/07\/cropped-logo_carre_545x545-1.png\",\"contentUrl\":\"https:\/\/wavelicker.com\/wp-content\/uploads\/2017\/07\/cropped-logo_carre_545x545-1.png\",\"width\":512,\"height\":512,\"caption\":\"WaveLicker\"},\"image\":{\"@id\":\"https:\/\/wavelicker.com\/#\/schema\/logo\/image\/\"},\"sameAs\":[\"http:\/\/www.facebook.com\/wavelicker\"]}]}<\/script>\n<!-- \/ Yoast SEO plugin. -->","yoast_head_json":{"title":"ToyBoy description | WaveLicker","robots":{"index":"index","follow":"follow","max-snippet":"max-snippet:-1","max-image-preview":"max-image-preview:large","max-video-preview":"max-video-preview:-1"},"canonical":"https:\/\/wavelicker.com\/fr\/toyboy\/","og_locale":"fr_FR","og_type":"article","og_title":"ToyBoy description | WaveLicker","og_description":"ToyBoyAdd to BasketHow it worksToyBoy allows you to modulate two CV inputs in attenuvertion using knobs and \/ or a PlayStation joystick. The output \u00ab mix \u00bb is the sum ... Read More","og_url":"https:\/\/wavelicker.com\/fr\/toyboy\/","og_site_name":"WaveLicker","article_publisher":"http:\/\/www.facebook.com\/wavelicker","article_modified_time":"2022-02-27T14:03:47+00:00","twitter_card":"summary_large_image","twitter_misc":{"Dur\u00e9e de lecture estim\u00e9e":"3 minutes"},"schema":{"@context":"https:\/\/schema.org","@graph":[{"@type":"WebPage","@id":"https:\/\/wavelicker.com\/toyboy\/","url":"https:\/\/wavelicker.com\/toyboy\/","name":"ToyBoy description | WaveLicker","isPartOf":{"@id":"https:\/\/wavelicker.com\/#website"},"datePublished":"2018-01-06T22:42:13+00:00","dateModified":"2022-02-27T14:03:47+00:00","breadcrumb":{"@id":"https:\/\/wavelicker.com\/toyboy\/#breadcrumb"},"inLanguage":"fr-FR","potentialAction":[{"@type":"ReadAction","target":["https:\/\/wavelicker.com\/toyboy\/"]}]},{"@type":"BreadcrumbList","@id":"https:\/\/wavelicker.com\/toyboy\/#breadcrumb","itemListElement":[{"@type":"ListItem","position":1,"name":"Accueil","item":"https:\/\/wavelicker.com\/"},{"@type":"ListItem","position":2,"name":"ToyBoy description"}]},{"@type":"WebSite","@id":"https:\/\/wavelicker.com\/#website","url":"https:\/\/wavelicker.com\/","name":"WaveLicker","description":"Cr\u00e9ateur de synth\u00e9tiseurs modulaires","publisher":{"@id":"https:\/\/wavelicker.com\/#organization"},"potentialAction":[{"@type":"SearchAction","target":{"@type":"EntryPoint","urlTemplate":"https:\/\/wavelicker.com\/?s={search_term_string}"},"query-input":"required name=search_term_string"}],"inLanguage":"fr-FR"},{"@type":"Organization","@id":"https:\/\/wavelicker.com\/#organization","name":"WaveLicker","url":"https:\/\/wavelicker.com\/","logo":{"@type":"ImageObject","inLanguage":"fr-FR","@id":"https:\/\/wavelicker.com\/#\/schema\/logo\/image\/","url":"https:\/\/wavelicker.com\/wp-content\/uploads\/2017\/07\/cropped-logo_carre_545x545-1.png","contentUrl":"https:\/\/wavelicker.com\/wp-content\/uploads\/2017\/07\/cropped-logo_carre_545x545-1.png","width":512,"height":512,"caption":"WaveLicker"},"image":{"@id":"https:\/\/wavelicker.com\/#\/schema\/logo\/image\/"},"sameAs":["http:\/\/www.facebook.com\/wavelicker"]}]}},"_links":{"self":[{"href":"https:\/\/wavelicker.com\/fr\/wp-json\/wp\/v2\/pages\/767"}],"collection":[{"href":"https:\/\/wavelicker.com\/fr\/wp-json\/wp\/v2\/pages"}],"about":[{"href":"https:\/\/wavelicker.com\/fr\/wp-json\/wp\/v2\/types\/page"}],"author":[{"embeddable":true,"href":"https:\/\/wavelicker.com\/fr\/wp-json\/wp\/v2\/users\/1"}],"replies":[{"embeddable":true,"href":"https:\/\/wavelicker.com\/fr\/wp-json\/wp\/v2\/comments?post=767"}],"version-history":[{"count":28,"href":"https:\/\/wavelicker.com\/fr\/wp-json\/wp\/v2\/pages\/767\/revisions"}],"predecessor-version":[{"id":1850,"href":"https:\/\/wavelicker.com\/fr\/wp-json\/wp\/v2\/pages\/767\/revisions\/1850"}],"wp:attachment":[{"href":"https:\/\/wavelicker.com\/fr\/wp-json\/wp\/v2\/media?parent=767"}],"curies":[{"name":"wp","href":"https:\/\/api.w.org\/{rel}","templated":true}]}}