{"id":438,"date":"2017-08-04T12:38:39","date_gmt":"2017-08-04T10:38:39","guid":{"rendered":"https:\/\/wavelicker.com\/?page_id=438"},"modified":"2024-01-15T20:19:27","modified_gmt":"2024-01-15T18:19:27","slug":"cgv","status":"publish","type":"page","link":"https:\/\/wavelicker.com\/fr\/cgv\/","title":{"rendered":"Conditions de Vente"},"content":{"rendered":"<div id=\"cs-content\" class=\"cs-content\"><div class=\"x-section e438-1 mc6-0\"><div class=\"x-row x-container max width e438-2 mc6-1 mc6-2\"><div class=\"x-row-inner\"><div class=\"x-col e438-3 mc6-4 mc6-5\"><div class=\"x-text x-text-headline e438-4 mc6-7\"><div class=\"x-text-content\"><div class=\"x-text-content-text\"><h1 class=\"x-text-content-text-primary\">Conditions de Vente<\/h1><\/div><\/div><\/div><\/div><\/div><\/div><div class=\"x-row x-container max width e438-5 mc6-1 mc6-3\"><div class=\"x-row-inner\"><div class=\"x-col e438-6 mc6-5 mc6-6\"><h4  class=\"h-custom-headline h4\" ><span>COMMANDES ET PAIEMENT<\/span><\/h4><div id=\"\" class=\"x-text\" style=\"\" ><p>Les prix de ce catalogue sont indiqu\u00e9s en francs suisses (CHF), montants nets.<\/p>\n<p>Nous vous proposons diff\u00e9rents moyens de paiement :<\/p>\n<\/div><h6  class=\"h-custom-headline h6\" ><span>1. CARTE DE CR\u00c9DIT<\/span><\/h6><div id=\"\" class=\"x-text\" style=\"\" ><p>Les paiement par carte de cr\u00e9dit se font \u00e0 la commande directement sur le site.<\/p>\n<\/div><h6  class=\"h-custom-headline h6\" ><span>2. PAYPAL<\/span><\/h6><div id=\"\" class=\"x-text\" style=\"\" ><p>Les paiement par PayPal se font \u00e0 la commande directement sur le site.<\/p>\n<\/div><h6  class=\"h-custom-headline h6\" ><span>3. GOOGLE PAY ET APPLE PAY<\/span><\/h6><div id=\"\" class=\"x-text\" style=\"\" ><p>Les paiement par Google Pay ou Apple Pay se font \u00e0 la commande directement sur le site.<\/p>\n<\/div><div id=\"\" class=\"x-text\" style=\"\" ><p>Tous nos paiements PayPal et carte de cr\u00e9dit sont enti\u00e8rement s\u00e9curis\u00e9s.<\/p>\n<p>Nous ne stockons aucune information concernant vos moyens de paiements et les donn\u00e9es transmises lors des paiements sur internet sont enti\u00e8rement encrypt\u00e9es en utilisant le protocole SSL (Secure Socket Layer) utilisant un certificat d\u2019encryption de haute s\u00e9curit\u00e9.<\/p>\n<\/div><h6  class=\"h-custom-headline h6\" ><span>3. VIREMENT BANCAIRE<\/span><\/h6><div id=\"\" class=\"x-text\" style=\"\" ><p>Apr\u00e8s reception de votre versement, la commande vous est transmise le plus rapidement possible. Le transfert doit imp\u00e9rativement \u00eatre transmis dans les 2 jours apr\u00e8s l\u2019achat.<\/p>\n<\/div><h6  class=\"h-custom-headline h6\" ><span> COORDONNEES BANCAIRES<\/span><\/h6><\/div><\/div><\/div><div class=\"x-row x-container max width e438-19 mc6-1 mc6-3\"><div class=\"x-row-inner\"><div class=\"x-col e438-20 mc6-5 mc6-6\"><div id=\"\" class=\"x-text\" style=\"\" ><p>CAISSE D'EPARGNE D'AUBONNE (Switzerland)<br \/>\n<b>IBAN :<\/b> CH27 0832 7255 9716 7267 0<br \/>\n<b>BIC | swift :<\/b> RBABCH22CEA<\/p>\n<p>Alain Gillieron | WaveLicker<br \/>\nRue Beau-S\u00e9jour 8D<br \/>\n1003 Lausanne<br \/>\nSwitzerland<\/p>\n<\/div><h4  class=\"h-custom-headline h4\" ><span>CONFIRMATION DE COMMANDE<\/span><\/h4><div id=\"\" class=\"x-text\" style=\"\" ><p>Vous recevez pour tout achat en store ou online une confirmation de commande. La commande peut \u00eatre corrig\u00e9es dans un d\u00e9lai de 24h sans frais.<\/p>\n<\/div><\/div><\/div><\/div><div class=\"x-row x-container max width e438-24 mc6-1 mc6-3\"><div class=\"x-row-inner\"><div class=\"x-col e438-25 mc6-5 mc6-6\"><h4  class=\"h-custom-headline h4\" ><span>DISPONIBILIT\u00c9<\/span><\/h4><div id=\"\" class=\"x-text\" style=\"\" ><p>En cas d'indisponibilit\u00e9 d'un produit, nous vous en informerons dans les meilleurs d\u00e9lais.<\/p>\n<\/div><\/div><\/div><\/div><div class=\"x-row x-container max width e438-28 mc6-1 mc6-3\"><div class=\"x-row-inner\"><div class=\"x-col e438-29 mc6-5 mc6-6\"><h4  class=\"h-custom-headline h4\" ><span>EXP\u00c9DITION ET TRANSPORT<\/span><\/h4><div id=\"\" class=\"x-text\" style=\"\" ><p>Les articles sont exp\u00e9di\u00e9s par voie postale et d\u00e9pos\u00e9s au guichet dans un d\u00e9lai de 5 \u00e0 8 jours. Selon le lieu de destination, le transport peut durer jusqu'\u00e0 10-15 jours. Ces d\u00e9lais sont indicatifs, aucune annulation ou r\u00e9duction de prix ou indemnit\u00e9 ne pourra \u00eatre r\u00e9clam\u00e9e en cas de retard de livraison.<\/p>\n<p>Une participation aux frais de port de votre part est demand\u00e9e. Les frais de port pour les commandes d'un montant total sup\u00e9rieur \u00e0 150CHF sont offerts.<\/p>\n<\/div><\/div><\/div><\/div><div class=\"x-row x-container max width e438-32 mc6-1 mc6-3\"><div class=\"x-row-inner\"><div class=\"x-col e438-33 mc6-5 mc6-6\"><h4  class=\"h-custom-headline h4\" ><span>UTILISATION DES CODES DE REDUCTIONS<\/span><\/h4><div id=\"\" class=\"x-text\" style=\"\" ><p>Les ccodes de r\u00e9duction sont distribu\u00e9s gratuitement dans le cadre d\u2019offres promotionnelles. Ils ont une date limite de validit\u00e9, ne peuvent pas \u00eatre achet\u00e9s et ne sont pas transmissibles.<\/p>\n<p>Certains produits peuvent \u00eatre exclus du b\u00e9n\u00e9fice des coupons de r\u00e9duction (par exemple, les codes de r\u00e9duction ne sont pas valables sur les articles d\u00e9j\u00e0 sold\u00e9s).<\/p>\n<p>Un montant minimum d\u2019achat peut \u00eatre pr\u00e9cis\u00e9 pour chaque code de r\u00e9duction.<\/p>\n<p>Pour pouvoir utiliser un code de r\u00e9duction, la valeur de la commande doit \u00eatre au moins \u00e9gale au montant de la r\u00e9duction. La diff\u00e9rence entre le montant du bon de r\u00e9duction et le prix de votre commande peut \u00eatre r\u00e9gl\u00e9e par tout moyen de paiement propos\u00e9. L\u2019avoir mat\u00e9rialis\u00e9 par le bon de r\u00e9duction n\u2019est pas remboursable et ne produit pas d\u2019int\u00e9r\u00eats.<\/p>\n<p>En cas de retour total ou partiel de la marchandise, la partie du prix pay\u00e9e par code de r\u00e9duction ne vous sera pas rembours\u00e9e.<\/p>\n<p>Pour appliquer un code de r\u00e9duction \u00e0 une commande, vous devez saisir le code du bon de r\u00e9duction avant la validation\/l\u2019enregistrement de la commande.<\/p>\n<p>L\u2019application de bons de r\u00e9duction \u00e0 des commandes d\u00e9j\u00e0 envoy\u00e9es est exclue. Sauf indication contraire, il n\u2019est pas possible de combiner plusieurs bons de r\u00e9duction.<\/p>\n<p>En cas d'utilisation abusive des codes de r\u00e9duction, nous nous r\u00e9servons le droit d'annuler toute commande contenant ces bons sans avis pr\u00e9alable. Nous nous r\u00e9servons aussi le droit de ne plus accorder aucun bon \u00e0 un utilisateur en ayant fait une utilisation abusive.<\/p>\n<p>Les bons de r\u00e9duction ne sont pas valables chez nos revendeurs.<\/p>\n<\/div><\/div><\/div><\/div><div class=\"x-row x-container max width e438-36 mc6-1 mc6-3\"><div class=\"x-row-inner\"><div class=\"x-col e438-37 mc6-5 mc6-6\"><h4  class=\"h-custom-headline h4\" ><span>GARANTIE L\u00c9GALE<\/span><\/h4><div id=\"\" class=\"x-text\" style=\"\" ><p>V\u00e9rifiez rapidement l'\u00e9tat des marchandises livr\u00e9es pour exclure les d\u00e9fauts \u00e9vidents de mat\u00e9riaux et de fabrication, ainsi que les dommages dus au transport.<\/p>\n<p>Toutes les marchandises ont une garantie de deux ans \u00e0 compter de la date indiqu\u00e9e sur la facture. La garantie prend effet \u00e0 la date de livraison de l'article, justifi\u00e9e par la facture jointe que nous vous demandons de conserver pr\u00e9cieusement. Ne sont pas couverts : les dommages dus \u00e0 un mauvais entretien, au non-respect du mode d'emploi ou \u00e0 l'usure normale.<\/p>\n<p>En cas de probl\u00e8me, l'acheteur doit contacter  WaveLicker (info@wavelicker.com) afin de discuter de la situation.<\/p>\n<p>Les articles peuvent \u00eatre retourn\u00e9s pour r\u00e9paration ou remplacement. Le retour des marchandises aux frais de l'acheteur doit se faire avec num\u00e9ro de suivi.<\/p>\n<\/div><\/div><\/div><\/div><div class=\"x-row x-container max width e438-40 mc6-1 mc6-3\"><div class=\"x-row-inner\"><div class=\"x-col e438-41 mc6-5 mc6-6\"><h4  class=\"h-custom-headline h4\" ><span>LIVRAISONS INTERNATIONALES<\/span><\/h4><h5  class=\"h-custom-headline h5\" ><span>TVA<\/span><\/h5><div id=\"\" class=\"x-text\" style=\"\" ><p>En raison de son statut de micro-entreprise, les articles vendus par WaveLicker ne sont pas soumis \u00e0 la TVA suisse. Il n'y a donc pas de d\u00e9duction de TVA possible pour les envois internationaux.<\/p>\n<\/div><h5  class=\"h-custom-headline h5\" ><span>\u00c0 PROPOS DES DOUANES, DES DROITS ET TAXES<\/span><\/h5><div id=\"\" class=\"x-text\" style=\"\" ><p>Le destinataire d'un envoi international peut \u00eatre assujetti aux taxes d'importation, aux droits de douane et aux redevances, qui sont pr\u00e9lev\u00e9s une fois qu'un envoi atteint le pays du destinataire. Des frais suppl\u00e9mentaires pour le d\u00e9douanement doivent \u00eatre remplis par le destinataire; WaveLicker n'a aucun contr\u00f4le sur ces frais, et WaveLicker ne peut pas non plus pr\u00e9dire ce qu'ils peuvent \u00eatre.<\/p>\n<p>La loi concernant l'exportation en Europe a chang\u00e9 d\u00e8s le 1er juillet 2021, et la TVA s'applique d\u00e9sormais sur toute vente sans exception.<\/p>\n<p>Le client est tenu de payer les taxes d\u00e9sormais \u00e0 r\u00e9ception, qui seront per\u00e7ues par le transporteur.<\/p>\n<\/div><\/div><\/div><\/div><div class=\"x-row x-container max width e438-47 mc6-1 mc6-3\"><div class=\"x-row-inner\"><div class=\"x-col e438-48 mc6-5 mc6-6\"><h4  class=\"h-custom-headline h4\" ><span>CONFIDENTIALIT\u00c9 DES DONN\u00c9ES<\/span><\/h4><div id=\"\" class=\"x-text\" style=\"\" ><p>Toutes les donn\u00e9es personnelles seront consid\u00e9r\u00e9es comme confidentielles. Les informations n\u00e9cessaires \u00e0 la gestion de la commande feront l'objet d'un traitement et pourront \u00eatre communiqu\u00e9es \u00e0 des soci\u00e9t\u00e9s associ\u00e9es dans le cadre de la gestion de la commande.<br \/>\nSoucieux de la confidentialit\u00e9 des donn\u00e9es de ses clients, WaveLicker ne divulgue ses donn\u00e9es \u00e0 aucun tiers.<\/p>\n<\/div><\/div><\/div><\/div><\/div><\/div>","protected":false},"excerpt":{"rendered":"<p>Terms of saleORDERS AND PAYMENTPrices in this catalog are shown in Swiss francs (CHF), net amounts. We offer different ways of payment: 1. CREDIT CARDPayments by credit card are made &#8230; <\/p>\n<div><a href=\"https:\/\/wavelicker.com\/fr\/cgv\/\" class=\"more-link\">Read More<\/a><\/div>","protected":false},"author":1,"featured_media":0,"parent":0,"menu_order":0,"comment_status":"closed","ping_status":"closed","template":"template-blank-4.php","meta":[],"yoast_head":"<!-- This site is optimized with the Yoast SEO plugin v21.1 - https:\/\/yoast.com\/wordpress\/plugins\/seo\/ -->\n<title>Terms of sale | WaveLicker<\/title>\n<meta name=\"robots\" content=\"noindex, nofollow\" \/>\n<meta property=\"og:locale\" content=\"fr_FR\" \/>\n<meta property=\"og:type\" content=\"article\" \/>\n<meta property=\"og:title\" content=\"Terms of sale | WaveLicker\" \/>\n<meta property=\"og:description\" content=\"Terms of saleORDERS AND PAYMENTPrices in this catalog are shown in Swiss francs (CHF), net amounts. We offer different ways of payment: 1. CREDIT CARDPayments by credit card are made ... Read More\" \/>\n<meta property=\"og:url\" content=\"https:\/\/wavelicker.com\/fr\/cgv\/\" \/>\n<meta property=\"og:site_name\" content=\"WaveLicker\" \/>\n<meta property=\"article:publisher\" content=\"http:\/\/www.facebook.com\/wavelicker\" \/>\n<meta property=\"article:modified_time\" content=\"2024-01-15T18:19:27+00:00\" \/>\n<meta name=\"twitter:card\" content=\"summary_large_image\" \/>\n<meta name=\"twitter:label1\" content=\"Dur\u00e9e de lecture estim\u00e9e\" \/>\n\t<meta name=\"twitter:data1\" content=\"6 minutes\" \/>\n<script type=\"application\/ld+json\" class=\"yoast-schema-graph\">{\"@context\":\"https:\/\/schema.org\",\"@graph\":[{\"@type\":\"WebPage\",\"@id\":\"https:\/\/wavelicker.com\/cgv\/\",\"url\":\"https:\/\/wavelicker.com\/cgv\/\",\"name\":\"Terms of sale | WaveLicker\",\"isPartOf\":{\"@id\":\"https:\/\/wavelicker.com\/#website\"},\"datePublished\":\"2017-08-04T10:38:39+00:00\",\"dateModified\":\"2024-01-15T18:19:27+00:00\",\"breadcrumb\":{\"@id\":\"https:\/\/wavelicker.com\/cgv\/#breadcrumb\"},\"inLanguage\":\"fr-FR\",\"potentialAction\":[{\"@type\":\"ReadAction\",\"target\":[\"https:\/\/wavelicker.com\/cgv\/\"]}]},{\"@type\":\"BreadcrumbList\",\"@id\":\"https:\/\/wavelicker.com\/cgv\/#breadcrumb\",\"itemListElement\":[{\"@type\":\"ListItem\",\"position\":1,\"name\":\"Accueil\",\"item\":\"https:\/\/wavelicker.com\/\"},{\"@type\":\"ListItem\",\"position\":2,\"name\":\"Terms of sale\"}]},{\"@type\":\"WebSite\",\"@id\":\"https:\/\/wavelicker.com\/#website\",\"url\":\"https:\/\/wavelicker.com\/\",\"name\":\"WaveLicker\",\"description\":\"Cr\u00e9ateur de synth\u00e9tiseurs modulaires\",\"publisher\":{\"@id\":\"https:\/\/wavelicker.com\/#organization\"},\"potentialAction\":[{\"@type\":\"SearchAction\",\"target\":{\"@type\":\"EntryPoint\",\"urlTemplate\":\"https:\/\/wavelicker.com\/?s={search_term_string}\"},\"query-input\":\"required name=search_term_string\"}],\"inLanguage\":\"fr-FR\"},{\"@type\":\"Organization\",\"@id\":\"https:\/\/wavelicker.com\/#organization\",\"name\":\"WaveLicker\",\"url\":\"https:\/\/wavelicker.com\/\",\"logo\":{\"@type\":\"ImageObject\",\"inLanguage\":\"fr-FR\",\"@id\":\"https:\/\/wavelicker.com\/#\/schema\/logo\/image\/\",\"url\":\"https:\/\/wavelicker.com\/wp-content\/uploads\/2017\/07\/cropped-logo_carre_545x545-1.png\",\"contentUrl\":\"https:\/\/wavelicker.com\/wp-content\/uploads\/2017\/07\/cropped-logo_carre_545x545-1.png\",\"width\":512,\"height\":512,\"caption\":\"WaveLicker\"},\"image\":{\"@id\":\"https:\/\/wavelicker.com\/#\/schema\/logo\/image\/\"},\"sameAs\":[\"http:\/\/www.facebook.com\/wavelicker\"]}]}<\/script>\n<!-- \/ Yoast SEO plugin. -->","yoast_head_json":{"title":"Terms of sale | WaveLicker","robots":{"index":"noindex","follow":"nofollow"},"og_locale":"fr_FR","og_type":"article","og_title":"Terms of sale | WaveLicker","og_description":"Terms of saleORDERS AND PAYMENTPrices in this catalog are shown in Swiss francs (CHF), net amounts. We offer different ways of payment: 1. CREDIT CARDPayments by credit card are made ... Read More","og_url":"https:\/\/wavelicker.com\/fr\/cgv\/","og_site_name":"WaveLicker","article_publisher":"http:\/\/www.facebook.com\/wavelicker","article_modified_time":"2024-01-15T18:19:27+00:00","twitter_card":"summary_large_image","twitter_misc":{"Dur\u00e9e de lecture estim\u00e9e":"6 minutes"},"schema":{"@context":"https:\/\/schema.org","@graph":[{"@type":"WebPage","@id":"https:\/\/wavelicker.com\/cgv\/","url":"https:\/\/wavelicker.com\/cgv\/","name":"Terms of sale | WaveLicker","isPartOf":{"@id":"https:\/\/wavelicker.com\/#website"},"datePublished":"2017-08-04T10:38:39+00:00","dateModified":"2024-01-15T18:19:27+00:00","breadcrumb":{"@id":"https:\/\/wavelicker.com\/cgv\/#breadcrumb"},"inLanguage":"fr-FR","potentialAction":[{"@type":"ReadAction","target":["https:\/\/wavelicker.com\/cgv\/"]}]},{"@type":"BreadcrumbList","@id":"https:\/\/wavelicker.com\/cgv\/#breadcrumb","itemListElement":[{"@type":"ListItem","position":1,"name":"Accueil","item":"https:\/\/wavelicker.com\/"},{"@type":"ListItem","position":2,"name":"Terms of sale"}]},{"@type":"WebSite","@id":"https:\/\/wavelicker.com\/#website","url":"https:\/\/wavelicker.com\/","name":"WaveLicker","description":"Cr\u00e9ateur de synth\u00e9tiseurs modulaires","publisher":{"@id":"https:\/\/wavelicker.com\/#organization"},"potentialAction":[{"@type":"SearchAction","target":{"@type":"EntryPoint","urlTemplate":"https:\/\/wavelicker.com\/?s={search_term_string}"},"query-input":"required name=search_term_string"}],"inLanguage":"fr-FR"},{"@type":"Organization","@id":"https:\/\/wavelicker.com\/#organization","name":"WaveLicker","url":"https:\/\/wavelicker.com\/","logo":{"@type":"ImageObject","inLanguage":"fr-FR","@id":"https:\/\/wavelicker.com\/#\/schema\/logo\/image\/","url":"https:\/\/wavelicker.com\/wp-content\/uploads\/2017\/07\/cropped-logo_carre_545x545-1.png","contentUrl":"https:\/\/wavelicker.com\/wp-content\/uploads\/2017\/07\/cropped-logo_carre_545x545-1.png","width":512,"height":512,"caption":"WaveLicker"},"image":{"@id":"https:\/\/wavelicker.com\/#\/schema\/logo\/image\/"},"sameAs":["http:\/\/www.facebook.com\/wavelicker"]}]}},"_links":{"self":[{"href":"https:\/\/wavelicker.com\/fr\/wp-json\/wp\/v2\/pages\/438"}],"collection":[{"href":"https:\/\/wavelicker.com\/fr\/wp-json\/wp\/v2\/pages"}],"about":[{"href":"https:\/\/wavelicker.com\/fr\/wp-json\/wp\/v2\/types\/page"}],"author":[{"embeddable":true,"href":"https:\/\/wavelicker.com\/fr\/wp-json\/wp\/v2\/users\/1"}],"replies":[{"embeddable":true,"href":"https:\/\/wavelicker.com\/fr\/wp-json\/wp\/v2\/comments?post=438"}],"version-history":[{"count":32,"href":"https:\/\/wavelicker.com\/fr\/wp-json\/wp\/v2\/pages\/438\/revisions"}],"predecessor-version":[{"id":1990,"href":"https:\/\/wavelicker.com\/fr\/wp-json\/wp\/v2\/pages\/438\/revisions\/1990"}],"wp:attachment":[{"href":"https:\/\/wavelicker.com\/fr\/wp-json\/wp\/v2\/media?parent=438"}],"curies":[{"name":"wp","href":"https:\/\/api.w.org\/{rel}","templated":true}]}}