{"id":1723,"date":"2022-02-07T23:46:08","date_gmt":"2022-02-07T21:46:08","guid":{"rendered":"https:\/\/wavelicker.com\/espiegle\/"},"modified":"2022-03-30T19:47:06","modified_gmt":"2022-03-30T17:47:06","slug":"espiegle","status":"publish","type":"page","link":"https:\/\/wavelicker.com\/fr\/espiegle\/","title":{"rendered":"Espi\u00e8gle"},"content":{"rendered":"<div id=\"cs-content\" class=\"cs-content\"><div class=\"x-section e1723-1 m1bv-0\"><div class=\"x-row x-container max width e1723-2 m1bv-1 m1bv-2\"><div class=\"x-row-inner\"><div class=\"x-col e1723-3 m1bv-4\"><div class=\"x-text x-text-headline e1723-4 m1bv-5 m1bv-6 m1bv-7\"><div class=\"x-text-content\"><div class=\"x-text-content-text\"><h1 class=\"x-text-content-text-primary\">Espi\u00e8gle<\/h1><\/div><\/div><\/div><\/div><\/div><\/div><div class=\"x-row x-container max width e1723-5 m1bv-1 m1bv-3\"><div class=\"x-row-inner\"><div class=\"x-col e1723-6 m1bv-4\"><span class=\"x-image e1723-7 m1bv-b\"><img src=\"https:\/\/wavelicker.com\/wp-content\/uploads\/2022\/03\/Espiegle_module_pre-order_woocommerce.png\" width=\"350\" height=\"320\" alt=\"Image\" loading=\"lazy\"><\/span><\/div><div class=\"x-col e1723-8 m1bv-4\"><a class=\"x-anchor x-anchor-button e1723-9 m1bv-c\" tabindex=\"0\" href=\"https:\/\/wavelicker.com\/fr\/?add-to-cart=1916\"><div class=\"x-anchor-content\"><div class=\"x-anchor-text\"><span class=\"x-anchor-text-primary\">Ajouter au panier<\/span><\/div><\/div><\/a><\/div><\/div><\/div><div class=\"x-row x-container max width e1723-10 m1bv-1 m1bv-2\"><div class=\"x-row-inner\"><div class=\"x-col e1723-11 m1bv-4\"><div class=\"x-text x-text-headline e1723-12 m1bv-5 m1bv-7 m1bv-8 m1bv-9\"><div class=\"x-text-content\"><div class=\"x-text-content-text\"><h2 class=\"x-text-content-text-primary\">Comment cela fonctionne<\/h2><\/div><\/div><\/div><\/div><\/div><\/div><div class=\"x-row x-container max width e1723-13 m1bv-1 m1bv-2\"><div class=\"x-row-inner\"><div class=\"x-col e1723-14 m1bv-4\"><div class=\"x-text e1723-15 m1bv-d\">Espi\u00e8gle est un g\u00e9n\u00e9rateur de rythme contenant de l' al\u00e9eatoire quantifiable avec plusieurs modes disponibles :<br>\n- <b>Pile et Face<\/b> : Ce mode simule le jeu de \" Pile ou Face \" : Vous lancez une pi\u00e8ce en l'air et si la pi\u00e8ce tombe sur pile, vous gagnez.<br>\n- <b>Diviseur\/Multiplicateur d'horloge<\/b> : Ce mode vous permet de choisir le nombre entier (de 1 \u00e0 64) par lequel vous souhaitez diviser ou multiplier chacune des entr\u00e9es.<br>\n- <b>Roulette russe<\/b> : Ce mode repr\u00e9sente une s\u00e9quence de 8 ou 16 pas (symbolis\u00e9s par un canon de fusil). Le nombre de \"balles\" d\u00e9finit le nombre de coups dans la s\u00e9quence qui seront ensuite dispos\u00e9s de mani\u00e8re al\u00e9atoire. Il est ainsi possible de g\u00e9n\u00e9rer des s\u00e9quences rythmiques ayant le m\u00eame nombre de battements.<br>\n- <b>S\u00e9quenceur rythmique<\/b> Ce s\u00e9quenceur rythmique de 16 pas est plus traditionnel. Il vous permet de choisir des rythmes dans une biblioth\u00e8que.<br>\n- <b>Cercles Euclidiens<\/b> cet algorithme est maintenant bien connu dans le monde modulaire. Avec Espi\u00e8gle, il y a 4 cercles. Vous pouvez choisir le nombre de pas dans le cercle (de 1 \u00e0 128). Vous pouvez choisir la diff\u00e9rence de pas entre les cercles, la densit\u00e9 des battements dans le cercle et le d\u00e9calage entre chaque cercle.<\/div><div class=\"x-text x-text-headline e1723-16 m1bv-5 m1bv-9 m1bv-a\"><div class=\"x-text-content\"><div class=\"x-text-content-text\"><h2 class=\"x-text-content-text-primary\">Sp\u00e9cifications<\/h2><\/div><\/div><\/div><div class=\"x-text e1723-17 m1bv-d\"><b>Largeur : <\/b>8 HP (40mm)<br>\n<b>Profondeur : <\/b>35 mm<br>\n<b>+12V : <\/b>35 mA<br>\n<b>-12V : <\/b>0 mA<br>\n<br>\n<b>Entr\u00e9e : <\/b>Bas : <0.5V \/ High: >0.5V<br>\n<b>Sorties : <\/b>Bas : 0V \/ Haut: env. 10V<\/div><\/div><\/div><\/div><\/div><\/div>","protected":false},"excerpt":{"rendered":"<p>Espi\u00e8gleAdd to BasketHow it worksEspi\u00e8gle is a rhythm generator containing a quantifiable randomness with several modes available: &#8211; Heads and Tails : This mode simulates the game of &#8220;Heads or &#8230; <\/p>\n<div><a href=\"https:\/\/wavelicker.com\/fr\/espiegle\/\" class=\"more-link\">Read More<\/a><\/div>","protected":false},"author":67,"featured_media":0,"parent":0,"menu_order":0,"comment_status":"closed","ping_status":"closed","template":"template-blank-4.php","meta":[],"yoast_head":"<!-- This site is optimized with the Yoast SEO plugin v21.1 - https:\/\/yoast.com\/wordpress\/plugins\/seo\/ -->\n<title>Espi\u00e8gle | WaveLicker<\/title>\n<meta name=\"robots\" content=\"index, follow, max-snippet:-1, max-image-preview:large, max-video-preview:-1\" \/>\n<link rel=\"canonical\" href=\"https:\/\/wavelicker.com\/fr\/espiegle\/\" \/>\n<meta property=\"og:locale\" content=\"fr_FR\" \/>\n<meta property=\"og:type\" content=\"article\" \/>\n<meta property=\"og:title\" content=\"Espi\u00e8gle | WaveLicker\" \/>\n<meta property=\"og:description\" content=\"Espi\u00e8gleAdd to BasketHow it worksEspi\u00e8gle is a rhythm generator containing a quantifiable randomness with several modes available: - Heads and Tails : This mode simulates the game of &quot;Heads or ... Read More\" \/>\n<meta property=\"og:url\" content=\"https:\/\/wavelicker.com\/fr\/espiegle\/\" \/>\n<meta property=\"og:site_name\" content=\"WaveLicker\" \/>\n<meta property=\"article:publisher\" content=\"http:\/\/www.facebook.com\/wavelicker\" \/>\n<meta property=\"article:modified_time\" content=\"2022-03-30T17:47:06+00:00\" \/>\n<meta name=\"twitter:card\" content=\"summary_large_image\" \/>\n<meta name=\"twitter:label1\" content=\"Dur\u00e9e de lecture estim\u00e9e\" \/>\n\t<meta name=\"twitter:data1\" content=\"2 minutes\" \/>\n<script type=\"application\/ld+json\" class=\"yoast-schema-graph\">{\"@context\":\"https:\/\/schema.org\",\"@graph\":[{\"@type\":\"WebPage\",\"@id\":\"https:\/\/wavelicker.com\/espiegle\/\",\"url\":\"https:\/\/wavelicker.com\/espiegle\/\",\"name\":\"Espi\u00e8gle | WaveLicker\",\"isPartOf\":{\"@id\":\"https:\/\/wavelicker.com\/#website\"},\"datePublished\":\"2022-02-07T21:46:08+00:00\",\"dateModified\":\"2022-03-30T17:47:06+00:00\",\"breadcrumb\":{\"@id\":\"https:\/\/wavelicker.com\/espiegle\/#breadcrumb\"},\"inLanguage\":\"fr-FR\",\"potentialAction\":[{\"@type\":\"ReadAction\",\"target\":[\"https:\/\/wavelicker.com\/espiegle\/\"]}]},{\"@type\":\"BreadcrumbList\",\"@id\":\"https:\/\/wavelicker.com\/espiegle\/#breadcrumb\",\"itemListElement\":[{\"@type\":\"ListItem\",\"position\":1,\"name\":\"Accueil\",\"item\":\"https:\/\/wavelicker.com\/\"},{\"@type\":\"ListItem\",\"position\":2,\"name\":\"Espi\u00e8gle\"}]},{\"@type\":\"WebSite\",\"@id\":\"https:\/\/wavelicker.com\/#website\",\"url\":\"https:\/\/wavelicker.com\/\",\"name\":\"WaveLicker\",\"description\":\"Cr\u00e9ateur de synth\u00e9tiseurs modulaires\",\"publisher\":{\"@id\":\"https:\/\/wavelicker.com\/#organization\"},\"potentialAction\":[{\"@type\":\"SearchAction\",\"target\":{\"@type\":\"EntryPoint\",\"urlTemplate\":\"https:\/\/wavelicker.com\/?s={search_term_string}\"},\"query-input\":\"required name=search_term_string\"}],\"inLanguage\":\"fr-FR\"},{\"@type\":\"Organization\",\"@id\":\"https:\/\/wavelicker.com\/#organization\",\"name\":\"WaveLicker\",\"url\":\"https:\/\/wavelicker.com\/\",\"logo\":{\"@type\":\"ImageObject\",\"inLanguage\":\"fr-FR\",\"@id\":\"https:\/\/wavelicker.com\/#\/schema\/logo\/image\/\",\"url\":\"https:\/\/wavelicker.com\/wp-content\/uploads\/2017\/07\/cropped-logo_carre_545x545-1.png\",\"contentUrl\":\"https:\/\/wavelicker.com\/wp-content\/uploads\/2017\/07\/cropped-logo_carre_545x545-1.png\",\"width\":512,\"height\":512,\"caption\":\"WaveLicker\"},\"image\":{\"@id\":\"https:\/\/wavelicker.com\/#\/schema\/logo\/image\/\"},\"sameAs\":[\"http:\/\/www.facebook.com\/wavelicker\"]}]}<\/script>\n<!-- \/ Yoast SEO plugin. -->","yoast_head_json":{"title":"Espi\u00e8gle | WaveLicker","robots":{"index":"index","follow":"follow","max-snippet":"max-snippet:-1","max-image-preview":"max-image-preview:large","max-video-preview":"max-video-preview:-1"},"canonical":"https:\/\/wavelicker.com\/fr\/espiegle\/","og_locale":"fr_FR","og_type":"article","og_title":"Espi\u00e8gle | WaveLicker","og_description":"Espi\u00e8gleAdd to BasketHow it worksEspi\u00e8gle is a rhythm generator containing a quantifiable randomness with several modes available: - Heads and Tails : This mode simulates the game of \"Heads or ... Read More","og_url":"https:\/\/wavelicker.com\/fr\/espiegle\/","og_site_name":"WaveLicker","article_publisher":"http:\/\/www.facebook.com\/wavelicker","article_modified_time":"2022-03-30T17:47:06+00:00","twitter_card":"summary_large_image","twitter_misc":{"Dur\u00e9e de lecture estim\u00e9e":"2 minutes"},"schema":{"@context":"https:\/\/schema.org","@graph":[{"@type":"WebPage","@id":"https:\/\/wavelicker.com\/espiegle\/","url":"https:\/\/wavelicker.com\/espiegle\/","name":"Espi\u00e8gle | WaveLicker","isPartOf":{"@id":"https:\/\/wavelicker.com\/#website"},"datePublished":"2022-02-07T21:46:08+00:00","dateModified":"2022-03-30T17:47:06+00:00","breadcrumb":{"@id":"https:\/\/wavelicker.com\/espiegle\/#breadcrumb"},"inLanguage":"fr-FR","potentialAction":[{"@type":"ReadAction","target":["https:\/\/wavelicker.com\/espiegle\/"]}]},{"@type":"BreadcrumbList","@id":"https:\/\/wavelicker.com\/espiegle\/#breadcrumb","itemListElement":[{"@type":"ListItem","position":1,"name":"Accueil","item":"https:\/\/wavelicker.com\/"},{"@type":"ListItem","position":2,"name":"Espi\u00e8gle"}]},{"@type":"WebSite","@id":"https:\/\/wavelicker.com\/#website","url":"https:\/\/wavelicker.com\/","name":"WaveLicker","description":"Cr\u00e9ateur de synth\u00e9tiseurs modulaires","publisher":{"@id":"https:\/\/wavelicker.com\/#organization"},"potentialAction":[{"@type":"SearchAction","target":{"@type":"EntryPoint","urlTemplate":"https:\/\/wavelicker.com\/?s={search_term_string}"},"query-input":"required name=search_term_string"}],"inLanguage":"fr-FR"},{"@type":"Organization","@id":"https:\/\/wavelicker.com\/#organization","name":"WaveLicker","url":"https:\/\/wavelicker.com\/","logo":{"@type":"ImageObject","inLanguage":"fr-FR","@id":"https:\/\/wavelicker.com\/#\/schema\/logo\/image\/","url":"https:\/\/wavelicker.com\/wp-content\/uploads\/2017\/07\/cropped-logo_carre_545x545-1.png","contentUrl":"https:\/\/wavelicker.com\/wp-content\/uploads\/2017\/07\/cropped-logo_carre_545x545-1.png","width":512,"height":512,"caption":"WaveLicker"},"image":{"@id":"https:\/\/wavelicker.com\/#\/schema\/logo\/image\/"},"sameAs":["http:\/\/www.facebook.com\/wavelicker"]}]}},"_links":{"self":[{"href":"https:\/\/wavelicker.com\/fr\/wp-json\/wp\/v2\/pages\/1723"}],"collection":[{"href":"https:\/\/wavelicker.com\/fr\/wp-json\/wp\/v2\/pages"}],"about":[{"href":"https:\/\/wavelicker.com\/fr\/wp-json\/wp\/v2\/types\/page"}],"author":[{"embeddable":true,"href":"https:\/\/wavelicker.com\/fr\/wp-json\/wp\/v2\/users\/67"}],"replies":[{"embeddable":true,"href":"https:\/\/wavelicker.com\/fr\/wp-json\/wp\/v2\/comments?post=1723"}],"version-history":[{"count":12,"href":"https:\/\/wavelicker.com\/fr\/wp-json\/wp\/v2\/pages\/1723\/revisions"}],"predecessor-version":[{"id":1926,"href":"https:\/\/wavelicker.com\/fr\/wp-json\/wp\/v2\/pages\/1723\/revisions\/1926"}],"wp:attachment":[{"href":"https:\/\/wavelicker.com\/fr\/wp-json\/wp\/v2\/media?parent=1723"}],"curies":[{"name":"wp","href":"https:\/\/api.w.org\/{rel}","templated":true}]}}