{"id":1323,"date":"2020-11-13T20:37:01","date_gmt":"2020-11-13T18:37:01","guid":{"rendered":"https:\/\/wavelicker.com\/?page_id=1323"},"modified":"2022-02-26T10:29:46","modified_gmt":"2022-02-26T08:29:46","slug":"thereminator","status":"publish","type":"page","link":"https:\/\/wavelicker.com\/fr\/thereminator\/","title":{"rendered":"Thereminator description"},"content":{"rendered":"<div id=\"cs-content\" class=\"cs-content\"><div class=\"x-section e1323-1 m10r-0\"><div class=\"x-row x-container max width e1323-2 m10r-1 m10r-2\"><div class=\"x-row-inner\"><div class=\"x-col e1323-3 m10r-4\"><div class=\"x-text x-text-headline e1323-4 m10r-5 m10r-6 m10r-7 m10r-8\"><div class=\"x-text-content\"><div class=\"x-text-content-text\"><h1 class=\"x-text-content-text-primary\">Thereminator<\/h1><\/div><\/div><\/div><\/div><\/div><\/div><div class=\"x-row x-container max width e1323-5 m10r-1 m10r-3\"><div class=\"x-row-inner\"><div class=\"x-col e1323-6 m10r-4\"><span class=\"x-image e1323-7 m10r-d\"><img src=\"https:\/\/wavelicker.com\/wp-content\/uploads\/2018\/05\/thereminator_woocommerce.png\" width=\"350\" height=\"320\" alt=\"Image\" loading=\"lazy\"><\/span><\/div><div class=\"x-col e1323-8 m10r-4\"><a class=\"x-anchor x-anchor-button e1323-9 m10r-e\" tabindex=\"0\" href=\"https:\/\/wavelicker.com\/fr\/?add-to-cart=825\"><div class=\"x-anchor-content\"><div class=\"x-anchor-text\"><span class=\"x-anchor-text-primary\">Ajouter au panier<\/span><\/div><\/div><\/a><\/div><\/div><\/div><div class=\"x-row x-container max width e1323-10 m10r-1 m10r-2\"><div class=\"x-row-inner\"><div class=\"x-col e1323-11 m10r-4\"><div class=\"x-text x-text-headline e1323-12 m10r-5 m10r-7 m10r-8 m10r-9 m10r-a\"><div class=\"x-text-content\"><div class=\"x-text-content-text\"><h2 class=\"x-text-content-text-primary\">Comment cela fonctionne<\/h2><\/div><\/div><\/div><div class=\"x-text e1323-13 m10r-f m10r-g translation-block\">Thereminator a \u00e9t\u00e9 cr\u00e9\u00e9 avec la talentueuse joueuse de Theremine Coralie Ehinger.<br>\nIl permet d'utiliser la sortie CV des antennes th\u00e9r\u00e9mine (Etherwave Plus, E-Pro, ...) et de la convertir en sortie gate et trigger.<br>\nLe potentiom\u00e8tre permet de r\u00e9gler chacune des trois distances de d\u00e9clenchement et de les mettre en m\u00e9moire dans le module (ainsi les param\u00e8tres sont m\u00e9moris\u00e9s lors de l'extinction du module). Pour chaque distance, deux types de sorties sont possibles : gate et trigger.<br>\nLes gates se d\u00e9clenchent d\u00e8s que la distance de la main est sup\u00e9rieure \u00e0 celle qui a \u00e9t\u00e9 r\u00e9gl\u00e9e et restent tant que la main ne descend pas. Cela permet de d\u00e9clencher les enveloppes et de maintenir le son.v\nLes triggers sont des impulsions courtes (environ 10ms). Ils sont destin\u00e9s \u00e0 d\u00e9clencher des signaux de percussion ou d'horloge.<\/div><\/div><\/div><\/div><div class=\"x-row x-container max width e1323-14 m10r-1 m10r-2\"><div class=\"x-row-inner\"><div class=\"x-col e1323-15 m10r-4\"><div class=\"x-text x-text-headline e1323-16 m10r-5 m10r-8 m10r-a m10r-b\"><div class=\"x-text-content\"><div class=\"x-text-content-text\"><h2 class=\"x-text-content-text-primary\">Sp\u00e9cifications<\/h2><\/div><\/div><\/div><div class=\"x-text e1323-17 m10r-f m10r-g m10r-h\"><b>Largeur : <\/b>4hp (20mm)<br>\n<b>Profondeur : <\/b>55mm<br>\n<b>+12V : <\/b>21mA<br>\n<b>-12V : <\/b>14mA<br>\n<br>\n<b>CV d'entr\u00e9e : <\/b>-5V \u00e0 5V (calibr\u00e9 selon le theremin)<br>\n<b>Sorties : <\/b>Bas : 0V \/ Haut : env. 10V<\/div><\/div><\/div><\/div><div class=\"x-row x-container max width e1323-18 m10r-1 m10r-2\"><div class=\"x-row-inner\"><div class=\"x-col e1323-19 m10r-4\"><div class=\"x-text x-text-headline e1323-20 m10r-5 m10r-8 m10r-a m10r-b\"><div class=\"x-text-content\"><div class=\"x-text-content-text\"><h2 class=\"x-text-content-text-primary\">Manuel d'Utilisation<\/h2><\/div><\/div><\/div><div class=\"x-text e1323-21 m10r-f m10r-g m10r-h\"><a href=\"https:\/\/wavelicker.com\/wp-content\/uploads\/2018\/12\/Thereminator_manual_FR_EN.pdf\">Cliquez ici pour t\u00e9l\u00e9charger le manuel d'utilisation Anglais \/ Fran\u00e7ais<\/a><\/div><\/div><\/div><\/div><div class=\"x-row x-container max width e1323-22 m10r-1 m10r-2\"><div class=\"x-row-inner\"><div class=\"x-col e1323-23 m10r-4\"><div class=\"x-text x-text-headline e1323-24 m10r-5 m10r-a m10r-b m10r-c\"><div class=\"x-text-content\"><div class=\"x-text-content-text\"><h2 class=\"x-text-content-text-primary\">Id\u00e9es de Patch<\/h2><\/div><\/div><\/div><div class=\"x-text e1323-25 m10r-f m10r-h m10r-i\">Therminal C | Coralie Ehinger pr\u00e9sente la fa\u00e7on dont elle utilise le Thereminator :<\/div><div  class=\"x-video embed with-container\" ><div class=\"x-video-inner\"><iframe width=\"818\" height=\"460\" src=\"https:\/\/www.youtube.com\/embed\/84pWUFU0uJY\" frameborder=\"0\" allow=\"accelerometer; autoplay; clipboard-write; encrypted-media; gyroscope; picture-in-picture\" allowfullscreen><\/iframe><\/div><\/div><\/div><\/div><\/div><\/div><\/div>","protected":false},"excerpt":{"rendered":"<p>ThereminatorAdd to BasketHow it worksThereminator has been created and design with the talented theremin player Coralie Ehinger. It allows to use the CV output of the theremin antennas (Etherwave Plus, &#8230; <\/p>\n<div><a href=\"https:\/\/wavelicker.com\/fr\/thereminator\/\" class=\"more-link\">Read More<\/a><\/div>","protected":false},"author":67,"featured_media":0,"parent":0,"menu_order":0,"comment_status":"closed","ping_status":"closed","template":"template-blank-4.php","meta":[],"yoast_head":"<!-- This site is optimized with the Yoast SEO plugin v21.1 - https:\/\/yoast.com\/wordpress\/plugins\/seo\/ -->\n<title>Thereminator description | WaveLicker<\/title>\n<meta name=\"robots\" content=\"index, follow, max-snippet:-1, max-image-preview:large, max-video-preview:-1\" \/>\n<link rel=\"canonical\" href=\"https:\/\/wavelicker.com\/fr\/thereminator\/\" \/>\n<meta property=\"og:locale\" content=\"fr_FR\" \/>\n<meta property=\"og:type\" content=\"article\" \/>\n<meta property=\"og:title\" content=\"Thereminator description | WaveLicker\" \/>\n<meta property=\"og:description\" content=\"ThereminatorAdd to BasketHow it worksThereminator has been created and design with the talented theremin player Coralie Ehinger. It allows to use the CV output of the theremin antennas (Etherwave Plus, ... Read More\" \/>\n<meta property=\"og:url\" content=\"https:\/\/wavelicker.com\/fr\/thereminator\/\" \/>\n<meta property=\"og:site_name\" content=\"WaveLicker\" \/>\n<meta property=\"article:publisher\" content=\"http:\/\/www.facebook.com\/wavelicker\" \/>\n<meta property=\"article:modified_time\" content=\"2022-02-26T08:29:46+00:00\" \/>\n<meta name=\"twitter:card\" content=\"summary_large_image\" \/>\n<meta name=\"twitter:label1\" content=\"Dur\u00e9e de lecture estim\u00e9e\" \/>\n\t<meta name=\"twitter:data1\" content=\"2 minutes\" \/>\n<script type=\"application\/ld+json\" class=\"yoast-schema-graph\">{\"@context\":\"https:\/\/schema.org\",\"@graph\":[{\"@type\":\"WebPage\",\"@id\":\"https:\/\/wavelicker.com\/thereminator\/\",\"url\":\"https:\/\/wavelicker.com\/thereminator\/\",\"name\":\"Thereminator description | WaveLicker\",\"isPartOf\":{\"@id\":\"https:\/\/wavelicker.com\/#website\"},\"datePublished\":\"2020-11-13T18:37:01+00:00\",\"dateModified\":\"2022-02-26T08:29:46+00:00\",\"breadcrumb\":{\"@id\":\"https:\/\/wavelicker.com\/thereminator\/#breadcrumb\"},\"inLanguage\":\"fr-FR\",\"potentialAction\":[{\"@type\":\"ReadAction\",\"target\":[\"https:\/\/wavelicker.com\/thereminator\/\"]}]},{\"@type\":\"BreadcrumbList\",\"@id\":\"https:\/\/wavelicker.com\/thereminator\/#breadcrumb\",\"itemListElement\":[{\"@type\":\"ListItem\",\"position\":1,\"name\":\"Accueil\",\"item\":\"https:\/\/wavelicker.com\/\"},{\"@type\":\"ListItem\",\"position\":2,\"name\":\"Thereminator description\"}]},{\"@type\":\"WebSite\",\"@id\":\"https:\/\/wavelicker.com\/#website\",\"url\":\"https:\/\/wavelicker.com\/\",\"name\":\"WaveLicker\",\"description\":\"Cr\u00e9ateur de synth\u00e9tiseurs modulaires\",\"publisher\":{\"@id\":\"https:\/\/wavelicker.com\/#organization\"},\"potentialAction\":[{\"@type\":\"SearchAction\",\"target\":{\"@type\":\"EntryPoint\",\"urlTemplate\":\"https:\/\/wavelicker.com\/?s={search_term_string}\"},\"query-input\":\"required name=search_term_string\"}],\"inLanguage\":\"fr-FR\"},{\"@type\":\"Organization\",\"@id\":\"https:\/\/wavelicker.com\/#organization\",\"name\":\"WaveLicker\",\"url\":\"https:\/\/wavelicker.com\/\",\"logo\":{\"@type\":\"ImageObject\",\"inLanguage\":\"fr-FR\",\"@id\":\"https:\/\/wavelicker.com\/#\/schema\/logo\/image\/\",\"url\":\"https:\/\/wavelicker.com\/wp-content\/uploads\/2017\/07\/cropped-logo_carre_545x545-1.png\",\"contentUrl\":\"https:\/\/wavelicker.com\/wp-content\/uploads\/2017\/07\/cropped-logo_carre_545x545-1.png\",\"width\":512,\"height\":512,\"caption\":\"WaveLicker\"},\"image\":{\"@id\":\"https:\/\/wavelicker.com\/#\/schema\/logo\/image\/\"},\"sameAs\":[\"http:\/\/www.facebook.com\/wavelicker\"]}]}<\/script>\n<!-- \/ Yoast SEO plugin. -->","yoast_head_json":{"title":"Thereminator description | WaveLicker","robots":{"index":"index","follow":"follow","max-snippet":"max-snippet:-1","max-image-preview":"max-image-preview:large","max-video-preview":"max-video-preview:-1"},"canonical":"https:\/\/wavelicker.com\/fr\/thereminator\/","og_locale":"fr_FR","og_type":"article","og_title":"Thereminator description | WaveLicker","og_description":"ThereminatorAdd to BasketHow it worksThereminator has been created and design with the talented theremin player Coralie Ehinger. It allows to use the CV output of the theremin antennas (Etherwave Plus, ... Read More","og_url":"https:\/\/wavelicker.com\/fr\/thereminator\/","og_site_name":"WaveLicker","article_publisher":"http:\/\/www.facebook.com\/wavelicker","article_modified_time":"2022-02-26T08:29:46+00:00","twitter_card":"summary_large_image","twitter_misc":{"Dur\u00e9e de lecture estim\u00e9e":"2 minutes"},"schema":{"@context":"https:\/\/schema.org","@graph":[{"@type":"WebPage","@id":"https:\/\/wavelicker.com\/thereminator\/","url":"https:\/\/wavelicker.com\/thereminator\/","name":"Thereminator description | WaveLicker","isPartOf":{"@id":"https:\/\/wavelicker.com\/#website"},"datePublished":"2020-11-13T18:37:01+00:00","dateModified":"2022-02-26T08:29:46+00:00","breadcrumb":{"@id":"https:\/\/wavelicker.com\/thereminator\/#breadcrumb"},"inLanguage":"fr-FR","potentialAction":[{"@type":"ReadAction","target":["https:\/\/wavelicker.com\/thereminator\/"]}]},{"@type":"BreadcrumbList","@id":"https:\/\/wavelicker.com\/thereminator\/#breadcrumb","itemListElement":[{"@type":"ListItem","position":1,"name":"Accueil","item":"https:\/\/wavelicker.com\/"},{"@type":"ListItem","position":2,"name":"Thereminator description"}]},{"@type":"WebSite","@id":"https:\/\/wavelicker.com\/#website","url":"https:\/\/wavelicker.com\/","name":"WaveLicker","description":"Cr\u00e9ateur de synth\u00e9tiseurs modulaires","publisher":{"@id":"https:\/\/wavelicker.com\/#organization"},"potentialAction":[{"@type":"SearchAction","target":{"@type":"EntryPoint","urlTemplate":"https:\/\/wavelicker.com\/?s={search_term_string}"},"query-input":"required name=search_term_string"}],"inLanguage":"fr-FR"},{"@type":"Organization","@id":"https:\/\/wavelicker.com\/#organization","name":"WaveLicker","url":"https:\/\/wavelicker.com\/","logo":{"@type":"ImageObject","inLanguage":"fr-FR","@id":"https:\/\/wavelicker.com\/#\/schema\/logo\/image\/","url":"https:\/\/wavelicker.com\/wp-content\/uploads\/2017\/07\/cropped-logo_carre_545x545-1.png","contentUrl":"https:\/\/wavelicker.com\/wp-content\/uploads\/2017\/07\/cropped-logo_carre_545x545-1.png","width":512,"height":512,"caption":"WaveLicker"},"image":{"@id":"https:\/\/wavelicker.com\/#\/schema\/logo\/image\/"},"sameAs":["http:\/\/www.facebook.com\/wavelicker"]}]}},"_links":{"self":[{"href":"https:\/\/wavelicker.com\/fr\/wp-json\/wp\/v2\/pages\/1323"}],"collection":[{"href":"https:\/\/wavelicker.com\/fr\/wp-json\/wp\/v2\/pages"}],"about":[{"href":"https:\/\/wavelicker.com\/fr\/wp-json\/wp\/v2\/types\/page"}],"author":[{"embeddable":true,"href":"https:\/\/wavelicker.com\/fr\/wp-json\/wp\/v2\/users\/67"}],"replies":[{"embeddable":true,"href":"https:\/\/wavelicker.com\/fr\/wp-json\/wp\/v2\/comments?post=1323"}],"version-history":[{"count":12,"href":"https:\/\/wavelicker.com\/fr\/wp-json\/wp\/v2\/pages\/1323\/revisions"}],"predecessor-version":[{"id":1847,"href":"https:\/\/wavelicker.com\/fr\/wp-json\/wp\/v2\/pages\/1323\/revisions\/1847"}],"wp:attachment":[{"href":"https:\/\/wavelicker.com\/fr\/wp-json\/wp\/v2\/media?parent=1323"}],"curies":[{"name":"wp","href":"https:\/\/api.w.org\/{rel}","templated":true}]}}