{"id":1318,"date":"2020-11-13T20:23:11","date_gmt":"2020-11-13T18:23:11","guid":{"rendered":"https:\/\/wavelicker.com\/?page_id=1318"},"modified":"2022-02-26T10:58:49","modified_gmt":"2022-02-26T08:58:49","slug":"viceetversa","status":"publish","type":"page","link":"https:\/\/wavelicker.com\/fr\/viceetversa\/","title":{"rendered":"ViceEtVersa description"},"content":{"rendered":"<div id=\"cs-content\" class=\"cs-content\"><div class=\"x-section e1318-1 m10m-0\"><div class=\"x-row x-container max width e1318-2 m10m-1 m10m-2\"><div class=\"x-row-inner\"><div class=\"x-col e1318-3 m10m-4\"><div class=\"x-text x-text-headline e1318-4 m10m-5 m10m-6 m10m-7 m10m-8\"><div class=\"x-text-content\"><div class=\"x-text-content-text\"><h1 class=\"x-text-content-text-primary\">ViceEtVersa<\/h1><\/div><\/div><\/div><\/div><\/div><\/div><div class=\"x-row x-container max width e1318-5 m10m-1 m10m-3\"><div class=\"x-row-inner\"><div class=\"x-col e1318-6 m10m-4\"><span class=\"x-image e1318-7 m10m-e m10m-f\"><img src=\"https:\/\/wavelicker.com\/wp-content\/uploads\/2018\/04\/viceetversa_woocommerce.png\" width=\"350\" height=\"320\" alt=\"Image\" loading=\"lazy\"><\/span><\/div><div class=\"x-col e1318-8 m10m-4\"><a class=\"x-anchor x-anchor-button e1318-9 m10m-h\" tabindex=\"0\" href=\"https:\/\/wavelicker.com\/fr\/?add-to-cart=75\"><div class=\"x-anchor-content\"><div class=\"x-anchor-text\"><span class=\"x-anchor-text-primary\">Ajouter au panier<\/span><\/div><\/div><\/a><\/div><\/div><\/div><div class=\"x-row x-container max width e1318-10 m10m-1 m10m-2\"><div class=\"x-row-inner\"><div class=\"x-col e1318-11 m10m-4\"><div class=\"x-text x-text-headline e1318-12 m10m-5 m10m-7 m10m-8 m10m-9 m10m-a\"><div class=\"x-text-content\"><div class=\"x-text-content-text\"><h2 class=\"x-text-content-text-primary\">Comment cela fonctionne<\/h2><\/div><\/div><\/div><div class=\"x-text e1318-13 m10m-i\">ViceEtVersa a \u00e9t\u00e9 cr\u00e9\u00e9 pour un ami, Gabriel Scotti, qui voulait cette fonction pour cr\u00e9er des motifs rythmiques.<br><br>\nCe module divise la fr\u00e9quence de l'horloge et fonctionne particuli\u00e8rement bien avec des g\u00e9n\u00e9rateurs de rythme. Lorsqu'un signal d'horloge (Gate, Trigger, LFO, ...) arrive \u00e0 l'entr\u00e9e TRIG, la sortie passe au niveau haut (environ 10v), elle le restera jusqu'\u00e0 ce que l'entr\u00e9e TRIG revienne \u00e0 z\u00e9ro et qu'un nouveau signal arrive.<br><br>\n\nChaque fois qu'un signal de r\u00e9initialisation est d\u00e9tect\u00e9 \u00e0 l'entr\u00e9e RES, les sorties passent \u00e0 z\u00e9ro jusqu'\u00e0 ce que la tension de r\u00e9initialisation disparaisse.<br><br>\n\nLes deux parties des modules fonctionnent de la m\u00eame mani\u00e8re. Si aucun jack n'est branch\u00e9 \u00e0 l'entr\u00e9e 2, la sortie 1 est achemin\u00e9e vers la deuxi\u00e8me unit\u00e9.<br><br>\n\nViceEtVersa peut \u00e9galement \u00eatre utilis\u00e9 comme un octaveur. Si un oscillateur entre dans l'entr\u00e9e TRIG, la sortie sera un signal carr\u00e9 dont la fr\u00e9quence est inf\u00e9rieure d'une octave \u00e0 la fr\u00e9quence d'entr\u00e9e. Si aucun jack n'est branch\u00e9 \u00e0 l'entr\u00e9e 2, la fr\u00e9quence de sortie 2 sera inf\u00e9rieure de deux octaves au signal d'entr\u00e9e. Cette fonction fonctionne particuli\u00e8rement bien avec les signaux carr\u00e9s.<\/div><\/div><\/div><\/div><div class=\"x-row x-container max width e1318-14 m10m-1 m10m-2\"><div class=\"x-row-inner\"><div class=\"x-col e1318-15 m10m-4\"><div class=\"x-text x-text-headline e1318-16 m10m-5 m10m-8 m10m-a m10m-b\"><div class=\"x-text-content\"><div class=\"x-text-content-text\"><h2 class=\"x-text-content-text-primary\">Sp\u00e9cifications<\/h2><\/div><\/div><\/div><div class=\"x-text e1318-17 m10m-i\"><b>Largeur : <\/b>4hp (20mm)<br>\n<b>Profondeur : <\/b>35mm<br>\n<b>+12V : <\/b>7mA<br>\n<b>-12V : <\/b>0mA<br><br>\n\n<b>Entr\u00e9e : <\/b>Bas : <0.5V \/ High: >0.5V<br>\n<b>Sortie : <\/b>Bas : 0V \/ Haut : env. 10V<br><\/div><\/div><\/div><\/div><div class=\"x-row x-container max width e1318-18 m10m-1 m10m-2\"><div class=\"x-row-inner\"><div class=\"x-col e1318-19 m10m-4\"><div class=\"x-text x-text-headline e1318-20 m10m-5 m10m-7 m10m-9 m10m-a m10m-c\"><div class=\"x-text-content\"><div class=\"x-text-content-text\"><h2 class=\"x-text-content-text-primary\">Id\u00e9es de Patch<\/h2><\/div><\/div><\/div><div class=\"x-text x-text-headline e1318-21 m10m-5 m10m-b m10m-c m10m-d\"><div class=\"x-text-content\"><div class=\"x-text-content-text\"><h3 class=\"x-text-content-text-primary\">Basique: clock divider<\/h3><\/div><\/div><\/div><div class=\"x-text e1318-22 m10m-i\">- Connectez la porte d'une s\u00e9quence sur l'entr\u00e9e de ViceEtVersa. La sortie produira un pas sur deux (ou un pas sur 4 si la sortie 2 est utilis\u00e9e).<\/div><span class=\"x-image e1318-23 m10m-e m10m-g\"><img src=\"https:\/\/wavelicker.com\/wp-content\/uploads\/2017\/08\/ViceEtVersa_sequencer_exemple.png\" width=\"538\" height=\"105.5\" alt=\"Image\" loading=\"lazy\"><\/span><div class=\"x-text x-text-headline e1318-24 m10m-5 m10m-b m10m-c m10m-d\"><div class=\"x-text-content\"><div class=\"x-text-content-text\"><h3 class=\"x-text-content-text-primary\">Effet Ping-Pong : avec un VCS (Voltage controlled switch), une enveloppe et deux VCA.<\/h3><\/div><\/div><\/div><div class=\"x-text e1318-25 m10m-i translation-block\">\u2013 Connect a ViceEtVersa.<br>\r\n\u2013 Connect the clock to the envelope.<br>\r\n\u2013 Connect the output of the envelope to a VCS (one input \/ two outputs) and the output of ViceEtVersa to the CV input of the VCS.<br>\r\n\u2013 Connect an audio source to the input of two VCAs. And the envelopes leaving the VCS on the CV input of the VCA.<\/div><span class=\"x-image e1318-26 m10m-e m10m-g\"><img src=\"https:\/\/wavelicker.com\/wp-content\/uploads\/2017\/08\/viceetversa_pingpong.png\" width=\"344\" height=\"199\" alt=\"Image\" loading=\"lazy\"><\/span><div class=\"x-text x-text-headline e1318-27 m10m-5 m10m-b m10m-c m10m-d\"><div class=\"x-text-content\"><div class=\"x-text-content-text\"><h3 class=\"x-text-content-text-primary\">Octaveur (1 octave vers le bas et \/ ou deux)<\/h3><\/div><\/div><\/div><div class=\"x-text e1318-28 m10m-i\">- Connectez la sortie d'un oscillateur \u00e0 l'entr\u00e9e de ViceEtVersa. La sortie est une onde carr\u00e9e d'une octave inf\u00e9rieure \u00e0 celle de l'entr\u00e9e. Sortie 2, deux octaves.<\/div><\/div><\/div><\/div><\/div><\/div>","protected":false},"excerpt":{"rendered":"<p>ViceEtVersaAdd to BasketHow it worksViceEtVersa was created for a friend, Gabriel Scotti, who wanted this feature to create rhythm patterns. This module divides the clock frequency and works particularly well &#8230; <\/p>\n<div><a href=\"https:\/\/wavelicker.com\/fr\/viceetversa\/\" class=\"more-link\">Read More<\/a><\/div>","protected":false},"author":67,"featured_media":0,"parent":0,"menu_order":0,"comment_status":"closed","ping_status":"closed","template":"template-blank-4.php","meta":[],"yoast_head":"<!-- This site is optimized with the Yoast SEO plugin v21.1 - https:\/\/yoast.com\/wordpress\/plugins\/seo\/ -->\n<title>ViceEtVersa description | WaveLicker<\/title>\n<meta name=\"robots\" content=\"index, follow, max-snippet:-1, max-image-preview:large, max-video-preview:-1\" \/>\n<link rel=\"canonical\" href=\"https:\/\/wavelicker.com\/fr\/viceetversa\/\" \/>\n<meta property=\"og:locale\" content=\"fr_FR\" \/>\n<meta property=\"og:type\" content=\"article\" \/>\n<meta property=\"og:title\" content=\"ViceEtVersa description | WaveLicker\" \/>\n<meta property=\"og:description\" content=\"ViceEtVersaAdd to BasketHow it worksViceEtVersa was created for a friend, Gabriel Scotti, who wanted this feature to create rhythm patterns. This module divides the clock frequency and works particularly well ... Read More\" \/>\n<meta property=\"og:url\" content=\"https:\/\/wavelicker.com\/fr\/viceetversa\/\" \/>\n<meta property=\"og:site_name\" content=\"WaveLicker\" \/>\n<meta property=\"article:publisher\" content=\"http:\/\/www.facebook.com\/wavelicker\" \/>\n<meta property=\"article:modified_time\" content=\"2022-02-26T08:58:49+00:00\" \/>\n<meta name=\"twitter:card\" content=\"summary_large_image\" \/>\n<meta name=\"twitter:label1\" content=\"Dur\u00e9e de lecture estim\u00e9e\" \/>\n\t<meta name=\"twitter:data1\" content=\"3 minutes\" \/>\n<script type=\"application\/ld+json\" class=\"yoast-schema-graph\">{\"@context\":\"https:\/\/schema.org\",\"@graph\":[{\"@type\":\"WebPage\",\"@id\":\"https:\/\/wavelicker.com\/viceetversa\/\",\"url\":\"https:\/\/wavelicker.com\/viceetversa\/\",\"name\":\"ViceEtVersa description | WaveLicker\",\"isPartOf\":{\"@id\":\"https:\/\/wavelicker.com\/#website\"},\"datePublished\":\"2020-11-13T18:23:11+00:00\",\"dateModified\":\"2022-02-26T08:58:49+00:00\",\"breadcrumb\":{\"@id\":\"https:\/\/wavelicker.com\/viceetversa\/#breadcrumb\"},\"inLanguage\":\"fr-FR\",\"potentialAction\":[{\"@type\":\"ReadAction\",\"target\":[\"https:\/\/wavelicker.com\/viceetversa\/\"]}]},{\"@type\":\"BreadcrumbList\",\"@id\":\"https:\/\/wavelicker.com\/viceetversa\/#breadcrumb\",\"itemListElement\":[{\"@type\":\"ListItem\",\"position\":1,\"name\":\"Accueil\",\"item\":\"https:\/\/wavelicker.com\/\"},{\"@type\":\"ListItem\",\"position\":2,\"name\":\"ViceEtVersa description\"}]},{\"@type\":\"WebSite\",\"@id\":\"https:\/\/wavelicker.com\/#website\",\"url\":\"https:\/\/wavelicker.com\/\",\"name\":\"WaveLicker\",\"description\":\"Cr\u00e9ateur de synth\u00e9tiseurs modulaires\",\"publisher\":{\"@id\":\"https:\/\/wavelicker.com\/#organization\"},\"potentialAction\":[{\"@type\":\"SearchAction\",\"target\":{\"@type\":\"EntryPoint\",\"urlTemplate\":\"https:\/\/wavelicker.com\/?s={search_term_string}\"},\"query-input\":\"required name=search_term_string\"}],\"inLanguage\":\"fr-FR\"},{\"@type\":\"Organization\",\"@id\":\"https:\/\/wavelicker.com\/#organization\",\"name\":\"WaveLicker\",\"url\":\"https:\/\/wavelicker.com\/\",\"logo\":{\"@type\":\"ImageObject\",\"inLanguage\":\"fr-FR\",\"@id\":\"https:\/\/wavelicker.com\/#\/schema\/logo\/image\/\",\"url\":\"https:\/\/wavelicker.com\/wp-content\/uploads\/2017\/07\/cropped-logo_carre_545x545-1.png\",\"contentUrl\":\"https:\/\/wavelicker.com\/wp-content\/uploads\/2017\/07\/cropped-logo_carre_545x545-1.png\",\"width\":512,\"height\":512,\"caption\":\"WaveLicker\"},\"image\":{\"@id\":\"https:\/\/wavelicker.com\/#\/schema\/logo\/image\/\"},\"sameAs\":[\"http:\/\/www.facebook.com\/wavelicker\"]}]}<\/script>\n<!-- \/ Yoast SEO plugin. -->","yoast_head_json":{"title":"ViceEtVersa description | WaveLicker","robots":{"index":"index","follow":"follow","max-snippet":"max-snippet:-1","max-image-preview":"max-image-preview:large","max-video-preview":"max-video-preview:-1"},"canonical":"https:\/\/wavelicker.com\/fr\/viceetversa\/","og_locale":"fr_FR","og_type":"article","og_title":"ViceEtVersa description | WaveLicker","og_description":"ViceEtVersaAdd to BasketHow it worksViceEtVersa was created for a friend, Gabriel Scotti, who wanted this feature to create rhythm patterns. This module divides the clock frequency and works particularly well ... Read More","og_url":"https:\/\/wavelicker.com\/fr\/viceetversa\/","og_site_name":"WaveLicker","article_publisher":"http:\/\/www.facebook.com\/wavelicker","article_modified_time":"2022-02-26T08:58:49+00:00","twitter_card":"summary_large_image","twitter_misc":{"Dur\u00e9e de lecture estim\u00e9e":"3 minutes"},"schema":{"@context":"https:\/\/schema.org","@graph":[{"@type":"WebPage","@id":"https:\/\/wavelicker.com\/viceetversa\/","url":"https:\/\/wavelicker.com\/viceetversa\/","name":"ViceEtVersa description | WaveLicker","isPartOf":{"@id":"https:\/\/wavelicker.com\/#website"},"datePublished":"2020-11-13T18:23:11+00:00","dateModified":"2022-02-26T08:58:49+00:00","breadcrumb":{"@id":"https:\/\/wavelicker.com\/viceetversa\/#breadcrumb"},"inLanguage":"fr-FR","potentialAction":[{"@type":"ReadAction","target":["https:\/\/wavelicker.com\/viceetversa\/"]}]},{"@type":"BreadcrumbList","@id":"https:\/\/wavelicker.com\/viceetversa\/#breadcrumb","itemListElement":[{"@type":"ListItem","position":1,"name":"Accueil","item":"https:\/\/wavelicker.com\/"},{"@type":"ListItem","position":2,"name":"ViceEtVersa description"}]},{"@type":"WebSite","@id":"https:\/\/wavelicker.com\/#website","url":"https:\/\/wavelicker.com\/","name":"WaveLicker","description":"Cr\u00e9ateur de synth\u00e9tiseurs modulaires","publisher":{"@id":"https:\/\/wavelicker.com\/#organization"},"potentialAction":[{"@type":"SearchAction","target":{"@type":"EntryPoint","urlTemplate":"https:\/\/wavelicker.com\/?s={search_term_string}"},"query-input":"required name=search_term_string"}],"inLanguage":"fr-FR"},{"@type":"Organization","@id":"https:\/\/wavelicker.com\/#organization","name":"WaveLicker","url":"https:\/\/wavelicker.com\/","logo":{"@type":"ImageObject","inLanguage":"fr-FR","@id":"https:\/\/wavelicker.com\/#\/schema\/logo\/image\/","url":"https:\/\/wavelicker.com\/wp-content\/uploads\/2017\/07\/cropped-logo_carre_545x545-1.png","contentUrl":"https:\/\/wavelicker.com\/wp-content\/uploads\/2017\/07\/cropped-logo_carre_545x545-1.png","width":512,"height":512,"caption":"WaveLicker"},"image":{"@id":"https:\/\/wavelicker.com\/#\/schema\/logo\/image\/"},"sameAs":["http:\/\/www.facebook.com\/wavelicker"]}]}},"_links":{"self":[{"href":"https:\/\/wavelicker.com\/fr\/wp-json\/wp\/v2\/pages\/1318"}],"collection":[{"href":"https:\/\/wavelicker.com\/fr\/wp-json\/wp\/v2\/pages"}],"about":[{"href":"https:\/\/wavelicker.com\/fr\/wp-json\/wp\/v2\/types\/page"}],"author":[{"embeddable":true,"href":"https:\/\/wavelicker.com\/fr\/wp-json\/wp\/v2\/users\/67"}],"replies":[{"embeddable":true,"href":"https:\/\/wavelicker.com\/fr\/wp-json\/wp\/v2\/comments?post=1318"}],"version-history":[{"count":20,"href":"https:\/\/wavelicker.com\/fr\/wp-json\/wp\/v2\/pages\/1318\/revisions"}],"predecessor-version":[{"id":1864,"href":"https:\/\/wavelicker.com\/fr\/wp-json\/wp\/v2\/pages\/1318\/revisions\/1864"}],"wp:attachment":[{"href":"https:\/\/wavelicker.com\/fr\/wp-json\/wp\/v2\/media?parent=1318"}],"curies":[{"name":"wp","href":"https:\/\/api.w.org\/{rel}","templated":true}]}}