{"id":1246,"date":"2020-03-30T12:26:32","date_gmt":"2020-03-30T12:26:32","guid":{"rendered":"https:\/\/wavelicker.com\/home\/"},"modified":"2022-02-27T23:39:04","modified_gmt":"2022-02-27T21:39:04","slug":"home","status":"publish","type":"page","link":"https:\/\/wavelicker.com\/fr\/","title":{"rendered":"Accueil"},"content":{"rendered":"<div id=\"cs-content\" class=\"cs-content\"><div class=\"x-section e1246-1 mym-0 mym-1 mym-2\"><div class=\"x-row x-container max width e1246-2 mym-6 mym-7 mym-8 mym-9 mym-a mym-b mym-c\"><div class=\"x-row-inner\"><div class=\"x-col e1246-3 mym-l mym-m mym-n mym-o mym-p\"><div class=\"x-text x-text-headline e1246-4 mym-z mym-10 mym-11 mym-12 mym-13 mym-14\"><div class=\"x-text-content\"><div class=\"x-text-content-text\"><h1 class=\"x-text-content-text-primary\">Hello<\/h1><\/div><\/div><\/div><div class=\"x-text e1246-5 mym-1a mym-1b mym-1c\"><p>Curieux, passionn\u00e9 de musique, geek \u00e0 ses heures perdues et travaillant dans le domaine scientifique depuis plus de 20 ans, Alain le fondateur de WaveLicker apporte ses comp\u00e9tences et sa magie \u00e0 l'\u00e9lectronique analogique et l'art de la programmation de microcontr\u00f4leurs. WaveLicker invite les musiciens \u00e0 repousser les limites de leur propre cr\u00e9ativit\u00e9.<\/p><\/div><a class=\"x-anchor x-anchor-button e1246-6 mym-1e mym-1f mym-1g mym-1h mym-1i\" tabindex=\"0\" href=\"https:\/\/wavelicker.com\/fr\/shop\/\"><div class=\"x-anchor-content\"><div class=\"x-anchor-text\"><span class=\"x-anchor-text-primary\">Voir les Produits<\/span><\/div><\/div><\/a><\/div><div class=\"x-col e1246-7 mym-m mym-q mym-r\"><div class=\"x-bg\" aria-hidden=\"true\"><div class=\"x-bg-layer-lower-image\" data-x-element-bg-layer=\"{&quot;parallaxSize&quot;:&quot;120%&quot;,&quot;parallaxDir&quot;:&quot;h&quot;,&quot;parallaxRev&quot;:false}\" style=\" background-image: url(https:\/\/wavelicker.com\/wp-content\/uploads\/2022\/02\/fresque_modulaire_vect.svg); background-repeat: repeat-x; background-position: center; background-size: cover;\"><\/div><div class=\"x-bg-layer-upper-color\" style=\" background-color: transparent;\"><\/div><\/div><\/div><\/div><\/div><\/div><div class=\"x-section e1246-8 mym-0 mym-3\"><div class=\"x-row x-container max width e1246-9 mym-6 mym-7 mym-8 mym-d mym-e\"><div class=\"x-row-inner\"><div class=\"x-col e1246-10 mym-l mym-m mym-r mym-s\"><div class=\"x-text e1246-11 mym-1c mym-1d\"><p>Les modules WaveLicker sont d'abord faits sur mesure pour des musiciens puis propos\u00e9s \u00e0 tous.<\/p><\/div><a class=\"x-anchor x-anchor-button e1246-12 mym-1g mym-1h mym-1i mym-1j\" tabindex=\"0\" href=\"https:\/\/wavelicker.com\/fr\/about\/\"><div class=\"x-anchor-content\"><div class=\"x-anchor-text\"><span class=\"x-anchor-text-primary\">Nos \u00e9tapes de cr\u00e9ations<\/span><\/div><\/div><\/a><\/div><\/div><\/div><\/div><div class=\"x-section e1246-13 mym-0 mym-2 mym-4\"><div class=\"x-row x-container max width e1246-14 mym-6 mym-7 mym-8 mym-9 mym-b mym-f\"><div class=\"x-row-inner\"><div class=\"x-col e1246-15 mym-l mym-m mym-o mym-t\"><div class=\"x-text x-text-headline e1246-16 mym-z mym-11 mym-14 mym-15 mym-16 mym-17\"><div class=\"x-text-content\"><div class=\"x-text-content-text\"><h1 class=\"x-text-content-text-primary\">Faire de la musique avant tout \u2014<\/h1><\/div><\/div><\/div><div class=\"x-row e1246-17 mym-6 mym-7 mym-8 mym-9 mym-g mym-h\"><div class=\"x-row-inner\"><div class=\"x-col e1246-18 mym-l mym-m mym-r\"><div class=\"x-text x-text-headline e1246-19 mym-10 mym-11 mym-13 mym-18\"><div class=\"x-text-content\"><div class=\"x-text-content-text\"><h1 class=\"x-text-content-text-primary\">La bonne taille<\/h1><span class=\"x-text-content-text-subheadline\">Parce que la taille compte dans le monde modulaire, les modules sont con\u00e7us pour regrouper toutes les fonctionnalit\u00e9s dans le plus petit nombre de HP tout en gardant une ergonomie agr\u00e9able pour le musicien.<\/span><\/div><\/div><\/div><\/div><div class=\"x-col e1246-20 mym-l mym-m mym-r\"><div class=\"x-text x-text-headline e1246-21 mym-10 mym-11 mym-13 mym-18\"><div class=\"x-text-content\"><div class=\"x-text-content-text\"><h1 class=\"x-text-content-text-primary\">Artisanal<\/h1><span class=\"x-text-content-text-subheadline\">Nos modules sont assembl\u00e9s \u00e0 la main et test\u00e9s avant exp\u00e9dition.<\/span><\/div><\/div><\/div><\/div><\/div><\/div><div class=\"x-row e1246-22 mym-6 mym-8 mym-9 mym-g mym-h mym-i\"><div class=\"x-row-inner\"><div class=\"x-col e1246-23 mym-l mym-m mym-r\"><div class=\"x-text x-text-headline e1246-24 mym-10 mym-11 mym-13 mym-18\"><div class=\"x-text-content\"><div class=\"x-text-content-text\"><h1 class=\"x-text-content-text-primary\">Communication<\/h1><span class=\"x-text-content-text-subheadline\">La transparence est importante pour nous. Nous communiquons donc avec vous tout au long du processus d'achat. Nous sommes \u00e9galement l\u00e0 pour toute question.<\/span><\/div><\/div><\/div><\/div><div class=\"x-col e1246-25 mym-l mym-m mym-r\"><div class=\"x-text x-text-headline e1246-26 mym-10 mym-11 mym-13 mym-18\"><div class=\"x-text-content\"><div class=\"x-text-content-text\"><h1 class=\"x-text-content-text-primary\">Garantie<\/h1><span class=\"x-text-content-text-subheadline\">Malgr\u00e9 toutes les pr\u00e9cautions possibles lors de la fabrication et de la livraison. Si vous rencontrez un probl\u00e8me avec l'un de nos modules, nous sommes l\u00e0 pour le r\u00e9soudre.<\/span><\/div><\/div><\/div><\/div><\/div><\/div><\/div><div class=\"x-col e1246-27 mym-l mym-m mym-r mym-u mym-v mym-w\"><div class=\"x-bg\" aria-hidden=\"true\"><div class=\"x-bg-layer-lower-image\" data-x-element-bg-layer=\"{&quot;parallaxSize&quot;:&quot;110%&quot;,&quot;parallaxDir&quot;:&quot;h&quot;,&quot;parallaxRev&quot;:false}\" style=\" background-image: url(https:\/\/wavelicker.com\/wp-content\/uploads\/2022\/01\/IMG_0631_case.png); background-repeat: no-repeat; background-position: 10%; background-size: auto;\"><\/div><\/div><hr class=\"x-line e1246-28 mym-1o\"><\/hr><\/div><\/div><\/div><\/div><div class=\"x-section e1246-29 mym-0 mym-5 responsive-padding-y\"><div class=\"x-row x-container max width e1246-30 mym-6 mym-7 mym-8 mym-9 mym-e\"><div class=\"x-row-inner\"><div class=\"x-col e1246-31 mym-l mym-m mym-r mym-u mym-w mym-x\"><div class=\"x-text x-text-headline e1246-32 mym-11 mym-14 mym-15 mym-17 mym-19\"><div class=\"x-text-content\"><div class=\"x-text-content-text\"><h2 class=\"x-text-content-text-primary\">Derniers Produits<\/h2><\/div><\/div><\/div><div class=\"woocommerce columns-3 latest-products\"><ul class=\"products columns-3\">\n<li class=\"has-post-thumbnail product type-product post-1916 status-publish first instock product_cat-non-classe shipping-taxable purchasable product-type-simple\">\n\t<div class=\"entry-product\"><div class=\"entry-featured\"><a href=\"https:\/\/wavelicker.com\/fr\/produit\/espiegle-pre-order\/\"><img width=\"700\" height=\"640\" src=\"https:\/\/wavelicker.com\/wp-content\/uploads\/2022\/03\/Espiegle_module_pre-order_woocommerce.png\" class=\"attachment-shop_catalog size-shop_catalog wp-post-image\" alt=\"\" decoding=\"async\" loading=\"lazy\" srcset=\"https:\/\/wavelicker.com\/wp-content\/uploads\/2022\/03\/Espiegle_module_pre-order_woocommerce.png 700w, https:\/\/wavelicker.com\/wp-content\/uploads\/2022\/03\/Espiegle_module_pre-order_woocommerce-300x274.png 300w, https:\/\/wavelicker.com\/wp-content\/uploads\/2022\/03\/Espiegle_module_pre-order_woocommerce-13x12.png 13w, https:\/\/wavelicker.com\/wp-content\/uploads\/2022\/03\/Espiegle_module_pre-order_woocommerce-100x91.png 100w\" sizes=\"(max-width: 700px) 100vw, 700px\" \/><\/a><\/div><div class=\"entry-wrap\"><header class=\"entry-header\"><h3><a href=\"https:\/\/wavelicker.com\/fr\/produit\/espiegle-pre-order\/\">Espi\u00e8gle \u2013 PRE-COMMANDE<\/a><\/h3><a href=\"?add-to-cart=1916\" data-quantity=\"1\" class=\"button product_type_simple add_to_cart_button ajax_add_to_cart\" data-product_id=\"1916\" data-product_sku=\"10\" aria-label=\"Ajouter \u201cEspi\u00e8gle - PRE-ORDER\u201d \u00e0 votre panier\" aria-describedby=\"\" rel=\"nofollow\" data-no-translation=\"\" data-trp-gettext=\"\" data-no-translation-aria-label=\"\">Ajouter au panier<\/a><\/header><\/div><\/div><\/li>\n<li class=\"has-post-thumbnail product type-product post-825 status-publish onbackorder product_cat-non-classe shipping-taxable purchasable product-type-simple\">\n\t<div class=\"entry-product\"><div class=\"entry-featured\"><a href=\"https:\/\/wavelicker.com\/fr\/produit\/thereminator\/\"><img width=\"700\" height=\"640\" src=\"https:\/\/wavelicker.com\/wp-content\/uploads\/2018\/05\/thereminator_woocommerce-700x640.png\" class=\"attachment-shop_catalog size-shop_catalog wp-post-image\" alt=\"\" decoding=\"async\" loading=\"lazy\" srcset=\"https:\/\/wavelicker.com\/wp-content\/uploads\/2018\/05\/thereminator_woocommerce.png 700w, https:\/\/wavelicker.com\/wp-content\/uploads\/2018\/05\/thereminator_woocommerce-300x274.png 300w, https:\/\/wavelicker.com\/wp-content\/uploads\/2018\/05\/thereminator_woocommerce-100x91.png 100w\" sizes=\"(max-width: 700px) 100vw, 700px\" \/><\/a><\/div><div class=\"entry-wrap\"><header class=\"entry-header\"><h3><a href=\"https:\/\/wavelicker.com\/fr\/produit\/thereminator\/\">Thereminator<\/a><\/h3><a href=\"?add-to-cart=825\" data-quantity=\"1\" class=\"button product_type_simple add_to_cart_button ajax_add_to_cart\" data-product_id=\"825\" data-product_sku=\"\" aria-label=\"Ajouter \u201cThereminator\u201d \u00e0 votre panier\" aria-describedby=\"\" rel=\"nofollow\" data-no-translation=\"\" data-trp-gettext=\"\" data-no-translation-aria-label=\"\">Ajouter au panier<\/a><\/header><\/div><\/div><\/li>\n<li class=\"has-post-thumbnail product type-product post-787 status-publish last instock product_cat-non-classe shipping-taxable purchasable product-type-simple\">\n\t<div class=\"entry-product\"><div class=\"entry-featured\"><a href=\"https:\/\/wavelicker.com\/fr\/produit\/toyboy\/\"><img width=\"700\" height=\"640\" src=\"https:\/\/wavelicker.com\/wp-content\/uploads\/2018\/04\/toyboy_woocommerce-700x640.png\" class=\"attachment-shop_catalog size-shop_catalog wp-post-image\" alt=\"\" decoding=\"async\" loading=\"lazy\" srcset=\"https:\/\/wavelicker.com\/wp-content\/uploads\/2018\/04\/toyboy_woocommerce.png 700w, https:\/\/wavelicker.com\/wp-content\/uploads\/2018\/04\/toyboy_woocommerce-300x274.png 300w, https:\/\/wavelicker.com\/wp-content\/uploads\/2018\/04\/toyboy_woocommerce-100x91.png 100w\" sizes=\"(max-width: 700px) 100vw, 700px\" \/><\/a><\/div><div class=\"entry-wrap\"><header class=\"entry-header\"><h3><a href=\"https:\/\/wavelicker.com\/fr\/produit\/toyboy\/\">ToyBoy<\/a><\/h3><a href=\"?add-to-cart=787\" data-quantity=\"1\" class=\"button product_type_simple add_to_cart_button ajax_add_to_cart\" data-product_id=\"787\" data-product_sku=\"\" aria-label=\"Ajouter \u201cToyBoy\u201d \u00e0 votre panier\" aria-describedby=\"\" rel=\"nofollow\" data-no-translation=\"\" data-trp-gettext=\"\" data-no-translation-aria-label=\"\">Ajouter au panier<\/a><\/header><\/div><\/div><\/li>\n<li class=\"has-post-thumbnail product type-product post-75 status-publish first instock product_cat-non-classe shipping-taxable purchasable product-type-simple\">\n\t<div class=\"entry-product\"><div class=\"entry-featured\"><a href=\"https:\/\/wavelicker.com\/fr\/produit\/viceetversa\/\"><img width=\"700\" height=\"640\" src=\"https:\/\/wavelicker.com\/wp-content\/uploads\/2018\/04\/viceetversa_woocommerce-700x640.png\" class=\"attachment-shop_catalog size-shop_catalog wp-post-image\" alt=\"\" decoding=\"async\" loading=\"lazy\" srcset=\"https:\/\/wavelicker.com\/wp-content\/uploads\/2018\/04\/viceetversa_woocommerce.png 700w, https:\/\/wavelicker.com\/wp-content\/uploads\/2018\/04\/viceetversa_woocommerce-300x274.png 300w, https:\/\/wavelicker.com\/wp-content\/uploads\/2018\/04\/viceetversa_woocommerce-100x91.png 100w\" sizes=\"(max-width: 700px) 100vw, 700px\" \/><\/a><\/div><div class=\"entry-wrap\"><header class=\"entry-header\"><h3><a href=\"https:\/\/wavelicker.com\/fr\/produit\/viceetversa\/\">ViceEtVersa<\/a><\/h3><a href=\"?add-to-cart=75\" data-quantity=\"1\" class=\"button product_type_simple add_to_cart_button ajax_add_to_cart\" data-product_id=\"75\" data-product_sku=\"\" aria-label=\"Ajouter \u201cViceEtVersa\u201d \u00e0 votre panier\" aria-describedby=\"\" rel=\"nofollow\" data-no-translation=\"\" data-trp-gettext=\"\" data-no-translation-aria-label=\"\">Ajouter au panier<\/a><\/header><\/div><\/div><\/li>\n<\/ul>\n<\/div><a class=\"x-anchor x-anchor-button e1246-34 mym-1f mym-1g mym-1h mym-1i mym-1k mym-1l\" tabindex=\"0\" href=\"https:\/\/wavelicker.com\/fr\/shop\/\"><div class=\"x-anchor-content\"><div class=\"x-anchor-text\"><span class=\"x-anchor-text-primary\">En d\u00e9couvrir plus<\/span><\/div><\/div><\/a><\/div><\/div><\/div><\/div><div class=\"x-section e1246-35 mym-0 mym-2 mym-4\"><div class=\"x-row x-container max width e1246-36 mym-6 mym-7 mym-8 mym-9 mym-a mym-h\"><div class=\"x-row-inner\"><div class=\"x-col e1246-37 mym-l mym-m mym-n mym-o mym-u mym-w mym-x\"><span class=\"x-image e1246-38 mym-1p\"><img src=\"https:\/\/wavelicker.com\/wp-content\/uploads\/2020\/11\/Thereminatior_box.png\" width=\"487\" height=\"487\" alt=\"Image\" loading=\"lazy\"><\/span><\/div><div class=\"x-col e1246-39 mym-l mym-m mym-r mym-u mym-v mym-y\"><div class=\"x-text x-text-headline e1246-40 mym-z mym-10 mym-11 mym-14 mym-17\"><div class=\"x-text-content\"><div class=\"x-text-content-text\"><h2 class=\"x-text-content-text-primary\">Construit avec passion, achetez en toute confiance.<\/h2><\/div><\/div><\/div><div class=\"x-text e1246-41 mym-1b mym-1c\"><p>La conception des modules WaveLicker est guid\u00e9e par le c\u0153ur, de la fabrication \u00e0 l'exp\u00e9dition.<\/p><\/div><a class=\"x-anchor x-anchor-button e1246-42 mym-1f mym-1g mym-1h mym-1k mym-1m\" tabindex=\"0\" href=\"https:\/\/wavelicker.com\/fr\/shop\/\"><div class=\"x-anchor-content\"><div class=\"x-anchor-text\"><span class=\"x-anchor-text-primary\">Commander maintenant<\/span><\/div><\/div><\/a><\/div><\/div><\/div><\/div><div class=\"x-section e1246-43 mym-0 mym-5 responsive-padding-y\"><div class=\"x-row x-container max width e1246-44 mym-6 mym-7 mym-8 mym-d mym-e\"><div class=\"x-row-inner\"><div class=\"x-col e1246-45 mym-l mym-m mym-r mym-u mym-v mym-w\"><blockquote class=\"x-quote e1246-46 mym-1q\"><span class=\"x-graphic x-quote-mark-opening mym-1r mym-1s mym-1t\" aria-hidden=\"true\"><i class=\"x-icon x-graphic-child x-graphic-icon x-graphic-primary\" aria-hidden=\"true\" data-x-icon-s=\"&#xf10d;\"><\/i><\/span><div class=\"x-quote-content\"><div class=\"x-quote-text\"><p>Faire des choses folles de mani\u00e8re s\u00e9rieuse.<\/p><\/div><footer class=\"x-quote-cite\"><span class=\"x-quote-cite-text\">Alain Gillieron - Fondateur de WaveLicker<\/span><\/footer><\/div><span class=\"x-graphic x-quote-mark-closing mym-1t mym-1u mym-1v\" aria-hidden=\"true\"><i class=\"x-icon x-graphic-child x-graphic-icon x-graphic-primary\" aria-hidden=\"true\" data-x-icon-s=\"&#xf10e;\"><\/i><\/span><\/blockquote><\/div><\/div><\/div><div class=\"x-row x-container max width e1246-47 mym-6 mym-d mym-g mym-j\"><div class=\"x-row-inner\"><div class=\"x-col e1246-48 mym-l mym-m mym-r\"><blockquote class=\"x-testimonial e1246-49 mym-1x\"><span class=\"x-graphic mym-1s mym-1u mym-1w\" aria-hidden=\"true\"><span class=\"x-image x-graphic-child x-graphic-image x-graphic-primary\"><img src=\"https:\/\/wavelicker.com\/wp-content\/uploads\/2020\/11\/therminalC.svg\" width=\"290\" height=\"290\" alt=\"Image\" loading=\"lazy\"><\/span><\/span><div class=\"x-testimonial-content\"><div class=\"x-testimonial-text\">WaveLicker, artisan technicien, est \u00e0 l'\u00e9coute des musiciens. Un soutien pr\u00e9cieux et indispensable !<\/div><span class=\"x-testimonial-cite\"><span class=\"x-testimonial-cite-content\"><span class=\"x-testimonial-cite-text\">Coralie Ehinger - Joueuse de Th\u00e9r\u00e9mine (Aka Therminal C)<\/span><\/span><\/span><\/div><\/blockquote><\/div><div class=\"x-col e1246-50 mym-l mym-m mym-r\"><blockquote class=\"x-testimonial e1246-51 mym-1x\"><span class=\"x-graphic mym-1s mym-1u mym-1w\" aria-hidden=\"true\"><span class=\"x-image x-graphic-child x-graphic-image x-graphic-primary\"><img src=\"https:\/\/wavelicker.com\/wp-content\/uploads\/2020\/11\/GScotti.png\" width=\"290\" height=\"290\" alt=\"Image\" loading=\"lazy\"><\/span><\/span><div class=\"x-testimonial-content\"><div class=\"x-testimonial-text\">Alain de WaveLicker est un gars formidable avec de bonnes id\u00e9es !\nSes connaissances en \u00e9lectronique et en synth\u00e9 rendent possible l'impossible !\nJe suis fier d'avoir eu le privil\u00e8ge de collaborer avec lui sur certains modules.\nMerci Alain.\n\n<\/div><span class=\"x-testimonial-cite\"><span class=\"x-testimonial-cite-content\"><span class=\"x-testimonial-cite-text\">Gabriel Scotti - Compositeur de musique de film<\/span><\/span><\/span><\/div><\/blockquote><\/div><\/div><\/div><div class=\"x-row x-container max width e1246-52 mym-6 mym-7 mym-8 mym-9 mym-e mym-k\"><div class=\"x-row-inner\"><div class=\"x-col e1246-53 mym-l mym-m mym-r\"><a class=\"x-anchor x-anchor-button e1246-54 mym-1f mym-1g mym-1i mym-1l mym-1n\" tabindex=\"0\" href=\"https:\/\/wavelicker.com\/fr\/contact\/\"><div class=\"x-anchor-content\"><div class=\"x-anchor-text\"><span class=\"x-anchor-text-primary\">Nous Contacter<\/span><\/div><\/div><\/a><\/div><\/div><\/div><\/div><\/div>","protected":false},"excerpt":{"rendered":"<p>HelloCurious, passionate by music, geek in his spare time and working in the scientific field for 20+ years, Alain the founder of WaveLicker bring his competencies and magic to the &#8230; <\/p>\n<div><a href=\"https:\/\/wavelicker.com\/fr\/\" class=\"more-link\">Read More<\/a><\/div>","protected":false},"author":67,"featured_media":0,"parent":0,"menu_order":0,"comment_status":"closed","ping_status":"closed","template":"template-blank-4.php","meta":[],"yoast_head":"<!-- This site is optimized with the Yoast SEO plugin v21.1 - https:\/\/yoast.com\/wordpress\/plugins\/seo\/ -->\n<title>Home | WaveLicker<\/title>\n<meta name=\"robots\" content=\"index, follow, max-snippet:-1, max-image-preview:large, max-video-preview:-1\" \/>\n<link rel=\"canonical\" href=\"https:\/\/wavelicker.com\/fr\/\" \/>\n<meta property=\"og:locale\" content=\"fr_FR\" \/>\n<meta property=\"og:type\" content=\"article\" \/>\n<meta property=\"og:title\" content=\"Home | WaveLicker\" \/>\n<meta property=\"og:description\" content=\"HelloCurious, passionate by music, geek in his spare time and working in the scientific field for 20+ years, Alain the founder of WaveLicker bring his competencies and magic to the ... Read More\" \/>\n<meta property=\"og:url\" content=\"https:\/\/wavelicker.com\/fr\/\" \/>\n<meta property=\"og:site_name\" content=\"WaveLicker\" \/>\n<meta property=\"article:publisher\" content=\"http:\/\/www.facebook.com\/wavelicker\" \/>\n<meta property=\"article:modified_time\" content=\"2022-02-27T21:39:04+00:00\" \/>\n<meta name=\"twitter:card\" content=\"summary_large_image\" \/>\n<meta name=\"twitter:label1\" content=\"Dur\u00e9e de lecture estim\u00e9e\" \/>\n\t<meta name=\"twitter:data1\" content=\"2 minutes\" \/>\n<script type=\"application\/ld+json\" class=\"yoast-schema-graph\">{\"@context\":\"https:\/\/schema.org\",\"@graph\":[{\"@type\":\"WebPage\",\"@id\":\"https:\/\/wavelicker.com\/\",\"url\":\"https:\/\/wavelicker.com\/\",\"name\":\"Home | WaveLicker\",\"isPartOf\":{\"@id\":\"https:\/\/wavelicker.com\/#website\"},\"datePublished\":\"2020-03-30T12:26:32+00:00\",\"dateModified\":\"2022-02-27T21:39:04+00:00\",\"breadcrumb\":{\"@id\":\"https:\/\/wavelicker.com\/#breadcrumb\"},\"inLanguage\":\"fr-FR\",\"potentialAction\":[{\"@type\":\"ReadAction\",\"target\":[\"https:\/\/wavelicker.com\/\"]}]},{\"@type\":\"BreadcrumbList\",\"@id\":\"https:\/\/wavelicker.com\/#breadcrumb\",\"itemListElement\":[{\"@type\":\"ListItem\",\"position\":1,\"name\":\"Accueil\",\"item\":\"https:\/\/wavelicker.com\/\"},{\"@type\":\"ListItem\",\"position\":2,\"name\":\"Home\"}]},{\"@type\":\"WebSite\",\"@id\":\"https:\/\/wavelicker.com\/#website\",\"url\":\"https:\/\/wavelicker.com\/\",\"name\":\"WaveLicker\",\"description\":\"Cr\u00e9ateur de synth\u00e9tiseurs modulaires\",\"publisher\":{\"@id\":\"https:\/\/wavelicker.com\/#organization\"},\"potentialAction\":[{\"@type\":\"SearchAction\",\"target\":{\"@type\":\"EntryPoint\",\"urlTemplate\":\"https:\/\/wavelicker.com\/?s={search_term_string}\"},\"query-input\":\"required name=search_term_string\"}],\"inLanguage\":\"fr-FR\"},{\"@type\":\"Organization\",\"@id\":\"https:\/\/wavelicker.com\/#organization\",\"name\":\"WaveLicker\",\"url\":\"https:\/\/wavelicker.com\/\",\"logo\":{\"@type\":\"ImageObject\",\"inLanguage\":\"fr-FR\",\"@id\":\"https:\/\/wavelicker.com\/#\/schema\/logo\/image\/\",\"url\":\"https:\/\/wavelicker.com\/wp-content\/uploads\/2017\/07\/cropped-logo_carre_545x545-1.png\",\"contentUrl\":\"https:\/\/wavelicker.com\/wp-content\/uploads\/2017\/07\/cropped-logo_carre_545x545-1.png\",\"width\":512,\"height\":512,\"caption\":\"WaveLicker\"},\"image\":{\"@id\":\"https:\/\/wavelicker.com\/#\/schema\/logo\/image\/\"},\"sameAs\":[\"http:\/\/www.facebook.com\/wavelicker\"]}]}<\/script>\n<!-- \/ Yoast SEO plugin. -->","yoast_head_json":{"title":"Home | WaveLicker","robots":{"index":"index","follow":"follow","max-snippet":"max-snippet:-1","max-image-preview":"max-image-preview:large","max-video-preview":"max-video-preview:-1"},"canonical":"https:\/\/wavelicker.com\/fr\/","og_locale":"fr_FR","og_type":"article","og_title":"Home | WaveLicker","og_description":"HelloCurious, passionate by music, geek in his spare time and working in the scientific field for 20+ years, Alain the founder of WaveLicker bring his competencies and magic to the ... Read More","og_url":"https:\/\/wavelicker.com\/fr\/","og_site_name":"WaveLicker","article_publisher":"http:\/\/www.facebook.com\/wavelicker","article_modified_time":"2022-02-27T21:39:04+00:00","twitter_card":"summary_large_image","twitter_misc":{"Dur\u00e9e de lecture estim\u00e9e":"2 minutes"},"schema":{"@context":"https:\/\/schema.org","@graph":[{"@type":"WebPage","@id":"https:\/\/wavelicker.com\/","url":"https:\/\/wavelicker.com\/","name":"Home | WaveLicker","isPartOf":{"@id":"https:\/\/wavelicker.com\/#website"},"datePublished":"2020-03-30T12:26:32+00:00","dateModified":"2022-02-27T21:39:04+00:00","breadcrumb":{"@id":"https:\/\/wavelicker.com\/#breadcrumb"},"inLanguage":"fr-FR","potentialAction":[{"@type":"ReadAction","target":["https:\/\/wavelicker.com\/"]}]},{"@type":"BreadcrumbList","@id":"https:\/\/wavelicker.com\/#breadcrumb","itemListElement":[{"@type":"ListItem","position":1,"name":"Accueil","item":"https:\/\/wavelicker.com\/"},{"@type":"ListItem","position":2,"name":"Home"}]},{"@type":"WebSite","@id":"https:\/\/wavelicker.com\/#website","url":"https:\/\/wavelicker.com\/","name":"WaveLicker","description":"Cr\u00e9ateur de synth\u00e9tiseurs modulaires","publisher":{"@id":"https:\/\/wavelicker.com\/#organization"},"potentialAction":[{"@type":"SearchAction","target":{"@type":"EntryPoint","urlTemplate":"https:\/\/wavelicker.com\/?s={search_term_string}"},"query-input":"required name=search_term_string"}],"inLanguage":"fr-FR"},{"@type":"Organization","@id":"https:\/\/wavelicker.com\/#organization","name":"WaveLicker","url":"https:\/\/wavelicker.com\/","logo":{"@type":"ImageObject","inLanguage":"fr-FR","@id":"https:\/\/wavelicker.com\/#\/schema\/logo\/image\/","url":"https:\/\/wavelicker.com\/wp-content\/uploads\/2017\/07\/cropped-logo_carre_545x545-1.png","contentUrl":"https:\/\/wavelicker.com\/wp-content\/uploads\/2017\/07\/cropped-logo_carre_545x545-1.png","width":512,"height":512,"caption":"WaveLicker"},"image":{"@id":"https:\/\/wavelicker.com\/#\/schema\/logo\/image\/"},"sameAs":["http:\/\/www.facebook.com\/wavelicker"]}]}},"_links":{"self":[{"href":"https:\/\/wavelicker.com\/fr\/wp-json\/wp\/v2\/pages\/1246"}],"collection":[{"href":"https:\/\/wavelicker.com\/fr\/wp-json\/wp\/v2\/pages"}],"about":[{"href":"https:\/\/wavelicker.com\/fr\/wp-json\/wp\/v2\/types\/page"}],"author":[{"embeddable":true,"href":"https:\/\/wavelicker.com\/fr\/wp-json\/wp\/v2\/users\/67"}],"replies":[{"embeddable":true,"href":"https:\/\/wavelicker.com\/fr\/wp-json\/wp\/v2\/comments?post=1246"}],"version-history":[{"count":38,"href":"https:\/\/wavelicker.com\/fr\/wp-json\/wp\/v2\/pages\/1246\/revisions"}],"predecessor-version":[{"id":1907,"href":"https:\/\/wavelicker.com\/fr\/wp-json\/wp\/v2\/pages\/1246\/revisions\/1907"}],"wp:attachment":[{"href":"https:\/\/wavelicker.com\/fr\/wp-json\/wp\/v2\/media?parent=1246"}],"curies":[{"name":"wp","href":"https:\/\/api.w.org\/{rel}","templated":true}]}}