{"id":1235,"date":"2020-03-30T14:15:48","date_gmt":"2020-03-30T12:15:48","guid":{"rendered":"https:\/\/wavelicker.com\/about-2\/"},"modified":"2022-02-26T10:23:40","modified_gmt":"2022-02-26T08:23:40","slug":"about","status":"publish","type":"page","link":"https:\/\/wavelicker.com\/fr\/about\/","title":{"rendered":"A propos"},"content":{"rendered":"<div id=\"cs-content\" class=\"cs-content\"><div class=\"x-section e1235-1 myb-0 myb-1\"><div class=\"x-row x-container max width e1235-2 myb-6 myb-7 myb-8 myb-9 myb-a myb-b myb-c myb-d myb-e\"><div class=\"x-row-inner\"><div class=\"x-col e1235-3 myb-t myb-u myb-v myb-w myb-x\"><div class=\"x-text x-text-headline e1235-4 myb-16 myb-17 myb-18 myb-19 myb-1a myb-1b\"><div class=\"x-text-content\"><div class=\"x-text-content-text\"><h1 class=\"x-text-content-text-primary\">Nous vous aidons \u00e0 trouver le bon outil<\/h1><\/div><\/div><\/div><div class=\"x-text e1235-5 myb-1j myb-1k myb-1l\">La plupart des modules WaveLicker sont le fruit de collaborations avec des musiciens. C'est un challenge passionnant de pouvoir exaucer les souhaits de cr\u00e9eateurs de sons en alliant l'analogique, le num\u00e9rique et un savoir-faire acquis de mani\u00e8re autodidacte.<\/div><\/div><div class=\"x-col e1235-6 myb-t myb-w myb-y myb-z myb-10 myb-11\"><div class=\"x-bg\" aria-hidden=\"true\"><div class=\"x-bg-layer-lower-image\" data-x-element-bg-layer=\"{&quot;parallaxSize&quot;:&quot;120%&quot;,&quot;parallaxDir&quot;:&quot;v&quot;,&quot;parallaxRev&quot;:true}\" style=\" background-image: url(https:\/\/wavelicker.com\/wp-content\/uploads\/2022\/01\/creating_modules_cover.jpg); background-repeat: no-repeat; background-position: center top; background-size: cover;\"><\/div><\/div><hr class=\"x-line e1235-7 myb-1o myb-1p\"><\/hr><\/div><\/div><\/div><\/div><div class=\"x-section e1235-8 myb-0 myb-2\"><div class=\"x-row x-container max width e1235-9 myb-6 myb-7 myb-8 myb-9 myb-a myb-b myb-e myb-f myb-g myb-h myb-i myb-j myb-k\"><div class=\"x-row-inner\"><div class=\"x-col e1235-10 myb-v myb-w myb-10\"><div class=\"x-text x-text-headline e1235-11 myb-18 myb-1a myb-1c myb-1d myb-1e myb-1f\"><div class=\"x-text-content\"><div class=\"x-text-content-text\"><h2 class=\"x-text-content-text-primary\">Nos \u00e9tapes de cr\u00e9ations<\/h2><\/div><\/div><\/div><\/div><\/div><\/div><div class=\"x-row x-container max width e1235-12 myb-6 myb-8 myb-9 myb-a myb-b myb-f myb-g myb-i myb-l\"><div class=\"x-row-inner\"><div class=\"x-col e1235-13 myb-v myb-w myb-12 myb-13\"><div class=\"x-text x-text-headline e1235-14 myb-17 myb-18 myb-19 myb-1a myb-1b myb-1g\"><div class=\"x-text-content\"><div class=\"x-text-content-text\"><h3 class=\"x-text-content-text-primary\">Phase d'Id\u00e9ation<\/h3><\/div><\/div><\/div><div class=\"x-text e1235-15 myb-1k myb-1l myb-1m\">Des id\u00e9es de nouveaux modules naissent de discussions passionnantes avec des musiciens : ils ont des besoins sp\u00e9cifiques et c'est ainsi que des collaborations d\u00e9marrent la plupart du temps. C'est souvent d\u00e8s les premi\u00e8res discussions qu'une esquisse du module est faite.<\/div><\/div><div class=\"x-col e1235-16 myb-v myb-w myb-10 myb-11\"><span class=\"x-image e1235-17 myb-1r myb-1s\"><img src=\"https:\/\/wavelicker.com\/wp-content\/uploads\/2020\/11\/ideation.png\" width=\"505\" height=\"440\" alt=\"Picking\" loading=\"lazy\"><\/span><\/div><\/div><\/div><div class=\"x-row x-container max width e1235-18 myb-6 myb-8 myb-9 myb-b myb-f myb-g myb-i myb-l myb-m\"><div class=\"x-row-inner\"><div class=\"x-col e1235-19 myb-v myb-w myb-12 myb-13\"><div class=\"x-text x-text-headline e1235-20 myb-16 myb-17 myb-18 myb-19 myb-1a myb-1b\"><div class=\"x-text-content\"><div class=\"x-text-content-text\"><h3 class=\"x-text-content-text-primary\">Design a circuit<\/h3><\/div><\/div><\/div><div class=\"x-text e1235-21 myb-1k myb-1l myb-1m\">Une fois le besoin d\u00e9fini, une premi\u00e8re \u00e9bauche de circuit est produite sous la forme d'un croquis.<\/div><\/div><div class=\"x-col e1235-22 myb-v myb-w myb-x myb-10\"><span class=\"x-image e1235-23 myb-1r myb-1s\"><img src=\"https:\/\/wavelicker.com\/wp-content\/uploads\/2020\/11\/draw_circuit.png\" width=\"505\" height=\"440\" alt=\"Design\" loading=\"lazy\"><\/span><\/div><\/div><\/div><div class=\"x-row x-container max width e1235-24 myb-6 myb-8 myb-9 myb-a myb-b myb-f myb-g myb-i myb-l\"><div class=\"x-row-inner\"><div class=\"x-col e1235-25 myb-v myb-w myb-12 myb-13\"><div class=\"x-text x-text-headline e1235-26 myb-16 myb-17 myb-18 myb-19 myb-1a myb-1b\"><div class=\"x-text-content\"><div class=\"x-text-content-text\"><h3 class=\"x-text-content-text-primary\">Prototypage<\/h3><\/div><\/div><\/div><div class=\"x-text e1235-27 myb-1k myb-1l myb-1m\">Il est maintenant temps de tester le circuit. En utilisant une plaque perfor\u00e9e appel\u00e9e breadboard et une quantit\u00e9 de petits c\u00e2bles color\u00e9s.<\/div><\/div><div class=\"x-col e1235-28 myb-v myb-w myb-10 myb-11\"><span class=\"x-image e1235-29 myb-1r myb-1s\"><img src=\"https:\/\/wavelicker.com\/wp-content\/uploads\/2020\/11\/breadboard.png\" width=\"505\" height=\"440\" alt=\"Crafting\" loading=\"lazy\"><\/span><\/div><\/div><\/div><div class=\"x-row x-container max width e1235-30 myb-6 myb-8 myb-9 myb-b myb-f myb-g myb-i myb-l myb-m\"><div class=\"x-row-inner\"><div class=\"x-col e1235-31 myb-v myb-w myb-12 myb-13\"><div class=\"x-text x-text-headline e1235-32 myb-16 myb-17 myb-18 myb-19 myb-1a myb-1b\"><div class=\"x-text-content\"><div class=\"x-text-content-text\"><h3 class=\"x-text-content-text-primary\">Sch\u00e9ma du circuit<\/h3><\/div><\/div><\/div><div class=\"x-text e1235-33 myb-1k myb-1l myb-1m\">Vient ensuite le dessin du sch\u00e9ma \u00e9lectronique de mani\u00e8re num\u00e9rique. Cette \u00e9tape permettra ensuite de r\u00e9aliser le circuit \u00e9lectronique et d'envoyer les plans \u00e0 une entreprise sp\u00e9cialis\u00e9e dans l'impression de circuits.<\/div><a class=\"x-image e1235-34 myb-1r myb-1t\" href=\"https:\/\/www.kicad.org\"><img src=\"https:\/\/wavelicker.com\/wp-content\/uploads\/2022\/01\/KiCad-Logo_square-1.svg\" width=\"136.76263\" height=\"136.76263\" alt=\"Image\" loading=\"lazy\"><\/a><div class=\"x-text e1235-35 myb-1k myb-1l myb-1m\">Les modules sont con\u00e7us \u00e0 l'aide de <a href=\"https:\/\/www.kicad.org\/\">KiCad<\/a>. Chaque ann\u00e9e, WaveLicker soutient le d\u00e9veloppement de cet indispensable logiciel gratuit en faisant un don.\n<\/div><\/div><div class=\"x-col e1235-36 myb-v myb-w myb-x myb-10\"><span class=\"x-image e1235-37 myb-1r myb-1s\"><img src=\"https:\/\/wavelicker.com\/wp-content\/uploads\/2020\/11\/kicad.png\" width=\"505\" height=\"440\" alt=\"Design\" loading=\"lazy\"><\/span><\/div><\/div><\/div><div class=\"x-row x-container max width e1235-38 myb-6 myb-8 myb-9 myb-a myb-b myb-f myb-g myb-i myb-l\"><div class=\"x-row-inner\"><div class=\"x-col e1235-39 myb-v myb-w myb-12 myb-13\"><div class=\"x-text x-text-headline e1235-40 myb-16 myb-17 myb-18 myb-19 myb-1a myb-1b\"><div class=\"x-text-content\"><div class=\"x-text-content-text\"><h3 class=\"x-text-content-text-primary\">Soudure<\/h3><\/div><\/div><\/div><div class=\"x-text e1235-41 myb-1k myb-1l myb-1m\">Enfin, les composants sont soud\u00e9s \u00e0 la plaque pour donner vie \u00e0 ce nouveau module. Il y a parfois des contretemps, mais c'est souvent l'occasion de boire une bonne bi\u00e8re locale.<\/div><\/div><div class=\"x-col e1235-42 myb-v myb-w myb-10 myb-11\"><span class=\"x-image e1235-43 myb-1r myb-1s\"><img src=\"https:\/\/wavelicker.com\/wp-content\/uploads\/2022\/01\/soldering.jpg\" width=\"505\" height=\"440\" alt=\"Crafting\" loading=\"lazy\"><\/span><\/div><\/div><\/div><\/div><div class=\"x-section e1235-44 myb-0 myb-3 myb-4\"><div class=\"x-row e1235-45 myb-6 myb-8 myb-9 myb-a myb-b myb-e myb-f myb-g myb-h myb-i myb-j myb-k myb-n\"><div class=\"x-row-inner\"><div class=\"x-col e1235-46 myb-v myb-w myb-13 myb-14\"><div class=\"x-bg\" aria-hidden=\"true\"><div class=\"x-bg-layer-lower-image\" data-x-element-bg-layer=\"{&quot;parallaxSize&quot;:&quot;110%&quot;,&quot;parallaxDir&quot;:&quot;h&quot;,&quot;parallaxRev&quot;:false}\" style=\" background-image: url(https:\/\/wavelicker.com\/wp-content\/uploads\/2020\/11\/space_components-scaled.jpg); background-repeat: no-repeat; background-position: center; background-size: cover;\"><\/div><\/div><hr class=\"x-line e1235-47 myb-1p myb-1q\"><\/hr><\/div><\/div><\/div><div class=\"x-row x-container max width e1235-48 myb-6 myb-7 myb-8 myb-a myb-b myb-e myb-f myb-i myb-j myb-k myb-o\"><div class=\"x-row-inner\"><div class=\"x-col e1235-49 myb-v myb-w myb-10\"><div class=\"x-text x-text-headline e1235-50 myb-18 myb-1b myb-1c myb-1e myb-1h\"><div class=\"x-text-content\"><div class=\"x-text-content-text\"><h2 class=\"x-text-content-text-primary\">\nCe qui rend les modules WaveLicker si cool \u2014<\/h2><\/div><\/div><\/div><\/div><\/div><\/div><div class=\"x-row x-container max width e1235-51 myb-6 myb-7 myb-9 myb-a myb-b myb-e myb-f myb-p myb-q\"><div class=\"x-row-inner\"><div class=\"x-col e1235-52 myb-v myb-w myb-10 myb-15\"><div class=\"x-text x-text-headline has-graphic e1235-53 myb-16 myb-17 myb-18 myb-19 myb-1a myb-1b myb-1i\"><div class=\"x-text-content\"><span class=\"x-graphic\" aria-hidden=\"true\"><i class=\"x-icon x-graphic-child x-graphic-icon x-graphic-primary\" aria-hidden=\"true\" data-x-icon-l=\"&#xf2db;\"><\/i><\/span><div class=\"x-text-content-text\"><h3 class=\"x-text-content-text-primary\">Construit \u00e0 la main<\/h3><\/div><\/div><\/div><div class=\"x-text e1235-54 myb-1j myb-1k myb-1n\">\nTous nos modules sont assembl\u00e9s \u00e0 la main en Suisse, dans le joli petit village d'Etoy.<\/div><\/div><div class=\"x-col e1235-55 myb-v myb-w myb-10 myb-15\"><div class=\"x-text x-text-headline has-graphic e1235-56 myb-16 myb-17 myb-18 myb-19 myb-1a myb-1b myb-1i\"><div class=\"x-text-content\"><span class=\"x-graphic\" aria-hidden=\"true\"><i class=\"x-icon x-graphic-child x-graphic-icon x-graphic-primary\" aria-hidden=\"true\" data-x-icon-l=\"&#xf4c3;\"><\/i><\/span><div class=\"x-text-content-text\"><h3 class=\"x-text-content-text-primary\">Fabriqu\u00e9 avec passion<\/h3><\/div><\/div><\/div><div class=\"x-text e1235-57 myb-1j myb-1k myb-1n\">\nChaque module est fabriqu\u00e9 avec amour, de la conception \u00e0 l'assemblage et enfin aux goodies choisis que vous trouverez dans la bo\u00eete.<\/div><\/div><div class=\"x-col e1235-58 myb-v myb-w myb-10 myb-15\"><div class=\"x-text x-text-headline has-graphic e1235-59 myb-16 myb-17 myb-18 myb-19 myb-1a myb-1b myb-1i\"><div class=\"x-text-content\"><span class=\"x-graphic\" aria-hidden=\"true\"><i class=\"x-icon x-graphic-child x-graphic-icon x-graphic-primary\" aria-hidden=\"true\" data-x-icon-l=\"&#xf8b0;\"><\/i><\/span><div class=\"x-text-content-text\"><h3 class=\"x-text-content-text-primary\">Taill\u00e9 sur mesure pour les musiciens<\/h3><\/div><\/div><\/div><div class=\"x-text e1235-60 myb-1j myb-1k myb-1n\">La plupart de nos modules sont issus de la collaboration avec des musiciens.<\/div><\/div><div class=\"x-col e1235-61 myb-v myb-w myb-10 myb-15\"><div class=\"x-text x-text-headline has-graphic e1235-62 myb-16 myb-17 myb-18 myb-19 myb-1a myb-1b myb-1i\"><div class=\"x-text-content\"><span class=\"x-graphic\" aria-hidden=\"true\"><i class=\"x-icon x-graphic-child x-graphic-icon x-graphic-primary\" aria-hidden=\"true\" data-x-icon-l=\"&#xf559;\"><\/i><\/span><div class=\"x-text-content-text\"><h3 class=\"x-text-content-text-primary\">Qualit\u00e9<\/h3><\/div><\/div><\/div><div class=\"x-text e1235-63 myb-1j myb-1k myb-1n\">Chaque module est test\u00e9 apr\u00e8s assemblage. La qualit\u00e9 est importante pour nous, donc si, malgr\u00e9 tous nos efforts, il devait y avoir un probl\u00e8me, nous serons l\u00e0 pour vous.<\/div><\/div><div class=\"x-col e1235-64 myb-v myb-w myb-10 myb-15\"><div class=\"x-text x-text-headline has-graphic e1235-65 myb-16 myb-17 myb-18 myb-19 myb-1a myb-1b myb-1i\"><div class=\"x-text-content\"><span class=\"x-graphic\" aria-hidden=\"true\"><i class=\"x-icon x-graphic-child x-graphic-icon x-graphic-primary\" aria-hidden=\"true\" data-x-icon-l=\"&#xf8eb;\"><\/i><\/span><div class=\"x-text-content-text\"><h3 class=\"x-text-content-text-primary\">Ergonomie<\/h3><\/div><\/div><\/div><div class=\"x-text e1235-66 myb-1j myb-1k myb-1n\">\nNous recherchons le meilleur compromis entre la taille du module et l'ergonomie pour les musiciens.<\/div><\/div><div class=\"x-col e1235-67 myb-v myb-w myb-10 myb-15\"><div class=\"x-text x-text-headline has-graphic e1235-68 myb-16 myb-17 myb-18 myb-19 myb-1a myb-1b myb-1i\"><div class=\"x-text-content\"><span class=\"x-graphic\" aria-hidden=\"true\"><i class=\"x-icon x-graphic-child x-graphic-icon x-graphic-primary\" aria-hidden=\"true\" data-x-icon-l=\"&#xf2e8;\"><\/i><\/span><div class=\"x-text-content-text\"><h3 class=\"x-text-content-text-primary\">Abordable<\/h3><\/div><\/div><\/div><div class=\"x-text e1235-69 myb-1j myb-1k myb-1n\">Nous ne sommes pas int\u00e9ress\u00e9s \u00e0 faire des affaires sur le dos de musiciens passionn\u00e9s. Les prix de nos modules doivent rester abordables.<\/div><\/div><\/div><\/div><\/div><div class=\"x-section e1235-70 myb-0 myb-4 myb-5\"><div class=\"x-row x-container max width e1235-71 myb-6 myb-7 myb-8 myb-9 myb-a myb-b myb-e myb-f myb-g myb-h myb-i myb-j myb-k myb-r\"><div class=\"x-row-inner\"><div class=\"x-col e1235-72 myb-v myb-w myb-10\"><div class=\"x-text x-text-headline e1235-73 myb-18 myb-19 myb-1a myb-1c myb-1d\"><div class=\"x-text-content\"><div class=\"x-text-content-text\"><h2 class=\"x-text-content-text-primary\">Featured In<\/h2><\/div><\/div><\/div><\/div><\/div><\/div><div class=\"x-row x-container max width e1235-74 myb-6 myb-9 myb-a myb-c myb-e myb-h myb-j myb-p myb-r myb-s\"><div class=\"x-row-inner\"><div class=\"x-col e1235-75 myb-t myb-v myb-w myb-y myb-10\"><a class=\"x-image e1235-76 myb-1r myb-1s\" href=\"http:\/\/www.node-rdv.ch\/\" target=\"_blank\"><img src=\"https:\/\/wavelicker.com\/wp-content\/uploads\/2020\/11\/NODE-black_600.svg\" width=\"300\" height=\"52\" alt=\"N\/O\/D\/E\" loading=\"lazy\"><\/a><\/div><div class=\"x-col e1235-77 myb-t myb-v myb-w myb-y myb-10\"><a class=\"x-image e1235-78 myb-1r myb-1s\" href=\"http:\/\/www.synthfestfrance.com\" target=\"_blank\"><img src=\"https:\/\/wavelicker.com\/wp-content\/uploads\/2020\/11\/synthfest.svg\" width=\"200\" height=\"200\" alt=\"Synthfest France\" loading=\"lazy\"><\/a><\/div><div class=\"x-col e1235-79 myb-t myb-v myb-w myb-y myb-10\"><a class=\"x-image e1235-80 myb-1r myb-1s\" href=\"https:\/\/www.soundmit.com\/\" target=\"_blank\"><img src=\"https:\/\/wavelicker.com\/wp-content\/uploads\/2020\/11\/SOUNDMIT_logo_orizz.svg\" width=\"300\" height=\"94.5\" alt=\"SoundMit\" loading=\"lazy\"><\/a><\/div><div class=\"x-col e1235-81 myb-t myb-v myb-w myb-y myb-10\"><a class=\"x-image e1235-82 myb-1r myb-1s\" href=\"http:\/\/www.bjooks.com\"><img src=\"https:\/\/wavelicker.com\/wp-content\/uploads\/2020\/11\/bjooks.gif\" width=\"200\" height=\"112\" alt=\"https:\/\/bjooks.com\/\" loading=\"lazy\"><\/a><\/div><div class=\"x-col e1235-83 myb-t myb-v myb-w myb-y myb-10\"><a class=\"x-image e1235-84 myb-1r myb-1s\" href=\"https:\/\/www.kr-homestudio.fr\"><img src=\"https:\/\/wavelicker.com\/wp-content\/uploads\/2020\/11\/logo-krhomestudio-medium.jpg\" width=\"275.5\" height=\"197.5\" alt=\"KR Recording\" loading=\"lazy\"><\/a><\/div><\/div><\/div><\/div><\/div>","protected":false},"excerpt":{"rendered":"<p>We are here to find the right toolMost WaveLicker modules are the result of collaborations with musicians. It is an exciting challenge to be able to fulfill the wishes of &#8230; <\/p>\n<div><a href=\"https:\/\/wavelicker.com\/fr\/about\/\" class=\"more-link\">Read More<\/a><\/div>","protected":false},"author":67,"featured_media":0,"parent":0,"menu_order":0,"comment_status":"closed","ping_status":"closed","template":"template-blank-4.php","meta":[],"yoast_head":"<!-- This site is optimized with the Yoast SEO plugin v21.1 - https:\/\/yoast.com\/wordpress\/plugins\/seo\/ -->\n<title>About | WaveLicker<\/title>\n<meta name=\"robots\" content=\"index, follow, max-snippet:-1, max-image-preview:large, max-video-preview:-1\" \/>\n<link rel=\"canonical\" href=\"https:\/\/wavelicker.com\/fr\/about\/\" \/>\n<meta property=\"og:locale\" content=\"fr_FR\" \/>\n<meta property=\"og:type\" content=\"article\" \/>\n<meta property=\"og:title\" content=\"About | WaveLicker\" \/>\n<meta property=\"og:description\" content=\"We are here to find the right toolMost WaveLicker modules are the result of collaborations with musicians. It is an exciting challenge to be able to fulfill the wishes of ... Read More\" \/>\n<meta property=\"og:url\" content=\"https:\/\/wavelicker.com\/fr\/about\/\" \/>\n<meta property=\"og:site_name\" content=\"WaveLicker\" \/>\n<meta property=\"article:publisher\" content=\"http:\/\/www.facebook.com\/wavelicker\" \/>\n<meta property=\"article:modified_time\" content=\"2022-02-26T08:23:40+00:00\" \/>\n<meta name=\"twitter:card\" content=\"summary_large_image\" \/>\n<meta name=\"twitter:label1\" content=\"Dur\u00e9e de lecture estim\u00e9e\" \/>\n\t<meta name=\"twitter:data1\" content=\"6 minutes\" \/>\n<script type=\"application\/ld+json\" class=\"yoast-schema-graph\">{\"@context\":\"https:\/\/schema.org\",\"@graph\":[{\"@type\":\"WebPage\",\"@id\":\"https:\/\/wavelicker.com\/about\/\",\"url\":\"https:\/\/wavelicker.com\/about\/\",\"name\":\"About | WaveLicker\",\"isPartOf\":{\"@id\":\"https:\/\/wavelicker.com\/#website\"},\"datePublished\":\"2020-03-30T12:15:48+00:00\",\"dateModified\":\"2022-02-26T08:23:40+00:00\",\"breadcrumb\":{\"@id\":\"https:\/\/wavelicker.com\/about\/#breadcrumb\"},\"inLanguage\":\"fr-FR\",\"potentialAction\":[{\"@type\":\"ReadAction\",\"target\":[\"https:\/\/wavelicker.com\/about\/\"]}]},{\"@type\":\"BreadcrumbList\",\"@id\":\"https:\/\/wavelicker.com\/about\/#breadcrumb\",\"itemListElement\":[{\"@type\":\"ListItem\",\"position\":1,\"name\":\"Accueil\",\"item\":\"https:\/\/wavelicker.com\/\"},{\"@type\":\"ListItem\",\"position\":2,\"name\":\"About\"}]},{\"@type\":\"WebSite\",\"@id\":\"https:\/\/wavelicker.com\/#website\",\"url\":\"https:\/\/wavelicker.com\/\",\"name\":\"WaveLicker\",\"description\":\"Cr\u00e9ateur de synth\u00e9tiseurs modulaires\",\"publisher\":{\"@id\":\"https:\/\/wavelicker.com\/#organization\"},\"potentialAction\":[{\"@type\":\"SearchAction\",\"target\":{\"@type\":\"EntryPoint\",\"urlTemplate\":\"https:\/\/wavelicker.com\/?s={search_term_string}\"},\"query-input\":\"required name=search_term_string\"}],\"inLanguage\":\"fr-FR\"},{\"@type\":\"Organization\",\"@id\":\"https:\/\/wavelicker.com\/#organization\",\"name\":\"WaveLicker\",\"url\":\"https:\/\/wavelicker.com\/\",\"logo\":{\"@type\":\"ImageObject\",\"inLanguage\":\"fr-FR\",\"@id\":\"https:\/\/wavelicker.com\/#\/schema\/logo\/image\/\",\"url\":\"https:\/\/wavelicker.com\/wp-content\/uploads\/2017\/07\/cropped-logo_carre_545x545-1.png\",\"contentUrl\":\"https:\/\/wavelicker.com\/wp-content\/uploads\/2017\/07\/cropped-logo_carre_545x545-1.png\",\"width\":512,\"height\":512,\"caption\":\"WaveLicker\"},\"image\":{\"@id\":\"https:\/\/wavelicker.com\/#\/schema\/logo\/image\/\"},\"sameAs\":[\"http:\/\/www.facebook.com\/wavelicker\"]}]}<\/script>\n<!-- \/ Yoast SEO plugin. -->","yoast_head_json":{"title":"About | WaveLicker","robots":{"index":"index","follow":"follow","max-snippet":"max-snippet:-1","max-image-preview":"max-image-preview:large","max-video-preview":"max-video-preview:-1"},"canonical":"https:\/\/wavelicker.com\/fr\/about\/","og_locale":"fr_FR","og_type":"article","og_title":"About | WaveLicker","og_description":"We are here to find the right toolMost WaveLicker modules are the result of collaborations with musicians. It is an exciting challenge to be able to fulfill the wishes of ... Read More","og_url":"https:\/\/wavelicker.com\/fr\/about\/","og_site_name":"WaveLicker","article_publisher":"http:\/\/www.facebook.com\/wavelicker","article_modified_time":"2022-02-26T08:23:40+00:00","twitter_card":"summary_large_image","twitter_misc":{"Dur\u00e9e de lecture estim\u00e9e":"6 minutes"},"schema":{"@context":"https:\/\/schema.org","@graph":[{"@type":"WebPage","@id":"https:\/\/wavelicker.com\/about\/","url":"https:\/\/wavelicker.com\/about\/","name":"About | WaveLicker","isPartOf":{"@id":"https:\/\/wavelicker.com\/#website"},"datePublished":"2020-03-30T12:15:48+00:00","dateModified":"2022-02-26T08:23:40+00:00","breadcrumb":{"@id":"https:\/\/wavelicker.com\/about\/#breadcrumb"},"inLanguage":"fr-FR","potentialAction":[{"@type":"ReadAction","target":["https:\/\/wavelicker.com\/about\/"]}]},{"@type":"BreadcrumbList","@id":"https:\/\/wavelicker.com\/about\/#breadcrumb","itemListElement":[{"@type":"ListItem","position":1,"name":"Accueil","item":"https:\/\/wavelicker.com\/"},{"@type":"ListItem","position":2,"name":"About"}]},{"@type":"WebSite","@id":"https:\/\/wavelicker.com\/#website","url":"https:\/\/wavelicker.com\/","name":"WaveLicker","description":"Cr\u00e9ateur de synth\u00e9tiseurs modulaires","publisher":{"@id":"https:\/\/wavelicker.com\/#organization"},"potentialAction":[{"@type":"SearchAction","target":{"@type":"EntryPoint","urlTemplate":"https:\/\/wavelicker.com\/?s={search_term_string}"},"query-input":"required name=search_term_string"}],"inLanguage":"fr-FR"},{"@type":"Organization","@id":"https:\/\/wavelicker.com\/#organization","name":"WaveLicker","url":"https:\/\/wavelicker.com\/","logo":{"@type":"ImageObject","inLanguage":"fr-FR","@id":"https:\/\/wavelicker.com\/#\/schema\/logo\/image\/","url":"https:\/\/wavelicker.com\/wp-content\/uploads\/2017\/07\/cropped-logo_carre_545x545-1.png","contentUrl":"https:\/\/wavelicker.com\/wp-content\/uploads\/2017\/07\/cropped-logo_carre_545x545-1.png","width":512,"height":512,"caption":"WaveLicker"},"image":{"@id":"https:\/\/wavelicker.com\/#\/schema\/logo\/image\/"},"sameAs":["http:\/\/www.facebook.com\/wavelicker"]}]}},"_links":{"self":[{"href":"https:\/\/wavelicker.com\/fr\/wp-json\/wp\/v2\/pages\/1235"}],"collection":[{"href":"https:\/\/wavelicker.com\/fr\/wp-json\/wp\/v2\/pages"}],"about":[{"href":"https:\/\/wavelicker.com\/fr\/wp-json\/wp\/v2\/types\/page"}],"author":[{"embeddable":true,"href":"https:\/\/wavelicker.com\/fr\/wp-json\/wp\/v2\/users\/67"}],"replies":[{"embeddable":true,"href":"https:\/\/wavelicker.com\/fr\/wp-json\/wp\/v2\/comments?post=1235"}],"version-history":[{"count":38,"href":"https:\/\/wavelicker.com\/fr\/wp-json\/wp\/v2\/pages\/1235\/revisions"}],"predecessor-version":[{"id":1858,"href":"https:\/\/wavelicker.com\/fr\/wp-json\/wp\/v2\/pages\/1235\/revisions\/1858"}],"wp:attachment":[{"href":"https:\/\/wavelicker.com\/fr\/wp-json\/wp\/v2\/media?parent=1235"}],"curies":[{"name":"wp","href":"https:\/\/api.w.org\/{rel}","templated":true}]}}