{"id":1234,"date":"2020-03-30T14:16:37","date_gmt":"2020-03-30T12:16:37","guid":{"rendered":"https:\/\/wavelicker.com\/contact-3\/"},"modified":"2024-01-15T20:17:01","modified_gmt":"2024-01-15T18:17:01","slug":"contact","status":"publish","type":"page","link":"https:\/\/wavelicker.com\/fr\/contact\/","title":{"rendered":"Contact"},"content":{"rendered":"<div id=\"cs-content\" class=\"cs-content\"><div class=\"x-section e1234-1 mya-0 mya-1\"><div class=\"x-row x-container max width e1234-2 mya-3 mya-4 mya-5\"><div class=\"x-row-inner\"><div class=\"x-col e1234-3 mya-9 mya-a mya-b\"><div class=\"x-text x-text-headline e1234-4 mya-f mya-g\"><div class=\"x-text-content\"><div class=\"x-text-content-text\"><h1 class=\"x-text-content-text-primary\">N'h\u00e9sitez pas \u00e0 nous contacter pour toute question. Nous sommes l\u00e0 pour vous aider.<\/h1><\/div><\/div><\/div><div class=\"x-row e1234-5 mya-3 mya-6 mya-7\"><div class=\"x-row-inner\"><div class=\"x-col e1234-6 mya-b mya-c\"><div class=\"x-text x-text-headline e1234-7 mya-g mya-h mya-i\"><div class=\"x-text-content\"><div class=\"x-text-content-text\"><h2 class=\"x-text-content-text-primary\">Lausanne - Swizerland<\/h2><span class=\"x-text-content-text-subheadline\">Rue Beau-S&eacute;jour 8D<br \/>CH-1003 Lausanne<\/span><\/div><\/div><\/div><\/div><\/div><\/div><\/div><div class=\"x-col e1234-8 mya-9 mya-b mya-c mya-d\"><div class=\"x-bg\" aria-hidden=\"true\"><div class=\"x-bg-layer-lower-image\" data-x-element-bg-layer=\"{&quot;parallaxSize&quot;:&quot;150%&quot;,&quot;parallaxDir&quot;:&quot;v&quot;,&quot;parallaxRev&quot;:false}\" style=\" background-image: url(https:\/\/wavelicker.com\/wp-content\/uploads\/2020\/11\/contact_mug.jpg); background-repeat: no-repeat; background-position: center; background-size: cover;\"><\/div><div class=\"x-bg-layer-upper-color\" style=\" background-color: rgba(255, 255, 255, 0);\"><\/div><\/div><hr class=\"x-line e1234-9 mya-j\"><\/hr><\/div><\/div><\/div><\/div><div class=\"x-section e1234-10 mya-0 mya-2\"><div class=\"x-row x-container max width e1234-11 mya-3 mya-4 mya-7 mya-8\"><div class=\"x-row-inner\"><div class=\"x-col e1234-12 mya-b mya-c mya-e\"><div class=\"x-text x-text-headline e1234-13 mya-g mya-h\"><div class=\"x-text-content\"><div class=\"x-text-content-text\"><h2 class=\"x-text-content-text-primary\">General<\/h2><\/div><\/div><\/div><a class=\"x-anchor x-anchor-button e1234-14 mya-k\" tabindex=\"0\" href=\"mailto:info@wavelicker.com\"><div class=\"x-anchor-content\"><div class=\"x-anchor-text\"><span class=\"x-anchor-text-primary\">info@wavelicker.com<\/span><\/div><\/div><\/a><\/div><\/div><\/div><\/div><\/div>","protected":false},"excerpt":{"rendered":"<p>Reach out with any questions. We are here to help.Lausanne &#8211; SwizerlandRue Beau-S&eacute;jour 8DCH-1003 LausanneGeneralinfo@wavelicker.com<\/p>","protected":false},"author":67,"featured_media":0,"parent":0,"menu_order":0,"comment_status":"closed","ping_status":"closed","template":"template-blank-4.php","meta":[],"yoast_head":"<!-- This site is optimized with the Yoast SEO plugin v21.1 - https:\/\/yoast.com\/wordpress\/plugins\/seo\/ -->\n<title>Contact | WaveLicker<\/title>\n<meta name=\"robots\" content=\"index, follow, max-snippet:-1, max-image-preview:large, max-video-preview:-1\" \/>\n<link rel=\"canonical\" href=\"https:\/\/wavelicker.com\/fr\/contact\/\" \/>\n<meta property=\"og:locale\" content=\"fr_FR\" \/>\n<meta property=\"og:type\" content=\"article\" \/>\n<meta property=\"og:title\" content=\"Contact | WaveLicker\" \/>\n<meta property=\"og:description\" content=\"Reach out with any questions. We are here to help.Lausanne - SwizerlandRue Beau-S&eacute;jour 8DCH-1003 LausanneGeneralinfo@wavelicker.com\" \/>\n<meta property=\"og:url\" content=\"https:\/\/wavelicker.com\/fr\/contact\/\" \/>\n<meta property=\"og:site_name\" content=\"WaveLicker\" \/>\n<meta property=\"article:publisher\" content=\"http:\/\/www.facebook.com\/wavelicker\" \/>\n<meta property=\"article:modified_time\" content=\"2024-01-15T18:17:01+00:00\" \/>\n<meta name=\"twitter:card\" content=\"summary_large_image\" \/>\n<meta name=\"twitter:label1\" content=\"Dur\u00e9e de lecture estim\u00e9e\" \/>\n\t<meta name=\"twitter:data1\" content=\"1 minute\" \/>\n<script type=\"application\/ld+json\" class=\"yoast-schema-graph\">{\"@context\":\"https:\/\/schema.org\",\"@graph\":[{\"@type\":\"WebPage\",\"@id\":\"https:\/\/wavelicker.com\/contact\/\",\"url\":\"https:\/\/wavelicker.com\/contact\/\",\"name\":\"Contact | WaveLicker\",\"isPartOf\":{\"@id\":\"https:\/\/wavelicker.com\/#website\"},\"datePublished\":\"2020-03-30T12:16:37+00:00\",\"dateModified\":\"2024-01-15T18:17:01+00:00\",\"breadcrumb\":{\"@id\":\"https:\/\/wavelicker.com\/contact\/#breadcrumb\"},\"inLanguage\":\"fr-FR\",\"potentialAction\":[{\"@type\":\"ReadAction\",\"target\":[\"https:\/\/wavelicker.com\/contact\/\"]}]},{\"@type\":\"BreadcrumbList\",\"@id\":\"https:\/\/wavelicker.com\/contact\/#breadcrumb\",\"itemListElement\":[{\"@type\":\"ListItem\",\"position\":1,\"name\":\"Accueil\",\"item\":\"https:\/\/wavelicker.com\/\"},{\"@type\":\"ListItem\",\"position\":2,\"name\":\"Contact\"}]},{\"@type\":\"WebSite\",\"@id\":\"https:\/\/wavelicker.com\/#website\",\"url\":\"https:\/\/wavelicker.com\/\",\"name\":\"WaveLicker\",\"description\":\"Cr\u00e9ateur de synth\u00e9tiseurs modulaires\",\"publisher\":{\"@id\":\"https:\/\/wavelicker.com\/#organization\"},\"potentialAction\":[{\"@type\":\"SearchAction\",\"target\":{\"@type\":\"EntryPoint\",\"urlTemplate\":\"https:\/\/wavelicker.com\/?s={search_term_string}\"},\"query-input\":\"required name=search_term_string\"}],\"inLanguage\":\"fr-FR\"},{\"@type\":\"Organization\",\"@id\":\"https:\/\/wavelicker.com\/#organization\",\"name\":\"WaveLicker\",\"url\":\"https:\/\/wavelicker.com\/\",\"logo\":{\"@type\":\"ImageObject\",\"inLanguage\":\"fr-FR\",\"@id\":\"https:\/\/wavelicker.com\/#\/schema\/logo\/image\/\",\"url\":\"https:\/\/wavelicker.com\/wp-content\/uploads\/2017\/07\/cropped-logo_carre_545x545-1.png\",\"contentUrl\":\"https:\/\/wavelicker.com\/wp-content\/uploads\/2017\/07\/cropped-logo_carre_545x545-1.png\",\"width\":512,\"height\":512,\"caption\":\"WaveLicker\"},\"image\":{\"@id\":\"https:\/\/wavelicker.com\/#\/schema\/logo\/image\/\"},\"sameAs\":[\"http:\/\/www.facebook.com\/wavelicker\"]}]}<\/script>\n<!-- \/ Yoast SEO plugin. -->","yoast_head_json":{"title":"Contact | WaveLicker","robots":{"index":"index","follow":"follow","max-snippet":"max-snippet:-1","max-image-preview":"max-image-preview:large","max-video-preview":"max-video-preview:-1"},"canonical":"https:\/\/wavelicker.com\/fr\/contact\/","og_locale":"fr_FR","og_type":"article","og_title":"Contact | WaveLicker","og_description":"Reach out with any questions. We are here to help.Lausanne - SwizerlandRue Beau-S&eacute;jour 8DCH-1003 LausanneGeneralinfo@wavelicker.com","og_url":"https:\/\/wavelicker.com\/fr\/contact\/","og_site_name":"WaveLicker","article_publisher":"http:\/\/www.facebook.com\/wavelicker","article_modified_time":"2024-01-15T18:17:01+00:00","twitter_card":"summary_large_image","twitter_misc":{"Dur\u00e9e de lecture estim\u00e9e":"1 minute"},"schema":{"@context":"https:\/\/schema.org","@graph":[{"@type":"WebPage","@id":"https:\/\/wavelicker.com\/contact\/","url":"https:\/\/wavelicker.com\/contact\/","name":"Contact | WaveLicker","isPartOf":{"@id":"https:\/\/wavelicker.com\/#website"},"datePublished":"2020-03-30T12:16:37+00:00","dateModified":"2024-01-15T18:17:01+00:00","breadcrumb":{"@id":"https:\/\/wavelicker.com\/contact\/#breadcrumb"},"inLanguage":"fr-FR","potentialAction":[{"@type":"ReadAction","target":["https:\/\/wavelicker.com\/contact\/"]}]},{"@type":"BreadcrumbList","@id":"https:\/\/wavelicker.com\/contact\/#breadcrumb","itemListElement":[{"@type":"ListItem","position":1,"name":"Accueil","item":"https:\/\/wavelicker.com\/"},{"@type":"ListItem","position":2,"name":"Contact"}]},{"@type":"WebSite","@id":"https:\/\/wavelicker.com\/#website","url":"https:\/\/wavelicker.com\/","name":"WaveLicker","description":"Cr\u00e9ateur de synth\u00e9tiseurs modulaires","publisher":{"@id":"https:\/\/wavelicker.com\/#organization"},"potentialAction":[{"@type":"SearchAction","target":{"@type":"EntryPoint","urlTemplate":"https:\/\/wavelicker.com\/?s={search_term_string}"},"query-input":"required name=search_term_string"}],"inLanguage":"fr-FR"},{"@type":"Organization","@id":"https:\/\/wavelicker.com\/#organization","name":"WaveLicker","url":"https:\/\/wavelicker.com\/","logo":{"@type":"ImageObject","inLanguage":"fr-FR","@id":"https:\/\/wavelicker.com\/#\/schema\/logo\/image\/","url":"https:\/\/wavelicker.com\/wp-content\/uploads\/2017\/07\/cropped-logo_carre_545x545-1.png","contentUrl":"https:\/\/wavelicker.com\/wp-content\/uploads\/2017\/07\/cropped-logo_carre_545x545-1.png","width":512,"height":512,"caption":"WaveLicker"},"image":{"@id":"https:\/\/wavelicker.com\/#\/schema\/logo\/image\/"},"sameAs":["http:\/\/www.facebook.com\/wavelicker"]}]}},"_links":{"self":[{"href":"https:\/\/wavelicker.com\/fr\/wp-json\/wp\/v2\/pages\/1234"}],"collection":[{"href":"https:\/\/wavelicker.com\/fr\/wp-json\/wp\/v2\/pages"}],"about":[{"href":"https:\/\/wavelicker.com\/fr\/wp-json\/wp\/v2\/types\/page"}],"author":[{"embeddable":true,"href":"https:\/\/wavelicker.com\/fr\/wp-json\/wp\/v2\/users\/67"}],"replies":[{"embeddable":true,"href":"https:\/\/wavelicker.com\/fr\/wp-json\/wp\/v2\/comments?post=1234"}],"version-history":[{"count":6,"href":"https:\/\/wavelicker.com\/fr\/wp-json\/wp\/v2\/pages\/1234\/revisions"}],"predecessor-version":[{"id":1989,"href":"https:\/\/wavelicker.com\/fr\/wp-json\/wp\/v2\/pages\/1234\/revisions\/1989"}],"wp:attachment":[{"href":"https:\/\/wavelicker.com\/fr\/wp-json\/wp\/v2\/media?parent=1234"}],"curies":[{"name":"wp","href":"https:\/\/api.w.org\/{rel}","templated":true}]}}